{"id":757917,"date":"2025-08-28T07:49:26","date_gmt":"2025-08-28T04:49:26","guid":{"rendered":"https:\/\/roveyayinevi.com.tr\/index.php\/urun\/denemeler-cep-boy\/"},"modified":"2026-04-16T03:10:51","modified_gmt":"2026-04-16T00:10:51","slug":"denemeler-cep-boy","status":"publish","type":"product","link":"https:\/\/roveyayinevi.com.tr\/index.php\/urun\/denemeler-cep-boy\/","title":{"rendered":"Denemeler ( CEP BOY)"},"content":{"rendered":"<p>Kendimde de\u011fer verdi\u011fim tek \u015fey, hi\u00e7 kimsenin kendinde eksik g\u00f6rmedi\u011fi bir g\u00fc\u00e7t\u00fcr. Akl\u0131m\u0131 be\u011fenerek her insan\u0131n, her g\u00fcn yapt\u0131\u011f\u0131 \u015feyi yapm\u0131\u015f oluyorum. Kim kendini ak\u0131ls\u0131z sayar ki? B\u00f6yle bir \u015fey mant\u0131k a\u00e7\u0131s\u0131ndan da m\u00fcmk\u00fcn de\u011fildir. \u00d6yle bir sakatl\u0131k ki bu, onu kendinde g\u00f6ren, kendini de g\u00f6rm\u00fcyor demektir. \u00d6yle bir illet ki bu, devas\u0131 yoktur; ama hasta g\u00f6z\u00fc kendine \u00e7evirip de bu illeti g\u00f6rd\u00fc m\u00fc illet da\u011f\u0131l\u0131verir; g\u00fcne\u015fin sisleri da\u011f\u0131tmas\u0131 gibi.<\/p>\n","protected":false},"excerpt":{"rendered":"<p>Kendimde de\u011fer verdi\u011fim tek \u015fey, hi\u00e7 kimsenin kendinde eksik g\u00f6rmedi\u011fi bir g\u00fc\u00e7t\u00fcr. Akl\u0131m\u0131 be\u011fenerek her insan\u0131n, her g\u00fcn yapt\u0131\u011f\u0131 \u015feyi yapm\u0131\u015f oluyorum. Kim kendini ak\u0131ls\u0131z sayar<span class=\"excerpt-hellip\"> [\u2026]<\/span><\/p>\n","protected":false},"featured_media":0,"template":"","meta":{"_monsterinsights_skip_tracking":false,"_monsterinsights_sitenote_active":false,"_monsterinsights_sitenote_note":"","_monsterinsights_sitenote_category":0},"product_brand":[],"product_cat":[27157,12291],"product_tag":[],"class_list":{"0":"post-757917","1":"product","2":"type-product","3":"status-publish","5":"product_cat-derleme","6":"product_cat-edebiyat","7":"pa_cilt-ciltsiz","8":"pa_tur-kitap","9":"pa_yayinevi-dekalog-yayinlari","10":"pa_yazar-michel-de-montaigne","12":"first","13":"instock","14":"sale","15":"shipping-taxable","16":"purchasable","17":"product-type-simple"},"_links":{"self":[{"href":"https:\/\/roveyayinevi.com.tr\/index.php\/wp-json\/wp\/v2\/product\/757917","targetHints":{"allow":["GET"]}}],"collection":[{"href":"https:\/\/roveyayinevi.com.tr\/index.php\/wp-json\/wp\/v2\/product"}],"about":[{"href":"https:\/\/roveyayinevi.com.tr\/index.php\/wp-json\/wp\/v2\/types\/product"}],"wp:attachment":[{"href":"https:\/\/roveyayinevi.com.tr\/index.php\/wp-json\/wp\/v2\/media?parent=757917"}],"wp:term":[{"taxonomy":"product_brand","embeddable":true,"href":"https:\/\/roveyayinevi.com.tr\/index.php\/wp-json\/wp\/v2\/product_brand?post=757917"},{"taxonomy":"product_cat","embeddable":true,"href":"https:\/\/roveyayinevi.com.tr\/index.php\/wp-json\/wp\/v2\/product_cat?post=757917"},{"taxonomy":"product_tag","embeddable":true,"href":"https:\/\/roveyayinevi.com.tr\/index.php\/wp-json\/wp\/v2\/product_tag?post=757917"}],"curies":[{"name":"wp","href":"https:\/\/api.w.org\/{rel}","templated":true}]}}