{"id":757915,"date":"2025-08-28T07:49:22","date_gmt":"2025-08-28T04:49:22","guid":{"rendered":"https:\/\/roveyayinevi.com.tr\/index.php\/urun\/demir-okce-cep-boy\/"},"modified":"2026-04-08T03:19:06","modified_gmt":"2026-04-08T00:19:06","slug":"demir-okce-cep-boy","status":"publish","type":"product","link":"https:\/\/roveyayinevi.com.tr\/index.php\/urun\/demir-okce-cep-boy\/","title":{"rendered":"Demir \u00d6k\u00e7e (CEP BOY)"},"content":{"rendered":"<p>Yumu\u015fak yaz esintisi sekoyalar\u0131n aras\u0131ndan ge\u00e7erken h\u0131\u015f\u0131rt\u0131lar \u00e7\u0131kar\u0131r ve Yabani- Su deresi yosunlu ta\u015flar\u0131n \u00fczerinde tatl\u0131 kadanslar\u0131 dalgaland\u0131r\u0131r. G\u00fcne\u015f \u0131\u015f\u0131\u011f\u0131nda kelebekler var ve her yerden ar\u0131lar\u0131n uykulu u\u011fultusu duyuluyor. \u00c7ok sessiz ve huzurlu, burada oturuyorum ve d\u00fc\u015f\u00fcn\u00fcyorum, ama ayn\u0131 zamanda huzursuzum. Beni huzursuz eden, bu sessizlik.<\/p>\n","protected":false},"excerpt":{"rendered":"<p>Yumu\u015fak yaz esintisi sekoyalar\u0131n aras\u0131ndan ge\u00e7erken h\u0131\u015f\u0131rt\u0131lar \u00e7\u0131kar\u0131r ve Yabani- Su deresi yosunlu ta\u015flar\u0131n \u00fczerinde tatl\u0131 kadanslar\u0131 dalgaland\u0131r\u0131r. G\u00fcne\u015f \u0131\u015f\u0131\u011f\u0131nda kelebekler var ve her yerden ar\u0131lar\u0131n<span class=\"excerpt-hellip\"> [\u2026]<\/span><\/p>\n","protected":false},"featured_media":0,"template":"","meta":{"_monsterinsights_skip_tracking":false,"_monsterinsights_sitenote_active":false,"_monsterinsights_sitenote_note":"","_monsterinsights_sitenote_category":0},"product_brand":[],"product_cat":[12291,12711],"product_tag":[],"class_list":{"0":"post-757915","1":"product","2":"type-product","3":"status-publish","5":"product_cat-edebiyat","6":"product_cat-roman-oyku","7":"pa_cilt-ciltsiz","8":"pa_tur-kitap","9":"pa_yayinevi-dekalog-yayinlari","10":"pa_yazar-jack-london","12":"first","13":"instock","14":"sale","15":"shipping-taxable","16":"purchasable","17":"product-type-simple"},"_links":{"self":[{"href":"https:\/\/roveyayinevi.com.tr\/index.php\/wp-json\/wp\/v2\/product\/757915","targetHints":{"allow":["GET"]}}],"collection":[{"href":"https:\/\/roveyayinevi.com.tr\/index.php\/wp-json\/wp\/v2\/product"}],"about":[{"href":"https:\/\/roveyayinevi.com.tr\/index.php\/wp-json\/wp\/v2\/types\/product"}],"wp:attachment":[{"href":"https:\/\/roveyayinevi.com.tr\/index.php\/wp-json\/wp\/v2\/media?parent=757915"}],"wp:term":[{"taxonomy":"product_brand","embeddable":true,"href":"https:\/\/roveyayinevi.com.tr\/index.php\/wp-json\/wp\/v2\/product_brand?post=757915"},{"taxonomy":"product_cat","embeddable":true,"href":"https:\/\/roveyayinevi.com.tr\/index.php\/wp-json\/wp\/v2\/product_cat?post=757915"},{"taxonomy":"product_tag","embeddable":true,"href":"https:\/\/roveyayinevi.com.tr\/index.php\/wp-json\/wp\/v2\/product_tag?post=757915"}],"curies":[{"name":"wp","href":"https:\/\/api.w.org\/{rel}","templated":true}]}}