{"id":757913,"date":"2025-08-28T07:49:18","date_gmt":"2025-08-28T04:49:18","guid":{"rendered":"https:\/\/roveyayinevi.com.tr\/index.php\/urun\/degirmen-cep-boy\/"},"modified":"2026-04-08T03:19:05","modified_gmt":"2026-04-08T00:19:05","slug":"degirmen-cep-boy","status":"publish","type":"product","link":"https:\/\/roveyayinevi.com.tr\/index.php\/urun\/degirmen-cep-boy\/","title":{"rendered":"De\u011firmen (CEP BOY)"},"content":{"rendered":"<p>Hi\u00e7 sen bir su de\u011firmeninin i\u00e7ini dola\u015ft\u0131n m\u0131 ada\u015f\u0131m?..G\u00f6r\u00fclecek \u015feydir o&#8230; Yamulmu\u015f duvarlar, tavana yak\u0131n ufac\u0131k pencereler ve kal\u0131n kalaslar\u0131n \u00fcst\u00fcnde simsiyah bir \u00e7at\u0131&#8230; Sonra bir s\u00fcr\u00fc \u00e7arklar, kocaman ta\u015flar, miller, s\u0131\u00e7raya s\u0131\u00e7raya d\u00f6nen tozlu kay\u0131\u015flar&#8230; Ve bir k\u00f6\u015fede birbiri \u00fcst\u00fcne y\u0131\u011f\u0131lm\u0131\u015f bu\u011fday, m\u0131s\u0131r, \u00e7avdar, her \u00e7e\u015fitten ekin \u00e7uvallar\u0131.<\/p>\n","protected":false},"excerpt":{"rendered":"<p>Hi\u00e7 sen bir su de\u011firmeninin i\u00e7ini dola\u015ft\u0131n m\u0131 ada\u015f\u0131m?..G\u00f6r\u00fclecek \u015feydir o&#8230; Yamulmu\u015f duvarlar, tavana yak\u0131n ufac\u0131k pencereler ve kal\u0131n kalaslar\u0131n \u00fcst\u00fcnde simsiyah bir \u00e7at\u0131&#8230; Sonra bir<span class=\"excerpt-hellip\"> [\u2026]<\/span><\/p>\n","protected":false},"featured_media":0,"template":"","meta":{"_monsterinsights_skip_tracking":false,"_monsterinsights_sitenote_active":false,"_monsterinsights_sitenote_note":"","_monsterinsights_sitenote_category":0},"product_brand":[],"product_cat":[12291,12711],"product_tag":[],"class_list":{"0":"post-757913","1":"product","2":"type-product","3":"status-publish","5":"product_cat-edebiyat","6":"product_cat-roman-oyku","7":"pa_cilt-ciltsiz","8":"pa_tur-kitap","9":"pa_yayinevi-dekalog-yayinlari","10":"pa_yazar-sabahattin-ali","12":"first","13":"instock","14":"sale","15":"shipping-taxable","16":"purchasable","17":"product-type-simple"},"_links":{"self":[{"href":"https:\/\/roveyayinevi.com.tr\/index.php\/wp-json\/wp\/v2\/product\/757913","targetHints":{"allow":["GET"]}}],"collection":[{"href":"https:\/\/roveyayinevi.com.tr\/index.php\/wp-json\/wp\/v2\/product"}],"about":[{"href":"https:\/\/roveyayinevi.com.tr\/index.php\/wp-json\/wp\/v2\/types\/product"}],"wp:attachment":[{"href":"https:\/\/roveyayinevi.com.tr\/index.php\/wp-json\/wp\/v2\/media?parent=757913"}],"wp:term":[{"taxonomy":"product_brand","embeddable":true,"href":"https:\/\/roveyayinevi.com.tr\/index.php\/wp-json\/wp\/v2\/product_brand?post=757913"},{"taxonomy":"product_cat","embeddable":true,"href":"https:\/\/roveyayinevi.com.tr\/index.php\/wp-json\/wp\/v2\/product_cat?post=757913"},{"taxonomy":"product_tag","embeddable":true,"href":"https:\/\/roveyayinevi.com.tr\/index.php\/wp-json\/wp\/v2\/product_tag?post=757913"}],"curies":[{"name":"wp","href":"https:\/\/api.w.org\/{rel}","templated":true}]}}