{"id":757911,"date":"2025-08-28T07:49:15","date_gmt":"2025-08-28T04:49:15","guid":{"rendered":"https:\/\/roveyayinevi.com.tr\/index.php\/urun\/dede-korkut-hikayeleri-cep-boy\/"},"modified":"2026-04-16T03:10:51","modified_gmt":"2026-04-16T00:10:51","slug":"dede-korkut-hikayeleri-cep-boy","status":"publish","type":"product","link":"https:\/\/roveyayinevi.com.tr\/index.php\/urun\/dede-korkut-hikayeleri-cep-boy\/","title":{"rendered":"Dede Korkut Hikayeleri (CEP BOY)"},"content":{"rendered":"<p>\u201cAllah demeyince i\u015fler yolunda gitmez. Kadir Tanr\u0131 vermeyince er zenginle\u015fmez. Ezelde yaz\u0131lmasa kul ba\u015f\u0131na kaza gelmez. Ecel vade ermeyince kimse \u00f6lmez. \u00d6len adan dirilmez, \u00e7\u0131kan can geri gelmez. Bir yi\u011fidin kara da\u011f gibi mal\u0131 olsa. Nasibinden fazlas\u0131n\u0131 yiyemez. \u00c7a\u011flay\u0131p sular ta\u015fsa deniz dolmaz. Kibir eyleyeni Tanr\u0131 sevmez.\u201d<\/p>\n","protected":false},"excerpt":{"rendered":"<p>\u201cAllah demeyince i\u015fler yolunda gitmez. Kadir Tanr\u0131 vermeyince er zenginle\u015fmez. Ezelde yaz\u0131lmasa kul ba\u015f\u0131na kaza gelmez. Ecel vade ermeyince kimse \u00f6lmez. \u00d6len adan dirilmez, \u00e7\u0131kan can<span class=\"excerpt-hellip\"> [\u2026]<\/span><\/p>\n","protected":false},"featured_media":0,"template":"","meta":{"_monsterinsights_skip_tracking":false,"_monsterinsights_sitenote_active":false,"_monsterinsights_sitenote_note":"","_monsterinsights_sitenote_category":0},"product_brand":[],"product_cat":[12291,18202],"product_tag":[],"class_list":{"0":"post-757911","1":"product","2":"type-product","3":"status-publish","5":"product_cat-edebiyat","6":"product_cat-hikaye","7":"pa_cilt-ciltsiz","8":"pa_tur-kitap","9":"pa_yayinevi-dekalog-yayinlari","10":"pa_yazar-korkut-ata","12":"first","13":"instock","14":"sale","15":"shipping-taxable","16":"purchasable","17":"product-type-simple"},"_links":{"self":[{"href":"https:\/\/roveyayinevi.com.tr\/index.php\/wp-json\/wp\/v2\/product\/757911","targetHints":{"allow":["GET"]}}],"collection":[{"href":"https:\/\/roveyayinevi.com.tr\/index.php\/wp-json\/wp\/v2\/product"}],"about":[{"href":"https:\/\/roveyayinevi.com.tr\/index.php\/wp-json\/wp\/v2\/types\/product"}],"wp:attachment":[{"href":"https:\/\/roveyayinevi.com.tr\/index.php\/wp-json\/wp\/v2\/media?parent=757911"}],"wp:term":[{"taxonomy":"product_brand","embeddable":true,"href":"https:\/\/roveyayinevi.com.tr\/index.php\/wp-json\/wp\/v2\/product_brand?post=757911"},{"taxonomy":"product_cat","embeddable":true,"href":"https:\/\/roveyayinevi.com.tr\/index.php\/wp-json\/wp\/v2\/product_cat?post=757911"},{"taxonomy":"product_tag","embeddable":true,"href":"https:\/\/roveyayinevi.com.tr\/index.php\/wp-json\/wp\/v2\/product_tag?post=757911"}],"curies":[{"name":"wp","href":"https:\/\/api.w.org\/{rel}","templated":true}]}}