{"id":757910,"date":"2025-08-28T07:49:13","date_gmt":"2025-08-28T04:49:13","guid":{"rendered":"https:\/\/roveyayinevi.com.tr\/index.php\/urun\/nietzsche-cep-boy\/"},"modified":"2026-04-16T03:10:51","modified_gmt":"2026-04-16T00:10:51","slug":"nietzsche-cep-boy","status":"publish","type":"product","link":"https:\/\/roveyayinevi.com.tr\/index.php\/urun\/nietzsche-cep-boy\/","title":{"rendered":"Nietzsche (CEP BOY)"},"content":{"rendered":"<p>Friedrich Nietzsche&#8217;nin hayat\u0131n\u0131n trajikli\u011fi, sahneye ba\u015fka hi\u00e7bir oyuncunun girmedi\u011fi, tek ki\u015filik bir g\u00f6steri, bir monodram olmas\u0131ndand\u0131. Bu oyunun perdeleri g\u00f6zlerimizin \u00f6n\u00fcnde \u00e7\u0131\u011f gibi \u00e7\u00f6kerken yaln\u0131z sava\u015f\u00e7\u0131, kaderin somurtkan g\u00f6ky\u00fcz\u00fcn\u00fcn alt\u0131nda tek ba\u015f\u0131na durur; yan\u0131nda imdad\u0131na yeti\u015fecek biri, atmosferin stresini her daim orada olan \u015fefkatiyle dindirecek bir kad\u0131n olmadan. Ya\u015fad\u0131\u011f\u0131 her \u015fey i\u00e7inde meydana gelir ve yank\u0131lar\u0131n\u0131 da sadece o hisseder. Ba\u015flang\u0131\u00e7ta, ki\u015fili\u011finin g\u00f6lgesinde s\u0131zan az say\u0131daki \u015fah\u0131slar onun kahramanca at\u0131l\u0131m\u0131na aptala d\u00f6nm\u00fc\u015f \u015fa\u015fk\u0131nl\u0131k ve korku dolu mimiklerle e\u015flik ediyor; bir s\u00fcre sonra s\u00fcz\u00fcl\u00fcrcesine uzakla\u015f\u0131yorlar ve bir tehlikeyle kar\u015f\u0131 kar\u015f\u0131yaym\u0131\u015f gibi korkup kay\u0131plara kar\u0131\u015f\u0131yorlar.<\/p>\n","protected":false},"excerpt":{"rendered":"<p>Friedrich Nietzsche&#8217;nin hayat\u0131n\u0131n trajikli\u011fi, sahneye ba\u015fka hi\u00e7bir oyuncunun girmedi\u011fi, tek ki\u015filik bir g\u00f6steri, bir monodram olmas\u0131ndand\u0131. Bu oyunun perdeleri g\u00f6zlerimizin \u00f6n\u00fcnde \u00e7\u0131\u011f gibi \u00e7\u00f6kerken yaln\u0131z sava\u015f\u00e7\u0131,<span class=\"excerpt-hellip\"> [\u2026]<\/span><\/p>\n","protected":false},"featured_media":0,"template":"","meta":{"_monsterinsights_skip_tracking":false,"_monsterinsights_sitenote_active":false,"_monsterinsights_sitenote_note":"","_monsterinsights_sitenote_category":0},"product_brand":[],"product_cat":[12777,12291],"product_tag":[],"class_list":{"0":"post-757910","1":"product","2":"type-product","3":"status-publish","5":"product_cat-deneme","6":"product_cat-edebiyat","7":"pa_cilt-ciltsiz","8":"pa_tur-kitap","9":"pa_yayinevi-dekalog-yayinlari","10":"pa_yazar-stefan-zweig","12":"first","13":"instock","14":"sale","15":"shipping-taxable","16":"purchasable","17":"product-type-simple"},"_links":{"self":[{"href":"https:\/\/roveyayinevi.com.tr\/index.php\/wp-json\/wp\/v2\/product\/757910","targetHints":{"allow":["GET"]}}],"collection":[{"href":"https:\/\/roveyayinevi.com.tr\/index.php\/wp-json\/wp\/v2\/product"}],"about":[{"href":"https:\/\/roveyayinevi.com.tr\/index.php\/wp-json\/wp\/v2\/types\/product"}],"wp:attachment":[{"href":"https:\/\/roveyayinevi.com.tr\/index.php\/wp-json\/wp\/v2\/media?parent=757910"}],"wp:term":[{"taxonomy":"product_brand","embeddable":true,"href":"https:\/\/roveyayinevi.com.tr\/index.php\/wp-json\/wp\/v2\/product_brand?post=757910"},{"taxonomy":"product_cat","embeddable":true,"href":"https:\/\/roveyayinevi.com.tr\/index.php\/wp-json\/wp\/v2\/product_cat?post=757910"},{"taxonomy":"product_tag","embeddable":true,"href":"https:\/\/roveyayinevi.com.tr\/index.php\/wp-json\/wp\/v2\/product_tag?post=757910"}],"curies":[{"name":"wp","href":"https:\/\/api.w.org\/{rel}","templated":true}]}}