{"id":757909,"date":"2025-08-28T07:49:11","date_gmt":"2025-08-28T04:49:11","guid":{"rendered":"https:\/\/roveyayinevi.com.tr\/index.php\/urun\/dava-cep-boy\/"},"modified":"2026-04-07T03:16:45","modified_gmt":"2026-04-07T00:16:45","slug":"dava-cep-boy","status":"publish","type":"product","link":"https:\/\/roveyayinevi.com.tr\/index.php\/urun\/dava-cep-boy\/","title":{"rendered":"Dava (CEP BOY)"},"content":{"rendered":"<p>Birileri Josef K. Hakk\u0131nda yalan s\u00f6ylemi\u015f olmal\u0131yd\u0131, yanl\u0131\u015f bir \u015fey yapmad\u0131\u011f\u0131n\u0131 biliyordu ancak bir sabah tutukland\u0131. Her g\u00fcn sabah saat sekizde, Bayan Grubach&#8217;\u0131n a\u015f\u00e7\u0131s\u0131 taraf\u0131ndan kahvalt\u0131s\u0131 getirilirdi -Bayan Grubach ev sahibesiydi- ama bug\u00fcn gelmedi. B\u00f6yle bir durum daha \u00f6nce hi\u00e7 olmam\u0131\u015ft\u0131. K. bir s\u00fcre bekledi, onu olduk\u00e7a tuhaf bir \u015fekilde izleyen kar\u015f\u0131s\u0131ndaki ya\u015fl\u0131 kad\u0131na, yast\u0131\u011f\u0131ndan bakt\u0131 ve sonunda hem a\u00e7 hem de endi\u015felenmi\u015f bir halde zili \u00e7ald\u0131. Kap\u0131 hemen a\u00e7\u0131ld\u0131 ve i\u00e7eri bir adam girdi.<\/p>\n","protected":false},"excerpt":{"rendered":"<p>Birileri Josef K. Hakk\u0131nda yalan s\u00f6ylemi\u015f olmal\u0131yd\u0131, yanl\u0131\u015f bir \u015fey yapmad\u0131\u011f\u0131n\u0131 biliyordu ancak bir sabah tutukland\u0131. Her g\u00fcn sabah saat sekizde, Bayan Grubach&#8217;\u0131n a\u015f\u00e7\u0131s\u0131 taraf\u0131ndan kahvalt\u0131s\u0131<span class=\"excerpt-hellip\"> [\u2026]<\/span><\/p>\n","protected":false},"featured_media":0,"template":"","meta":{"_monsterinsights_skip_tracking":false,"_monsterinsights_sitenote_active":false,"_monsterinsights_sitenote_note":"","_monsterinsights_sitenote_category":0},"product_brand":[],"product_cat":[12291,12711],"product_tag":[],"class_list":{"0":"post-757909","1":"product","2":"type-product","3":"status-publish","5":"product_cat-edebiyat","6":"product_cat-roman-oyku","7":"pa_cilt-ciltsiz","8":"pa_tur-kitap","9":"pa_yayinevi-dekalog-yayinlari","10":"pa_yazar-franz-kafka","12":"first","13":"instock","14":"sale","15":"shipping-taxable","16":"purchasable","17":"product-type-simple"},"_links":{"self":[{"href":"https:\/\/roveyayinevi.com.tr\/index.php\/wp-json\/wp\/v2\/product\/757909","targetHints":{"allow":["GET"]}}],"collection":[{"href":"https:\/\/roveyayinevi.com.tr\/index.php\/wp-json\/wp\/v2\/product"}],"about":[{"href":"https:\/\/roveyayinevi.com.tr\/index.php\/wp-json\/wp\/v2\/types\/product"}],"wp:attachment":[{"href":"https:\/\/roveyayinevi.com.tr\/index.php\/wp-json\/wp\/v2\/media?parent=757909"}],"wp:term":[{"taxonomy":"product_brand","embeddable":true,"href":"https:\/\/roveyayinevi.com.tr\/index.php\/wp-json\/wp\/v2\/product_brand?post=757909"},{"taxonomy":"product_cat","embeddable":true,"href":"https:\/\/roveyayinevi.com.tr\/index.php\/wp-json\/wp\/v2\/product_cat?post=757909"},{"taxonomy":"product_tag","embeddable":true,"href":"https:\/\/roveyayinevi.com.tr\/index.php\/wp-json\/wp\/v2\/product_tag?post=757909"}],"curies":[{"name":"wp","href":"https:\/\/api.w.org\/{rel}","templated":true}]}}