{"id":757908,"date":"2025-08-28T07:49:09","date_gmt":"2025-08-28T04:49:09","guid":{"rendered":"https:\/\/roveyayinevi.com.tr\/index.php\/urun\/nasreddin-hocadan-latifeler-cep-boy\/"},"modified":"2026-04-16T03:10:51","modified_gmt":"2026-04-16T00:10:51","slug":"nasreddin-hocadan-latifeler-cep-boy","status":"publish","type":"product","link":"https:\/\/roveyayinevi.com.tr\/index.php\/urun\/nasreddin-hocadan-latifeler-cep-boy\/","title":{"rendered":"Nasreddin Hoca&#8217;dan Latifeler (CEP BOY)"},"content":{"rendered":"<p>Hoca bir g\u00fcn \u0131rmak kenar\u0131nda oturuyor iken on tane k\u00f6r gelmi\u015f. Kendilerini \u0131rmaktan ge\u00e7irmeleri kar\u015f\u0131l\u0131\u011f\u0131nda Hoca&#8217;ya on pul vermeki\u00e7in pazarl\u0131k etmi\u015fler\u2026Hoca k\u00f6rleri \u0131rmaktan kar\u015f\u0131ya ge\u00e7irir iken, k\u00f6rlerden birini su al\u0131p g\u00f6t\u00fcrm\u00fc\u015f. Herkes feryada ba\u015flam\u0131\u015f. Hoca gayet sakin: \u201cNi\u00e7in feryatediyorsunuz, bir pul eksik verirsiniz\u201d demi\u015f.<\/p>\n","protected":false},"excerpt":{"rendered":"<p>Hoca bir g\u00fcn \u0131rmak kenar\u0131nda oturuyor iken on tane k\u00f6r gelmi\u015f. Kendilerini \u0131rmaktan ge\u00e7irmeleri kar\u015f\u0131l\u0131\u011f\u0131nda Hoca&#8217;ya on pul vermeki\u00e7in pazarl\u0131k etmi\u015fler\u2026Hoca k\u00f6rleri \u0131rmaktan kar\u015f\u0131ya ge\u00e7irir iken,<span class=\"excerpt-hellip\"> [\u2026]<\/span><\/p>\n","protected":false},"featured_media":0,"template":"","meta":{"_monsterinsights_skip_tracking":false,"_monsterinsights_sitenote_active":false,"_monsterinsights_sitenote_note":"","_monsterinsights_sitenote_category":0},"product_brand":[],"product_cat":[12291,14825],"product_tag":[],"class_list":{"0":"post-757908","1":"product","2":"type-product","3":"status-publish","5":"product_cat-edebiyat","6":"product_cat-mizah","7":"pa_cilt-ciltsiz","8":"pa_tur-kitap","9":"pa_yayinevi-dekalog-yayinlari","10":"pa_yazar-dekalog-kollektif","12":"first","13":"instock","14":"sale","15":"shipping-taxable","16":"purchasable","17":"product-type-simple"},"_links":{"self":[{"href":"https:\/\/roveyayinevi.com.tr\/index.php\/wp-json\/wp\/v2\/product\/757908","targetHints":{"allow":["GET"]}}],"collection":[{"href":"https:\/\/roveyayinevi.com.tr\/index.php\/wp-json\/wp\/v2\/product"}],"about":[{"href":"https:\/\/roveyayinevi.com.tr\/index.php\/wp-json\/wp\/v2\/types\/product"}],"wp:attachment":[{"href":"https:\/\/roveyayinevi.com.tr\/index.php\/wp-json\/wp\/v2\/media?parent=757908"}],"wp:term":[{"taxonomy":"product_brand","embeddable":true,"href":"https:\/\/roveyayinevi.com.tr\/index.php\/wp-json\/wp\/v2\/product_brand?post=757908"},{"taxonomy":"product_cat","embeddable":true,"href":"https:\/\/roveyayinevi.com.tr\/index.php\/wp-json\/wp\/v2\/product_cat?post=757908"},{"taxonomy":"product_tag","embeddable":true,"href":"https:\/\/roveyayinevi.com.tr\/index.php\/wp-json\/wp\/v2\/product_tag?post=757908"}],"curies":[{"name":"wp","href":"https:\/\/api.w.org\/{rel}","templated":true}]}}