{"id":757906,"date":"2025-08-28T07:49:05","date_gmt":"2025-08-28T04:49:05","guid":{"rendered":"https:\/\/roveyayinevi.com.tr\/index.php\/urun\/murebbiye-cep-boy\/"},"modified":"2026-04-16T03:10:51","modified_gmt":"2026-04-16T00:10:51","slug":"murebbiye-cep-boy","status":"publish","type":"product","link":"https:\/\/roveyayinevi.com.tr\/index.php\/urun\/murebbiye-cep-boy\/","title":{"rendered":"M\u00fcrebbiye (CEP BOY)"},"content":{"rendered":"<p>\u2014 J&#8217;aime.\u2014 Tu aimes.\u2014 Il aime.\u2014 Et mon fr\u00e9re vous aime.Talebesi Nezahet Han\u0131m&#8217;\u0131n tekil \u00fc\u00e7\u00fcnc\u00fc \u015fahs\u0131, b\u00f6yle ilaveli olarak hem de t\u00fcmle\u00e7 ile \u00e7ekmesi Matmazel Anjel&#8217;e garip gelmesinden \u00e7ok kendisini memnun etti. Bu memnuniyeti talebesinin \u00f6yle bir asit bir \u00e7ekimde zamir yerine bir isim kullanmak, una bir de t\u00fcmle\u00e7 ilave etmek gibi az vakitte Frans\u0131zca&#8217;da g\u00f6sterdi\u011fi ilerlemeden kaynaklanm\u0131yordu. Matmazel&#8217;in as\u0131l sevindi\u011fi k\u0131s\u0131m, \u00e7ocuk a\u011fz\u0131yla bir erkek taraf\u0131ndan kendisine \u015fu suretle muhabbet ilan edilmesiydi.<\/p>\n","protected":false},"excerpt":{"rendered":"<p>\u2014 J&#8217;aime.\u2014 Tu aimes.\u2014 Il aime.\u2014 Et mon fr\u00e9re vous aime.Talebesi Nezahet Han\u0131m&#8217;\u0131n tekil \u00fc\u00e7\u00fcnc\u00fc \u015fahs\u0131, b\u00f6yle ilaveli olarak hem de t\u00fcmle\u00e7 ile \u00e7ekmesi Matmazel Anjel&#8217;e<span class=\"excerpt-hellip\"> [\u2026]<\/span><\/p>\n","protected":false},"featured_media":0,"template":"","meta":{"_monsterinsights_skip_tracking":false,"_monsterinsights_sitenote_active":false,"_monsterinsights_sitenote_note":"","_monsterinsights_sitenote_category":0},"product_brand":[],"product_cat":[12291,12711],"product_tag":[],"class_list":{"0":"post-757906","1":"product","2":"type-product","3":"status-publish","5":"product_cat-edebiyat","6":"product_cat-roman-oyku","7":"pa_cilt-ciltsiz","8":"pa_tur-kitap","9":"pa_yayinevi-dekalog-yayinlari","10":"pa_yazar-huseyin-rahmi-gurpinar","12":"first","13":"instock","14":"sale","15":"shipping-taxable","16":"purchasable","17":"product-type-simple"},"_links":{"self":[{"href":"https:\/\/roveyayinevi.com.tr\/index.php\/wp-json\/wp\/v2\/product\/757906","targetHints":{"allow":["GET"]}}],"collection":[{"href":"https:\/\/roveyayinevi.com.tr\/index.php\/wp-json\/wp\/v2\/product"}],"about":[{"href":"https:\/\/roveyayinevi.com.tr\/index.php\/wp-json\/wp\/v2\/types\/product"}],"wp:attachment":[{"href":"https:\/\/roveyayinevi.com.tr\/index.php\/wp-json\/wp\/v2\/media?parent=757906"}],"wp:term":[{"taxonomy":"product_brand","embeddable":true,"href":"https:\/\/roveyayinevi.com.tr\/index.php\/wp-json\/wp\/v2\/product_brand?post=757906"},{"taxonomy":"product_cat","embeddable":true,"href":"https:\/\/roveyayinevi.com.tr\/index.php\/wp-json\/wp\/v2\/product_cat?post=757906"},{"taxonomy":"product_tag","embeddable":true,"href":"https:\/\/roveyayinevi.com.tr\/index.php\/wp-json\/wp\/v2\/product_tag?post=757906"}],"curies":[{"name":"wp","href":"https:\/\/api.w.org\/{rel}","templated":true}]}}