{"id":757905,"date":"2025-08-28T07:49:03","date_gmt":"2025-08-28T04:49:03","guid":{"rendered":"https:\/\/roveyayinevi.com.tr\/index.php\/urun\/caglayanlar-cep-boy\/"},"modified":"2026-04-16T03:10:51","modified_gmt":"2026-04-16T00:10:51","slug":"caglayanlar-cep-boy","status":"publish","type":"product","link":"https:\/\/roveyayinevi.com.tr\/index.php\/urun\/caglayanlar-cep-boy\/","title":{"rendered":"\u00c7a\u011flayanlar (CEP BOY)"},"content":{"rendered":"<p>Bu kitab\u0131 sizi d\u00fc\u015f\u00fcnerek, sizin i\u00e7in yazd\u0131m. Bela gecelerinde, ya\u015f\u0131m s\u0131zarak, y\u00fcre\u011fim s\u0131zlayarak yazd\u0131m. Ey T\u00fcrk! Bu sat\u0131rlarda mazinin destanlar\u0131n\u0131, bug\u00fcn\u00fcn ayr\u0131l\u0131k ac\u0131lar\u0131n\u0131 s\u00f6ylemek ve inlemek istedim. Bir keman gibi\u2026 Bu keman\u0131 anavatan\u0131n sinesinden yonttum. Tellerini kalbinin damarlar\u0131ndan \u00e7\u0131kard\u0131m. \u0130stedim ki bu saz\u0131n ezgisini yaln\u0131z sen duyas\u0131n. Bu ac\u0131kl\u0131 iniltiler yaln\u0131z sana dokunsun. Cihan\u0131n tarihi, vatan\u0131 u\u011frunda senin kadar u\u011fra\u015fan, kan\u0131n\u0131 d\u00f6ken bir millet daha g\u00f6steremez. Senin kadar kimse kendi vatan\u0131na sahip olmaya hak kazanamam\u0131\u015ft\u0131r. Bu vatan ya senindir ya kimsenin\u2026<\/p>\n","protected":false},"excerpt":{"rendered":"<p>Bu kitab\u0131 sizi d\u00fc\u015f\u00fcnerek, sizin i\u00e7in yazd\u0131m. Bela gecelerinde, ya\u015f\u0131m s\u0131zarak, y\u00fcre\u011fim s\u0131zlayarak yazd\u0131m. Ey T\u00fcrk! Bu sat\u0131rlarda mazinin destanlar\u0131n\u0131, bug\u00fcn\u00fcn ayr\u0131l\u0131k ac\u0131lar\u0131n\u0131 s\u00f6ylemek ve inlemek<span class=\"excerpt-hellip\"> [\u2026]<\/span><\/p>\n","protected":false},"featured_media":0,"template":"","meta":{"_monsterinsights_skip_tracking":false,"_monsterinsights_sitenote_active":false,"_monsterinsights_sitenote_note":"","_monsterinsights_sitenote_category":0},"product_brand":[],"product_cat":[12291,18202],"product_tag":[],"class_list":{"0":"post-757905","1":"product","2":"type-product","3":"status-publish","5":"product_cat-edebiyat","6":"product_cat-hikaye","7":"pa_cilt-ciltsiz","8":"pa_tur-kitap","9":"pa_yayinevi-dekalog-yayinlari","10":"pa_yazar-ahmet-hikmet-muftuoglu","12":"first","13":"instock","14":"sale","15":"shipping-taxable","16":"purchasable","17":"product-type-simple"},"_links":{"self":[{"href":"https:\/\/roveyayinevi.com.tr\/index.php\/wp-json\/wp\/v2\/product\/757905","targetHints":{"allow":["GET"]}}],"collection":[{"href":"https:\/\/roveyayinevi.com.tr\/index.php\/wp-json\/wp\/v2\/product"}],"about":[{"href":"https:\/\/roveyayinevi.com.tr\/index.php\/wp-json\/wp\/v2\/types\/product"}],"wp:attachment":[{"href":"https:\/\/roveyayinevi.com.tr\/index.php\/wp-json\/wp\/v2\/media?parent=757905"}],"wp:term":[{"taxonomy":"product_brand","embeddable":true,"href":"https:\/\/roveyayinevi.com.tr\/index.php\/wp-json\/wp\/v2\/product_brand?post=757905"},{"taxonomy":"product_cat","embeddable":true,"href":"https:\/\/roveyayinevi.com.tr\/index.php\/wp-json\/wp\/v2\/product_cat?post=757905"},{"taxonomy":"product_tag","embeddable":true,"href":"https:\/\/roveyayinevi.com.tr\/index.php\/wp-json\/wp\/v2\/product_tag?post=757905"}],"curies":[{"name":"wp","href":"https:\/\/api.w.org\/{rel}","templated":true}]}}