{"id":757903,"date":"2025-08-28T07:49:00","date_gmt":"2025-08-28T04:49:00","guid":{"rendered":"https:\/\/roveyayinevi.com.tr\/index.php\/urun\/boyle-buyurdu-zerdust-cep-boy\/"},"modified":"2026-04-16T03:10:51","modified_gmt":"2026-04-16T00:10:51","slug":"boyle-buyurdu-zerdust-cep-boy","status":"publish","type":"product","link":"https:\/\/roveyayinevi.com.tr\/index.php\/urun\/boyle-buyurdu-zerdust-cep-boy\/","title":{"rendered":"B\u00f6yle Buyurdu Zerd\u00fc\u015ft (CEP BOY)"},"content":{"rendered":"<p>\u201cZerd\u00fc\u015ft otuz ya\u015f\u0131nda yurdunu ve yurdunun g\u00f6l\u00fcn\u00fc b\u0131rak\u0131p da\u011flara \u00e7\u0131kt\u0131. Orada ruhunun ve yaln\u0131zl\u0131\u011f\u0131n\u0131n tad\u0131n\u0131n \u00e7\u0131kard\u0131 ve on y\u0131l boyunca bundan b\u0131kmad\u0131. Ama sonunda g\u00f6nl\u00fcnde de\u011fi\u015fme oldu, ve bir sabah tanla kalkt\u0131, g\u00fcne\u015fin kar\u015f\u0131s\u0131na ge\u00e7ti ve ona \u015f\u00f6yle dedi: \u201cEy ulu y\u0131ld\u0131z! Ayd\u0131nlatt\u0131klar\u0131n olmasayd\u0131, ne olurdu senin mutlulu\u011fun!\u201d On y\u0131ld\u0131r ma\u011faram\u0131n \u00fcst\u00fcne y\u00fckselir durursun: I\u015f\u0131\u011f\u0131ndan ve yolculu\u011fundan b\u0131kard\u0131n ben olsayd\u0131m, kartal\u0131m ve y\u0131lan\u0131m olmasayd\u0131! Ama biz seni her sabah bekledik, senden fazlal\u0131\u011f\u0131n\u0131 ald\u0131k ve kutsad\u0131k seni bunun i\u00e7in.\u201d<\/p>\n","protected":false},"excerpt":{"rendered":"<p>\u201cZerd\u00fc\u015ft otuz ya\u015f\u0131nda yurdunu ve yurdunun g\u00f6l\u00fcn\u00fc b\u0131rak\u0131p da\u011flara \u00e7\u0131kt\u0131. Orada ruhunun ve yaln\u0131zl\u0131\u011f\u0131n\u0131n tad\u0131n\u0131n \u00e7\u0131kard\u0131 ve on y\u0131l boyunca bundan b\u0131kmad\u0131. Ama sonunda g\u00f6nl\u00fcnde de\u011fi\u015fme<span class=\"excerpt-hellip\"> [\u2026]<\/span><\/p>\n","protected":false},"featured_media":0,"template":"","meta":{"_monsterinsights_skip_tracking":false,"_monsterinsights_sitenote_active":false,"_monsterinsights_sitenote_note":"","_monsterinsights_sitenote_category":0},"product_brand":[],"product_cat":[12388],"product_tag":[],"class_list":{"0":"post-757903","1":"product","2":"type-product","3":"status-publish","5":"product_cat-felsefe","6":"pa_cilt-ciltsiz","7":"pa_tur-kitap","8":"pa_yayinevi-dekalog-yayinlari","9":"pa_yazar-friedrich-nietzsche","11":"first","12":"instock","13":"sale","14":"shipping-taxable","15":"purchasable","16":"product-type-simple"},"_links":{"self":[{"href":"https:\/\/roveyayinevi.com.tr\/index.php\/wp-json\/wp\/v2\/product\/757903","targetHints":{"allow":["GET"]}}],"collection":[{"href":"https:\/\/roveyayinevi.com.tr\/index.php\/wp-json\/wp\/v2\/product"}],"about":[{"href":"https:\/\/roveyayinevi.com.tr\/index.php\/wp-json\/wp\/v2\/types\/product"}],"wp:attachment":[{"href":"https:\/\/roveyayinevi.com.tr\/index.php\/wp-json\/wp\/v2\/media?parent=757903"}],"wp:term":[{"taxonomy":"product_brand","embeddable":true,"href":"https:\/\/roveyayinevi.com.tr\/index.php\/wp-json\/wp\/v2\/product_brand?post=757903"},{"taxonomy":"product_cat","embeddable":true,"href":"https:\/\/roveyayinevi.com.tr\/index.php\/wp-json\/wp\/v2\/product_cat?post=757903"},{"taxonomy":"product_tag","embeddable":true,"href":"https:\/\/roveyayinevi.com.tr\/index.php\/wp-json\/wp\/v2\/product_tag?post=757903"}],"curies":[{"name":"wp","href":"https:\/\/api.w.org\/{rel}","templated":true}]}}