{"id":757900,"date":"2025-08-28T07:48:54","date_gmt":"2025-08-28T04:48:54","guid":{"rendered":"https:\/\/roveyayinevi.com.tr\/index.php\/urun\/meczup-cep-boy\/"},"modified":"2026-04-16T03:10:50","modified_gmt":"2026-04-16T00:10:50","slug":"meczup-cep-boy","status":"publish","type":"product","link":"https:\/\/roveyayinevi.com.tr\/index.php\/urun\/meczup-cep-boy\/","title":{"rendered":"Meczup (CEP BOY)"},"content":{"rendered":"<p>Nas\u0131l meczuba d\u00f6nd\u00fc\u011f\u00fcm\u00fc soruyorsunuz. \u015e\u00f6yle oldu: Bir g\u00fcn, \u00e7o\u011fu Tanr\u0131 do\u011fmadan \u00f6nce, derin bir uykudan uyand\u0131m ve t\u00fcm maskelerimin \u00e7al\u0131nm\u0131\u015f oldu\u011funu fark ettim\u2014 yedi hayatta a\u015f\u0131nd\u0131rm\u0131\u015f oldu\u011fum yedi maske \u2013 kalabal\u0131k sokaklarda maskesiz bir \u015fekilde ko\u015farken ba\u011f\u0131r\u0131yordum: \u201cH\u0131rs\u0131zlar, H\u0131rs\u0131zlar, Kahrolas\u0131 H\u0131rs\u0131zlar!\u201dErkek-kad\u0131n herkes bana g\u00fcld\u00fc ve baz\u0131lar\u0131 benden korkarak evlerine ko\u015ftu. Ve pazar yerine vard\u0131\u011f\u0131mda tepede duran bir gen\u00e7, \u201cBu adam meczup!\u201d diyerek ba\u011f\u0131rd\u0131.<\/p>\n","protected":false},"excerpt":{"rendered":"<p>Nas\u0131l meczuba d\u00f6nd\u00fc\u011f\u00fcm\u00fc soruyorsunuz. \u015e\u00f6yle oldu: Bir g\u00fcn, \u00e7o\u011fu Tanr\u0131 do\u011fmadan \u00f6nce, derin bir uykudan uyand\u0131m ve t\u00fcm maskelerimin \u00e7al\u0131nm\u0131\u015f oldu\u011funu fark ettim\u2014 yedi hayatta a\u015f\u0131nd\u0131rm\u0131\u015f<span class=\"excerpt-hellip\"> [\u2026]<\/span><\/p>\n","protected":false},"featured_media":0,"template":"","meta":{"_monsterinsights_skip_tracking":false,"_monsterinsights_sitenote_active":false,"_monsterinsights_sitenote_note":"","_monsterinsights_sitenote_category":0},"product_brand":[],"product_cat":[12777,12291],"product_tag":[],"class_list":{"0":"post-757900","1":"product","2":"type-product","3":"status-publish","5":"product_cat-deneme","6":"product_cat-edebiyat","7":"pa_cilt-ciltsiz","8":"pa_tur-kitap","9":"pa_yayinevi-dekalog-yayinlari","10":"pa_yazar-halil-cibran","12":"first","13":"instock","14":"sale","15":"shipping-taxable","16":"purchasable","17":"product-type-simple"},"_links":{"self":[{"href":"https:\/\/roveyayinevi.com.tr\/index.php\/wp-json\/wp\/v2\/product\/757900","targetHints":{"allow":["GET"]}}],"collection":[{"href":"https:\/\/roveyayinevi.com.tr\/index.php\/wp-json\/wp\/v2\/product"}],"about":[{"href":"https:\/\/roveyayinevi.com.tr\/index.php\/wp-json\/wp\/v2\/types\/product"}],"wp:attachment":[{"href":"https:\/\/roveyayinevi.com.tr\/index.php\/wp-json\/wp\/v2\/media?parent=757900"}],"wp:term":[{"taxonomy":"product_brand","embeddable":true,"href":"https:\/\/roveyayinevi.com.tr\/index.php\/wp-json\/wp\/v2\/product_brand?post=757900"},{"taxonomy":"product_cat","embeddable":true,"href":"https:\/\/roveyayinevi.com.tr\/index.php\/wp-json\/wp\/v2\/product_cat?post=757900"},{"taxonomy":"product_tag","embeddable":true,"href":"https:\/\/roveyayinevi.com.tr\/index.php\/wp-json\/wp\/v2\/product_tag?post=757900"}],"curies":[{"name":"wp","href":"https:\/\/api.w.org\/{rel}","templated":true}]}}