{"id":757897,"date":"2025-08-28T07:48:48","date_gmt":"2025-08-28T04:48:48","guid":{"rendered":"https:\/\/roveyayinevi.com.tr\/index.php\/urun\/bir-seyahatin-notlari-cep-boy\/"},"modified":"2026-04-16T03:10:50","modified_gmt":"2026-04-16T00:10:50","slug":"bir-seyahatin-notlari-cep-boy","status":"publish","type":"product","link":"https:\/\/roveyayinevi.com.tr\/index.php\/urun\/bir-seyahatin-notlari-cep-boy\/","title":{"rendered":"Bir Seyahatin Notlar\u0131 (CEP BOY)"},"content":{"rendered":"<p>Bir \u015fehir caddesi gibi, her g\u00fcn binlerce insan\u0131n \u00fczerinde gidip geldi\u011fi \u015fu Avrupa yolunda, okuyuculara anlat\u0131lacak harikul\u00e2de \u015feyler bulmak iddias\u0131nda de\u011filim. \u00d6yle olsayd\u0131, \u015fu k\u00f6t\u00fc Avrupa&#8217;ya de\u011fil, d\u00fcnyan\u0131n daha az el de\u011fmemi\u015f bir b\u00f6lgesine gitmenin yolunu ara\u015ft\u0131racakt\u0131m.Esasen, gidilecek yollar\u0131 evvelden belli, g\u00f6r\u00fclecek \u015feyleri herkes\u00e7e mal\u00fbm, \u00e7i\u011fnenmi\u015f, \u00f6z\u00fc al\u0131nm\u0131\u015f, posa haline gelmi\u015f olan bu Avrupa seyahatine neye \u00e7\u0131kt\u0131\u011f\u0131m\u0131, vapur Galata r\u0131ht\u0131m\u0131ndan hareket ederken bile pek iyi bilmiyordum.<\/p>\n","protected":false},"excerpt":{"rendered":"<p>Bir \u015fehir caddesi gibi, her g\u00fcn binlerce insan\u0131n \u00fczerinde gidip geldi\u011fi \u015fu Avrupa yolunda, okuyuculara anlat\u0131lacak harikul\u00e2de \u015feyler bulmak iddias\u0131nda de\u011filim. \u00d6yle olsayd\u0131, \u015fu k\u00f6t\u00fc Avrupa&#8217;ya<span class=\"excerpt-hellip\"> [\u2026]<\/span><\/p>\n","protected":false},"featured_media":0,"template":"","meta":{"_monsterinsights_skip_tracking":false,"_monsterinsights_sitenote_active":false,"_monsterinsights_sitenote_note":"","_monsterinsights_sitenote_category":0},"product_brand":[],"product_cat":[12777,12291],"product_tag":[],"class_list":{"0":"post-757897","1":"product","2":"type-product","3":"status-publish","5":"product_cat-deneme","6":"product_cat-edebiyat","7":"pa_cilt-ciltsiz","8":"pa_tur-kitap","9":"pa_yayinevi-dekalog-yayinlari","10":"pa_yazar-ahmet-hasim","12":"first","13":"instock","14":"sale","15":"shipping-taxable","16":"purchasable","17":"product-type-simple"},"_links":{"self":[{"href":"https:\/\/roveyayinevi.com.tr\/index.php\/wp-json\/wp\/v2\/product\/757897","targetHints":{"allow":["GET"]}}],"collection":[{"href":"https:\/\/roveyayinevi.com.tr\/index.php\/wp-json\/wp\/v2\/product"}],"about":[{"href":"https:\/\/roveyayinevi.com.tr\/index.php\/wp-json\/wp\/v2\/types\/product"}],"wp:attachment":[{"href":"https:\/\/roveyayinevi.com.tr\/index.php\/wp-json\/wp\/v2\/media?parent=757897"}],"wp:term":[{"taxonomy":"product_brand","embeddable":true,"href":"https:\/\/roveyayinevi.com.tr\/index.php\/wp-json\/wp\/v2\/product_brand?post=757897"},{"taxonomy":"product_cat","embeddable":true,"href":"https:\/\/roveyayinevi.com.tr\/index.php\/wp-json\/wp\/v2\/product_cat?post=757897"},{"taxonomy":"product_tag","embeddable":true,"href":"https:\/\/roveyayinevi.com.tr\/index.php\/wp-json\/wp\/v2\/product_tag?post=757897"}],"curies":[{"name":"wp","href":"https:\/\/api.w.org\/{rel}","templated":true}]}}