{"id":757892,"date":"2025-08-28T07:48:40","date_gmt":"2025-08-28T04:48:40","guid":{"rendered":"https:\/\/roveyayinevi.com.tr\/index.php\/urun\/marti-cep-boy\/"},"modified":"2026-04-16T03:10:50","modified_gmt":"2026-04-16T00:10:50","slug":"marti-cep-boy","status":"publish","type":"product","link":"https:\/\/roveyayinevi.com.tr\/index.php\/urun\/marti-cep-boy\/","title":{"rendered":"Mart\u0131 (CEP BOY)"},"content":{"rendered":"<p>Sorin&#8217;in \u00e7iftli\u011finde bah\u00e7enin bir k\u0131sm\u0131. \u0130ki taraf\u0131 a\u011fa\u00e7l\u0131 geni\u015f bir yol gerideki g\u00f6le do\u011fru uzan\u0131r. Bir amat\u00f6r tiyatro g\u00f6sterisi i\u00e7in yap\u0131ld\u0131\u011f\u0131 belli derme \u00e7atma bir sahne, g\u00f6l\u00fcn g\u00f6r\u00fcnmesine engel olmaktad\u0131r. Sahnenin sa\u011f\u0131nda, solunda fundal\u0131klar. Birka\u00e7 iskemle ve k\u00fc\u00e7\u00fck masa.G\u00fcne\u015f biraz \u00f6nce batm\u0131\u015ft\u0131r. Amat\u00f6r tiyatro g\u00f6sterisi i\u00e7in haz\u0131rlanm\u0131\u015f sahnenin inik perdesinin arkas\u0131nda Yakov ve di\u011fer i\u015f\u00e7iler \u00e7al\u0131\u015fmakta, \u00e7eki\u00e7 ve \u00f6ks\u00fcr\u00fck sesleri i\u015fitilmektedir. Parkta bir y\u00fcr\u00fcy\u00fc\u015ften d\u00f6nen M\u00e2\u015fa ile Medvedenko soldan gelirler.<\/p>\n","protected":false},"excerpt":{"rendered":"<p>Sorin&#8217;in \u00e7iftli\u011finde bah\u00e7enin bir k\u0131sm\u0131. \u0130ki taraf\u0131 a\u011fa\u00e7l\u0131 geni\u015f bir yol gerideki g\u00f6le do\u011fru uzan\u0131r. Bir amat\u00f6r tiyatro g\u00f6sterisi i\u00e7in yap\u0131ld\u0131\u011f\u0131 belli derme \u00e7atma bir sahne,<span class=\"excerpt-hellip\"> [\u2026]<\/span><\/p>\n","protected":false},"featured_media":0,"template":"","meta":{"_monsterinsights_skip_tracking":false,"_monsterinsights_sitenote_active":false,"_monsterinsights_sitenote_note":"","_monsterinsights_sitenote_category":0},"product_brand":[],"product_cat":[12409,12408],"product_tag":[],"class_list":{"0":"post-757892","1":"product","2":"type-product","3":"status-publish","5":"product_cat-fotograf-sinema-tiyatro","6":"product_cat-sanat","7":"pa_cilt-ciltsiz","8":"pa_tur-kitap","9":"pa_yayinevi-dekalog-yayinlari","10":"pa_yazar-anton-chekhov","12":"first","13":"instock","14":"sale","15":"shipping-taxable","16":"purchasable","17":"product-type-simple"},"_links":{"self":[{"href":"https:\/\/roveyayinevi.com.tr\/index.php\/wp-json\/wp\/v2\/product\/757892","targetHints":{"allow":["GET"]}}],"collection":[{"href":"https:\/\/roveyayinevi.com.tr\/index.php\/wp-json\/wp\/v2\/product"}],"about":[{"href":"https:\/\/roveyayinevi.com.tr\/index.php\/wp-json\/wp\/v2\/types\/product"}],"wp:attachment":[{"href":"https:\/\/roveyayinevi.com.tr\/index.php\/wp-json\/wp\/v2\/media?parent=757892"}],"wp:term":[{"taxonomy":"product_brand","embeddable":true,"href":"https:\/\/roveyayinevi.com.tr\/index.php\/wp-json\/wp\/v2\/product_brand?post=757892"},{"taxonomy":"product_cat","embeddable":true,"href":"https:\/\/roveyayinevi.com.tr\/index.php\/wp-json\/wp\/v2\/product_cat?post=757892"},{"taxonomy":"product_tag","embeddable":true,"href":"https:\/\/roveyayinevi.com.tr\/index.php\/wp-json\/wp\/v2\/product_tag?post=757892"}],"curies":[{"name":"wp","href":"https:\/\/api.w.org\/{rel}","templated":true}]}}