{"id":757891,"date":"2025-08-28T07:48:38","date_gmt":"2025-08-28T04:48:38","guid":{"rendered":"https:\/\/roveyayinevi.com.tr\/index.php\/urun\/bilimler-ve-sanatlar-uzerine-soylev-cep-boy\/"},"modified":"2026-04-16T03:10:50","modified_gmt":"2026-04-16T00:10:50","slug":"bilimler-ve-sanatlar-uzerine-soylev-cep-boy","status":"publish","type":"product","link":"https:\/\/roveyayinevi.com.tr\/index.php\/urun\/bilimler-ve-sanatlar-uzerine-soylev-cep-boy\/","title":{"rendered":"Bilimler ve Sanatlar \u00dczerine S\u00f6ylev (CEP BOY)"},"content":{"rendered":"<p>\u015e\u00f6hret nedir? \u0130\u015fte ben \u015f\u00f6hretimi bu zavall\u0131 esere bor\u00e7luyum. G\u00f6r\u00fclebilece\u011fi gibi bana bir isim ve \u00f6d\u00fcl kazand\u0131ran bu eser, iyinin k\u00f6t\u00fcs\u00fcd\u00fcr; dahas\u0131 belirtmeliyim ki bu serinin de en k\u00f6t\u00fcs\u00fcd\u00fcr. E\u011fer bu kitap sadece hak etti\u011fi k\u0131ymeti g\u00f6rm\u00fc\u015f olsayd\u0131 yazar\u0131n\u0131, i\u00e7inde bulunmaktan ka\u00e7\u0131nd\u0131\u011f\u0131 nice u\u00e7urumlardan kurtarm\u0131\u015f olurdu.<\/p>\n","protected":false},"excerpt":{"rendered":"<p>\u015e\u00f6hret nedir? \u0130\u015fte ben \u015f\u00f6hretimi bu zavall\u0131 esere bor\u00e7luyum. G\u00f6r\u00fclebilece\u011fi gibi bana bir isim ve \u00f6d\u00fcl kazand\u0131ran bu eser, iyinin k\u00f6t\u00fcs\u00fcd\u00fcr; dahas\u0131 belirtmeliyim ki bu serinin<span class=\"excerpt-hellip\"> [\u2026]<\/span><\/p>\n","protected":false},"featured_media":0,"template":"","meta":{"_monsterinsights_skip_tracking":false,"_monsterinsights_sitenote_active":false,"_monsterinsights_sitenote_note":"","_monsterinsights_sitenote_category":0},"product_brand":[],"product_cat":[12777,12291],"product_tag":[],"class_list":{"0":"post-757891","1":"product","2":"type-product","3":"status-publish","5":"product_cat-deneme","6":"product_cat-edebiyat","7":"pa_cilt-ciltsiz","8":"pa_tur-kitap","9":"pa_yayinevi-dekalog-yayinlari","10":"pa_yazar-jean-jacques-rousseau","12":"first","13":"instock","14":"sale","15":"shipping-taxable","16":"purchasable","17":"product-type-simple"},"_links":{"self":[{"href":"https:\/\/roveyayinevi.com.tr\/index.php\/wp-json\/wp\/v2\/product\/757891","targetHints":{"allow":["GET"]}}],"collection":[{"href":"https:\/\/roveyayinevi.com.tr\/index.php\/wp-json\/wp\/v2\/product"}],"about":[{"href":"https:\/\/roveyayinevi.com.tr\/index.php\/wp-json\/wp\/v2\/types\/product"}],"wp:attachment":[{"href":"https:\/\/roveyayinevi.com.tr\/index.php\/wp-json\/wp\/v2\/media?parent=757891"}],"wp:term":[{"taxonomy":"product_brand","embeddable":true,"href":"https:\/\/roveyayinevi.com.tr\/index.php\/wp-json\/wp\/v2\/product_brand?post=757891"},{"taxonomy":"product_cat","embeddable":true,"href":"https:\/\/roveyayinevi.com.tr\/index.php\/wp-json\/wp\/v2\/product_cat?post=757891"},{"taxonomy":"product_tag","embeddable":true,"href":"https:\/\/roveyayinevi.com.tr\/index.php\/wp-json\/wp\/v2\/product_tag?post=757891"}],"curies":[{"name":"wp","href":"https:\/\/api.w.org\/{rel}","templated":true}]}}