{"id":757890,"date":"2025-08-28T07:48:36","date_gmt":"2025-08-28T04:48:36","guid":{"rendered":"https:\/\/roveyayinevi.com.tr\/index.php\/urun\/mai-ve-siyah-cep-boy\/"},"modified":"2026-04-16T03:10:50","modified_gmt":"2026-04-16T00:10:50","slug":"mai-ve-siyah-cep-boy","status":"publish","type":"product","link":"https:\/\/roveyayinevi.com.tr\/index.php\/urun\/mai-ve-siyah-cep-boy\/","title":{"rendered":"Mai ve Siyah (CEP BOY)"},"content":{"rendered":"<p>Sofran\u0131n etraf\u0131nda yedi ki\u015fiydiler.Birg\u00fcn, Mir&#8217;at-\u0131 \u015eu\u00fbn gazetesinin imtiyaz sahibi H\u00fcseyin Baha Efendi, matbaaya \u00e7ehresinde bir ba\u015fka sevin\u00e7 par\u0131ldayarak girdi\u011fi zaman d\u00f6rt n\u00fcshadan beri devam eden D\u00e2hil\u00ee Sanatlar makalesinin alt\u0131na, son kelimesini iri bir yaz\u0131 \u015feklinde karalamakla me\u015fgul olan ba\u015fmuharrir Ali \u015eekip&#8217;e demi\u015fti ki:\u201cYar\u0131n de\u011fil \u00f6b\u00fcr g\u00fcn, Mir&#8217;at-i \u015eu\u00fbn, onuncu senesinin \u00fc\u00e7 y\u00fcz altm\u0131\u015f be\u015finci g\u00fcn\u00fcn\u00fc dolduruyor. \u00c7ar\u015famba g\u00fcn\u00fc i\u00e7in&#8230;\u201d<\/p>\n","protected":false},"excerpt":{"rendered":"<p>Sofran\u0131n etraf\u0131nda yedi ki\u015fiydiler.Birg\u00fcn, Mir&#8217;at-\u0131 \u015eu\u00fbn gazetesinin imtiyaz sahibi H\u00fcseyin Baha Efendi, matbaaya \u00e7ehresinde bir ba\u015fka sevin\u00e7 par\u0131ldayarak girdi\u011fi zaman d\u00f6rt n\u00fcshadan beri devam eden D\u00e2hil\u00ee<span class=\"excerpt-hellip\"> [\u2026]<\/span><\/p>\n","protected":false},"featured_media":0,"template":"","meta":{"_monsterinsights_skip_tracking":false,"_monsterinsights_sitenote_active":false,"_monsterinsights_sitenote_note":"","_monsterinsights_sitenote_category":0},"product_brand":[],"product_cat":[12291,12711],"product_tag":[],"class_list":{"0":"post-757890","1":"product","2":"type-product","3":"status-publish","5":"product_cat-edebiyat","6":"product_cat-roman-oyku","7":"pa_cilt-ciltsiz","8":"pa_tur-kitap","9":"pa_yayinevi-dekalog-yayinlari","10":"pa_yazar-halid-ziya-usakligil","12":"first","13":"instock","14":"sale","15":"shipping-taxable","16":"purchasable","17":"product-type-simple"},"_links":{"self":[{"href":"https:\/\/roveyayinevi.com.tr\/index.php\/wp-json\/wp\/v2\/product\/757890","targetHints":{"allow":["GET"]}}],"collection":[{"href":"https:\/\/roveyayinevi.com.tr\/index.php\/wp-json\/wp\/v2\/product"}],"about":[{"href":"https:\/\/roveyayinevi.com.tr\/index.php\/wp-json\/wp\/v2\/types\/product"}],"wp:attachment":[{"href":"https:\/\/roveyayinevi.com.tr\/index.php\/wp-json\/wp\/v2\/media?parent=757890"}],"wp:term":[{"taxonomy":"product_brand","embeddable":true,"href":"https:\/\/roveyayinevi.com.tr\/index.php\/wp-json\/wp\/v2\/product_brand?post=757890"},{"taxonomy":"product_cat","embeddable":true,"href":"https:\/\/roveyayinevi.com.tr\/index.php\/wp-json\/wp\/v2\/product_cat?post=757890"},{"taxonomy":"product_tag","embeddable":true,"href":"https:\/\/roveyayinevi.com.tr\/index.php\/wp-json\/wp\/v2\/product_tag?post=757890"}],"curies":[{"name":"wp","href":"https:\/\/api.w.org\/{rel}","templated":true}]}}