{"id":757888,"date":"2025-08-28T07:48:33","date_gmt":"2025-08-28T04:48:33","guid":{"rendered":"https:\/\/roveyayinevi.com.tr\/index.php\/urun\/macbeth-cep-boy\/"},"modified":"2026-04-16T03:10:50","modified_gmt":"2026-04-16T00:10:50","slug":"macbeth-cep-boy","status":"publish","type":"product","link":"https:\/\/roveyayinevi.com.tr\/index.php\/urun\/macbeth-cep-boy\/","title":{"rendered":"Macbeth (CEP BOY)"},"content":{"rendered":"<p>A\u00e7\u0131kl\u0131k bir yer.G\u00f6k g\u00fcrler, \u015fim\u015fek \u00e7akar. \u00dc\u00e7 cad\u0131 sahneye girer.Birinci cad\u0131:\u201c\u00dc\u00e7\u00fcm\u00fcz bir daha ne vakit bulu\u015fal\u0131m? G\u00f6klerg\u00fcrler, \u015fim\u015fekler \u00e7akarken mi? Yoksa ya\u011fmurlarya\u011farken mi?\u201d\u0130kinci cad\u0131:\u201cKar\u0131\u015f\u0131kl\u0131k sona erdi\u011fi vakit, \u00e7arp\u0131\u015fma kaybedildi-\u011fi ya da kazan\u0131ld\u0131\u011f\u0131 vakit.\u201d\u00dc\u00e7\u00fcnc\u00fc cad\u0131:\u201cBu i\u015f, g\u00fcn batmadan belli olur.\u201dBirinci cad\u0131:\u201cYer neresi olsun?\u201d<\/p>\n","protected":false},"excerpt":{"rendered":"<p>A\u00e7\u0131kl\u0131k bir yer.G\u00f6k g\u00fcrler, \u015fim\u015fek \u00e7akar. \u00dc\u00e7 cad\u0131 sahneye girer.Birinci cad\u0131:\u201c\u00dc\u00e7\u00fcm\u00fcz bir daha ne vakit bulu\u015fal\u0131m? G\u00f6klerg\u00fcrler, \u015fim\u015fekler \u00e7akarken mi? Yoksa ya\u011fmurlarya\u011farken mi?\u201d\u0130kinci cad\u0131:\u201cKar\u0131\u015f\u0131kl\u0131k sona erdi\u011fi<span class=\"excerpt-hellip\"> [\u2026]<\/span><\/p>\n","protected":false},"featured_media":0,"template":"","meta":{"_monsterinsights_skip_tracking":false,"_monsterinsights_sitenote_active":false,"_monsterinsights_sitenote_note":"","_monsterinsights_sitenote_category":0},"product_brand":[],"product_cat":[12409,12408],"product_tag":[],"class_list":{"0":"post-757888","1":"product","2":"type-product","3":"status-publish","5":"product_cat-fotograf-sinema-tiyatro","6":"product_cat-sanat","7":"pa_cilt-ciltsiz","8":"pa_tur-kitap","9":"pa_yayinevi-dekalog-yayinlari","10":"pa_yazar-william-shakespeare","12":"first","13":"instock","14":"sale","15":"shipping-taxable","16":"purchasable","17":"product-type-simple"},"_links":{"self":[{"href":"https:\/\/roveyayinevi.com.tr\/index.php\/wp-json\/wp\/v2\/product\/757888","targetHints":{"allow":["GET"]}}],"collection":[{"href":"https:\/\/roveyayinevi.com.tr\/index.php\/wp-json\/wp\/v2\/product"}],"about":[{"href":"https:\/\/roveyayinevi.com.tr\/index.php\/wp-json\/wp\/v2\/types\/product"}],"wp:attachment":[{"href":"https:\/\/roveyayinevi.com.tr\/index.php\/wp-json\/wp\/v2\/media?parent=757888"}],"wp:term":[{"taxonomy":"product_brand","embeddable":true,"href":"https:\/\/roveyayinevi.com.tr\/index.php\/wp-json\/wp\/v2\/product_brand?post=757888"},{"taxonomy":"product_cat","embeddable":true,"href":"https:\/\/roveyayinevi.com.tr\/index.php\/wp-json\/wp\/v2\/product_cat?post=757888"},{"taxonomy":"product_tag","embeddable":true,"href":"https:\/\/roveyayinevi.com.tr\/index.php\/wp-json\/wp\/v2\/product_tag?post=757888"}],"curies":[{"name":"wp","href":"https:\/\/api.w.org\/{rel}","templated":true}]}}