{"id":757884,"date":"2025-08-28T07:48:25","date_gmt":"2025-08-28T04:48:25","guid":{"rendered":"https:\/\/roveyayinevi.com.tr\/index.php\/urun\/leporella-cep-boy\/"},"modified":"2026-04-16T03:10:50","modified_gmt":"2026-04-16T00:10:50","slug":"leporella-cep-boy","status":"publish","type":"product","link":"https:\/\/roveyayinevi.com.tr\/index.php\/urun\/leporella-cep-boy\/","title":{"rendered":"Leporella (CEP BOY)"},"content":{"rendered":"<p>Crescentia anna aloisia finkenhuber, 39 ya\u015f\u0131ndayd\u0131 ve Inssbruck&#8217;ten \u00e7ok da uzak olmayan bir da\u011f k\u00f6y\u00fcnde (evlilik d\u0131\u015f\u0131 bir \u00e7ocuk olarak) do\u011fmu\u015ftu. Hizmet\u00e7i kimli\u011findeki \u201cKarakteristik \u00d6zellikler\u201d b\u00f6l\u00fcm\u00fcn\u00fcn kar\u015f\u0131s\u0131nda \u201cyoktur\u201d anlam\u0131na gelen bir \u00e7izgi bulunuyordu ama bu tarz dok\u00fcmanlar\u0131 dolduran memurlar buraya karakteristik detaylar eklemek zorunda kalsalard\u0131, kimli\u011finde kesinlikle \u015f\u00f6yle yazmas\u0131 gerekirdi: \u201cBitkin, zay\u0131f, \u00e7\u00f6k\u00fck.\u201d<\/p>\n","protected":false},"excerpt":{"rendered":"<p>Crescentia anna aloisia finkenhuber, 39 ya\u015f\u0131ndayd\u0131 ve Inssbruck&#8217;ten \u00e7ok da uzak olmayan bir da\u011f k\u00f6y\u00fcnde (evlilik d\u0131\u015f\u0131 bir \u00e7ocuk olarak) do\u011fmu\u015ftu. Hizmet\u00e7i kimli\u011findeki \u201cKarakteristik \u00d6zellikler\u201d b\u00f6l\u00fcm\u00fcn\u00fcn<span class=\"excerpt-hellip\"> [\u2026]<\/span><\/p>\n","protected":false},"featured_media":0,"template":"","meta":{"_monsterinsights_skip_tracking":false,"_monsterinsights_sitenote_active":false,"_monsterinsights_sitenote_note":"","_monsterinsights_sitenote_category":0},"product_brand":[],"product_cat":[12291,12711],"product_tag":[],"class_list":{"0":"post-757884","1":"product","2":"type-product","3":"status-publish","5":"product_cat-edebiyat","6":"product_cat-roman-oyku","7":"pa_cilt-ciltsiz","8":"pa_tur-kitap","9":"pa_yayinevi-dekalog-yayinlari","10":"pa_yazar-stefan-zweig","12":"first","13":"instock","14":"sale","15":"shipping-taxable","16":"purchasable","17":"product-type-simple"},"_links":{"self":[{"href":"https:\/\/roveyayinevi.com.tr\/index.php\/wp-json\/wp\/v2\/product\/757884","targetHints":{"allow":["GET"]}}],"collection":[{"href":"https:\/\/roveyayinevi.com.tr\/index.php\/wp-json\/wp\/v2\/product"}],"about":[{"href":"https:\/\/roveyayinevi.com.tr\/index.php\/wp-json\/wp\/v2\/types\/product"}],"wp:attachment":[{"href":"https:\/\/roveyayinevi.com.tr\/index.php\/wp-json\/wp\/v2\/media?parent=757884"}],"wp:term":[{"taxonomy":"product_brand","embeddable":true,"href":"https:\/\/roveyayinevi.com.tr\/index.php\/wp-json\/wp\/v2\/product_brand?post=757884"},{"taxonomy":"product_cat","embeddable":true,"href":"https:\/\/roveyayinevi.com.tr\/index.php\/wp-json\/wp\/v2\/product_cat?post=757884"},{"taxonomy":"product_tag","embeddable":true,"href":"https:\/\/roveyayinevi.com.tr\/index.php\/wp-json\/wp\/v2\/product_tag?post=757884"}],"curies":[{"name":"wp","href":"https:\/\/api.w.org\/{rel}","templated":true}]}}