{"id":757883,"date":"2025-08-28T07:48:23","date_gmt":"2025-08-28T04:48:23","guid":{"rendered":"https:\/\/roveyayinevi.com.tr\/index.php\/urun\/aylak-kopek-cep-boy\/"},"modified":"2026-04-16T03:10:50","modified_gmt":"2026-04-16T00:10:50","slug":"aylak-kopek-cep-boy","status":"publish","type":"product","link":"https:\/\/roveyayinevi.com.tr\/index.php\/urun\/aylak-kopek-cep-boy\/","title":{"rendered":"Aylak K\u00f6pek (CEP BOY)"},"content":{"rendered":"<p>Veram\u0131n meydan\u0131 a\u00e7l\u0131\u011f\u0131 engelleyen ve hayat\u0131n temel ihtiya\u00e7lar\u0131n\u0131 kar\u015f\u0131layan birka\u00e7 k\u00fc\u00e7\u00fck f\u0131r\u0131n, kasap, attar, iki kahvehane ve bir kuaf\u00f6r salonundan olu\u015fuyordu. Meydan ve insanlar\u0131 yak\u0131c\u0131 g\u00fcne\u015f alt\u0131nda, yar\u0131 yar\u0131ya yanm\u0131\u015f ve k\u0131zarm\u0131\u015f bir halde g\u00fcn bat\u0131m\u0131n\u0131n ilk esintisini ve gecenin serinli\u011fini arzuluyorlard\u0131.<\/p>\n","protected":false},"excerpt":{"rendered":"<p>Veram\u0131n meydan\u0131 a\u00e7l\u0131\u011f\u0131 engelleyen ve hayat\u0131n temel ihtiya\u00e7lar\u0131n\u0131 kar\u015f\u0131layan birka\u00e7 k\u00fc\u00e7\u00fck f\u0131r\u0131n, kasap, attar, iki kahvehane ve bir kuaf\u00f6r salonundan olu\u015fuyordu. Meydan ve insanlar\u0131 yak\u0131c\u0131 g\u00fcne\u015f<span class=\"excerpt-hellip\"> [\u2026]<\/span><\/p>\n","protected":false},"featured_media":0,"template":"","meta":{"_monsterinsights_skip_tracking":false,"_monsterinsights_sitenote_active":false,"_monsterinsights_sitenote_note":"","_monsterinsights_sitenote_category":0},"product_brand":[],"product_cat":[12291,18202],"product_tag":[],"class_list":{"0":"post-757883","1":"product","2":"type-product","3":"status-publish","5":"product_cat-edebiyat","6":"product_cat-hikaye","7":"pa_cilt-ciltsiz","8":"pa_tur-kitap","9":"pa_yayinevi-dekalog-yayinlari","10":"pa_yazar-sadik-hidayet","12":"first","13":"instock","14":"sale","15":"shipping-taxable","16":"purchasable","17":"product-type-simple"},"_links":{"self":[{"href":"https:\/\/roveyayinevi.com.tr\/index.php\/wp-json\/wp\/v2\/product\/757883","targetHints":{"allow":["GET"]}}],"collection":[{"href":"https:\/\/roveyayinevi.com.tr\/index.php\/wp-json\/wp\/v2\/product"}],"about":[{"href":"https:\/\/roveyayinevi.com.tr\/index.php\/wp-json\/wp\/v2\/types\/product"}],"wp:attachment":[{"href":"https:\/\/roveyayinevi.com.tr\/index.php\/wp-json\/wp\/v2\/media?parent=757883"}],"wp:term":[{"taxonomy":"product_brand","embeddable":true,"href":"https:\/\/roveyayinevi.com.tr\/index.php\/wp-json\/wp\/v2\/product_brand?post=757883"},{"taxonomy":"product_cat","embeddable":true,"href":"https:\/\/roveyayinevi.com.tr\/index.php\/wp-json\/wp\/v2\/product_cat?post=757883"},{"taxonomy":"product_tag","embeddable":true,"href":"https:\/\/roveyayinevi.com.tr\/index.php\/wp-json\/wp\/v2\/product_tag?post=757883"}],"curies":[{"name":"wp","href":"https:\/\/api.w.org\/{rel}","templated":true}]}}