{"id":757882,"date":"2025-08-28T07:48:21","date_gmt":"2025-08-28T04:48:21","guid":{"rendered":"https:\/\/roveyayinevi.com.tr\/index.php\/urun\/kurk-mantolu-madonna-cep-boy\/"},"modified":"2026-04-16T03:10:50","modified_gmt":"2026-04-16T00:10:50","slug":"kurk-mantolu-madonna-cep-boy","status":"publish","type":"product","link":"https:\/\/roveyayinevi.com.tr\/index.php\/urun\/kurk-mantolu-madonna-cep-boy\/","title":{"rendered":"K\u00fcrk Mantolu Madonna (CEP BOY)"},"content":{"rendered":"<p>\u015eimdiye kadar tesad\u00fcf etti\u011fim insanlardan bir tanesi benim \u00fczerimde belki en b\u00fcy\u00fck tesiri yapm\u0131\u015ft\u0131r. Aradan aylar ge\u00e7ti\u011fi halde bir t\u00fcrl\u00fc bu tesirden kurtulamad\u0131m. Ne zaman kendimle ba\u015f ba\u015fa kalsam, Raif Efendi&#8217;nin saf y\u00fcz\u00fc, biraz d\u00fcnyadan uzak, buna ra\u011fmen bir insana tesad\u00fcf ettikleri zaman tebess\u00fcm etmek istiyen bak\u0131\u015flar\u0131 g\u00f6zlerimin \u00f6n\u00fcnde canlan\u0131yor. H\u00e2lbuki o hi\u00e7 de fevkalade bir adam de\u011fildi. Hatta pek alelade, hi\u00e7bir hususiyeti olmayan, her g\u00fcn etraf\u0131m\u0131zda y\u00fczlercesini g\u00f6r\u00fcp de bakmadan ge\u00e7ti\u011fimiz insanlardan biri idi.<\/p>\n","protected":false},"excerpt":{"rendered":"<p>\u015eimdiye kadar tesad\u00fcf etti\u011fim insanlardan bir tanesi benim \u00fczerimde belki en b\u00fcy\u00fck tesiri yapm\u0131\u015ft\u0131r. Aradan aylar ge\u00e7ti\u011fi halde bir t\u00fcrl\u00fc bu tesirden kurtulamad\u0131m. Ne zaman kendimle<span class=\"excerpt-hellip\"> [\u2026]<\/span><\/p>\n","protected":false},"featured_media":0,"template":"","meta":{"_monsterinsights_skip_tracking":false,"_monsterinsights_sitenote_active":false,"_monsterinsights_sitenote_note":"","_monsterinsights_sitenote_category":0},"product_brand":[],"product_cat":[12291,12711],"product_tag":[],"class_list":{"0":"post-757882","1":"product","2":"type-product","3":"status-publish","5":"product_cat-edebiyat","6":"product_cat-roman-oyku","7":"pa_cilt-ciltsiz","8":"pa_tur-kitap","9":"pa_yayinevi-dekalog-yayinlari","10":"pa_yazar-sabahattin-ali","12":"first","13":"instock","14":"sale","15":"shipping-taxable","16":"purchasable","17":"product-type-simple"},"_links":{"self":[{"href":"https:\/\/roveyayinevi.com.tr\/index.php\/wp-json\/wp\/v2\/product\/757882","targetHints":{"allow":["GET"]}}],"collection":[{"href":"https:\/\/roveyayinevi.com.tr\/index.php\/wp-json\/wp\/v2\/product"}],"about":[{"href":"https:\/\/roveyayinevi.com.tr\/index.php\/wp-json\/wp\/v2\/types\/product"}],"wp:attachment":[{"href":"https:\/\/roveyayinevi.com.tr\/index.php\/wp-json\/wp\/v2\/media?parent=757882"}],"wp:term":[{"taxonomy":"product_brand","embeddable":true,"href":"https:\/\/roveyayinevi.com.tr\/index.php\/wp-json\/wp\/v2\/product_brand?post=757882"},{"taxonomy":"product_cat","embeddable":true,"href":"https:\/\/roveyayinevi.com.tr\/index.php\/wp-json\/wp\/v2\/product_cat?post=757882"},{"taxonomy":"product_tag","embeddable":true,"href":"https:\/\/roveyayinevi.com.tr\/index.php\/wp-json\/wp\/v2\/product_tag?post=757882"}],"curies":[{"name":"wp","href":"https:\/\/api.w.org\/{rel}","templated":true}]}}