{"id":757881,"date":"2025-08-28T07:48:19","date_gmt":"2025-08-28T04:48:19","guid":{"rendered":"https:\/\/roveyayinevi.com.tr\/index.php\/urun\/ay-isigi-sokagi-cep-boy\/"},"modified":"2026-04-16T03:10:50","modified_gmt":"2026-04-16T00:10:50","slug":"ay-isigi-sokagi-cep-boy","status":"publish","type":"product","link":"https:\/\/roveyayinevi.com.tr\/index.php\/urun\/ay-isigi-sokagi-cep-boy\/","title":{"rendered":"Ay I\u015f\u0131\u011f\u0131 Soka\u011f\u0131 (Cep Boy)"},"content":{"rendered":"<p>F\u0131rt\u0131nal\u0131 hava y\u00fcz\u00fcnden gemi gecikmi\u015fti ve bu y\u00fczden ben Frans\u0131z sahilindeki o limana varamadan \u00f6nce ak\u015fam\u0131n ge\u00e7 saatleri \u00e7oktan gelip \u00e7atm\u0131\u015ft\u0131.Beni, yolculu\u011fumda daha da ileri g\u00f6t\u00fcrecek olan treni ka\u00e7\u0131rm\u0131\u015f oldu\u011fumdan elimde harcanmas\u0131 gereken yirmi d\u00f6rt saatim vard\u0131. Bu \u0131ss\u0131z g\u00f6r\u00fcnen sahil kasabas\u0131nda mahsur kalm\u0131\u015fken zaman\u0131m\u0131 en iyi nas\u0131l ge\u00e7irebilirdim? G\u00f6r\u00fcyordum ki yapacak pek bir \u015fey yoktu. Melankolinin yaylar\u0131n\u0131 gererek \u00e7al\u0131nd\u0131\u011f\u0131 belli olan bir dans m\u00fczi\u011finin geldi\u011fi, k\u00f6hne g\u00f6r\u00fcn\u00fcml\u00fc bir yer vard\u0131. \u201cPek \u00e7ekici de\u011fil.\u201d Diye d\u00fc\u015f\u00fcnd\u00fcm.<\/p>\n","protected":false},"excerpt":{"rendered":"<p>F\u0131rt\u0131nal\u0131 hava y\u00fcz\u00fcnden gemi gecikmi\u015fti ve bu y\u00fczden ben Frans\u0131z sahilindeki o limana varamadan \u00f6nce ak\u015fam\u0131n ge\u00e7 saatleri \u00e7oktan gelip \u00e7atm\u0131\u015ft\u0131.Beni, yolculu\u011fumda daha da ileri g\u00f6t\u00fcrecek<span class=\"excerpt-hellip\"> [\u2026]<\/span><\/p>\n","protected":false},"featured_media":0,"template":"","meta":{"_monsterinsights_skip_tracking":false,"_monsterinsights_sitenote_active":false,"_monsterinsights_sitenote_note":"","_monsterinsights_sitenote_category":0},"product_brand":[],"product_cat":[12291,12711],"product_tag":[],"class_list":{"0":"post-757881","1":"product","2":"type-product","3":"status-publish","5":"product_cat-edebiyat","6":"product_cat-roman-oyku","7":"pa_cilt-ciltsiz","8":"pa_tur-kitap","9":"pa_yayinevi-dekalog-yayinlari","10":"pa_yazar-stefan-zweig","12":"first","13":"instock","14":"sale","15":"shipping-taxable","16":"purchasable","17":"product-type-simple"},"_links":{"self":[{"href":"https:\/\/roveyayinevi.com.tr\/index.php\/wp-json\/wp\/v2\/product\/757881","targetHints":{"allow":["GET"]}}],"collection":[{"href":"https:\/\/roveyayinevi.com.tr\/index.php\/wp-json\/wp\/v2\/product"}],"about":[{"href":"https:\/\/roveyayinevi.com.tr\/index.php\/wp-json\/wp\/v2\/types\/product"}],"wp:attachment":[{"href":"https:\/\/roveyayinevi.com.tr\/index.php\/wp-json\/wp\/v2\/media?parent=757881"}],"wp:term":[{"taxonomy":"product_brand","embeddable":true,"href":"https:\/\/roveyayinevi.com.tr\/index.php\/wp-json\/wp\/v2\/product_brand?post=757881"},{"taxonomy":"product_cat","embeddable":true,"href":"https:\/\/roveyayinevi.com.tr\/index.php\/wp-json\/wp\/v2\/product_cat?post=757881"},{"taxonomy":"product_tag","embeddable":true,"href":"https:\/\/roveyayinevi.com.tr\/index.php\/wp-json\/wp\/v2\/product_tag?post=757881"}],"curies":[{"name":"wp","href":"https:\/\/api.w.org\/{rel}","templated":true}]}}