{"id":757879,"date":"2025-08-28T07:48:15","date_gmt":"2025-08-28T04:48:15","guid":{"rendered":"https:\/\/roveyayinevi.com.tr\/index.php\/urun\/kucuk-prens-cep-boy\/"},"modified":"2026-04-16T03:10:50","modified_gmt":"2026-04-16T00:10:50","slug":"kucuk-prens-cep-boy","status":"publish","type":"product","link":"https:\/\/roveyayinevi.com.tr\/index.php\/urun\/kucuk-prens-cep-boy\/","title":{"rendered":"K\u00fc\u00e7\u00fck Prens ( CEP BOY)"},"content":{"rendered":"<p>Alt\u0131 ya\u015f\u0131mdayken, ilk \u00e7a\u011f ormanlar\u0131 hakk\u0131ndaki \u201cdo\u011fadan Ger\u00e7ek Hikayeler\u201d adl\u0131 bir kitapta muhte\u015fem bir resim g\u00f6rm\u00fc\u015ft\u00fcm. Bir hayvan\u0131 yutmak \u00fczere olan bir boa y\u0131lan\u0131n\u0131n resmiydi. \u0130\u015fte, resmin bir kopyas\u0131 yukar\u0131da.Kitapta \u015f\u00f6yle yaz\u0131yordu: \u201cBoa y\u0131lanlar\u0131 avlar\u0131n\u0131 \u00e7i\u011fnemeden, b\u00fct\u00fcn olarak yutarlar. Sonra da hareket edemez hale gelir ve sindirebilmek i\u00e7in alt\u0131 ay boyunca uyurlar.\u201d\u0130\u015fte o zaman, orman maceralar\u0131 \u00fczerine derin derin d\u00fc\u015f\u00fcnd\u00fcm.<\/p>\n","protected":false},"excerpt":{"rendered":"<p>Alt\u0131 ya\u015f\u0131mdayken, ilk \u00e7a\u011f ormanlar\u0131 hakk\u0131ndaki \u201cdo\u011fadan Ger\u00e7ek Hikayeler\u201d adl\u0131 bir kitapta muhte\u015fem bir resim g\u00f6rm\u00fc\u015ft\u00fcm. Bir hayvan\u0131 yutmak \u00fczere olan bir boa y\u0131lan\u0131n\u0131n resmiydi. \u0130\u015fte,<span class=\"excerpt-hellip\"> [\u2026]<\/span><\/p>\n","protected":false},"featured_media":0,"template":"","meta":{"_monsterinsights_skip_tracking":false,"_monsterinsights_sitenote_active":false,"_monsterinsights_sitenote_note":"","_monsterinsights_sitenote_category":0},"product_brand":[],"product_cat":[12274,12467],"product_tag":[],"class_list":{"0":"post-757879","1":"product","2":"type-product","3":"status-publish","5":"product_cat-cocuk-ve-genclik-kitaplari","6":"product_cat-dunya-klasikleri","7":"pa_cilt-ciltsiz","8":"pa_tur-kitap","9":"pa_yayinevi-dekalog-yayinlari","10":"pa_yazar-antoine-de-saint-exupery","12":"first","13":"instock","14":"sale","15":"shipping-taxable","16":"purchasable","17":"product-type-simple"},"_links":{"self":[{"href":"https:\/\/roveyayinevi.com.tr\/index.php\/wp-json\/wp\/v2\/product\/757879","targetHints":{"allow":["GET"]}}],"collection":[{"href":"https:\/\/roveyayinevi.com.tr\/index.php\/wp-json\/wp\/v2\/product"}],"about":[{"href":"https:\/\/roveyayinevi.com.tr\/index.php\/wp-json\/wp\/v2\/types\/product"}],"wp:attachment":[{"href":"https:\/\/roveyayinevi.com.tr\/index.php\/wp-json\/wp\/v2\/media?parent=757879"}],"wp:term":[{"taxonomy":"product_brand","embeddable":true,"href":"https:\/\/roveyayinevi.com.tr\/index.php\/wp-json\/wp\/v2\/product_brand?post=757879"},{"taxonomy":"product_cat","embeddable":true,"href":"https:\/\/roveyayinevi.com.tr\/index.php\/wp-json\/wp\/v2\/product_cat?post=757879"},{"taxonomy":"product_tag","embeddable":true,"href":"https:\/\/roveyayinevi.com.tr\/index.php\/wp-json\/wp\/v2\/product_tag?post=757879"}],"curies":[{"name":"wp","href":"https:\/\/api.w.org\/{rel}","templated":true}]}}