{"id":757875,"date":"2025-08-28T07:48:07","date_gmt":"2025-08-28T04:48:07","guid":{"rendered":"https:\/\/roveyayinevi.com.tr\/index.php\/urun\/kuyruklu-yildiz-altinda-bir-izdivac-cep-boy\/"},"modified":"2026-04-16T03:10:50","modified_gmt":"2026-04-16T00:10:50","slug":"kuyruklu-yildiz-altinda-bir-izdivac-cep-boy","status":"publish","type":"product","link":"https:\/\/roveyayinevi.com.tr\/index.php\/urun\/kuyruklu-yildiz-altinda-bir-izdivac-cep-boy\/","title":{"rendered":"Kuyruklu Y\u0131ld\u0131z Alt\u0131nda Bir \u0130zdiva\u00e7 (CEP BOY)"},"content":{"rendered":"<p>Bedriye han\u0131m, bah\u00e7e \u00fczerindeki k\u00fc\u00e7\u00fckodan\u0131n penceresinden biti\u015fik kom\u015funun tahtakaplamas\u0131na yumru\u011fuyla heyecanl\u0131 heyecanl\u0131vurarak hayk\u0131r\u0131yordu:\u2014 Karde\u015fim Emine, nerdesin? Pencereyegel, bak, sana ne s\u00f6yleyece\u011fim!Bir cevap alamay\u0131nca kendi kendine:\u2014 Aman bu kar\u0131 da ne miskindir! K\u0131yametlerkopsa o kuytu odadan d\u0131\u015far\u0131 \u00e7\u0131kmaz. \u0130\u00e7erdeha\u015frolur kal\u0131r.Yumruklar\u0131n\u0131n \u015fiddetini iki kat art\u0131rarak:\u2014 Emine Han\u0131m, az\u0131c\u0131k pencereye gel&#8230; Bakneler olacakm\u0131\u015f neler&#8230; D\u00fcnyaya y\u0131ld\u0131z \u00e7arpacakm\u0131\u015f&#8230;Merak\u0131mdan bir yerlerde duram\u0131yorum&#8230;A, bak kar\u0131 ses bile vermiyor. (Yumru\u011fudaha \u015fiddetle indirerek) \u00d6l\u00fc m\u00fcs\u00fcn ayol?Az\u0131c\u0131k k\u0131p\u0131rda.<\/p>\n","protected":false},"excerpt":{"rendered":"<p>Bedriye han\u0131m, bah\u00e7e \u00fczerindeki k\u00fc\u00e7\u00fckodan\u0131n penceresinden biti\u015fik kom\u015funun tahtakaplamas\u0131na yumru\u011fuyla heyecanl\u0131 heyecanl\u0131vurarak hayk\u0131r\u0131yordu:\u2014 Karde\u015fim Emine, nerdesin? Pencereyegel, bak, sana ne s\u00f6yleyece\u011fim!Bir cevap alamay\u0131nca kendi kendine:\u2014 Aman<span class=\"excerpt-hellip\"> [\u2026]<\/span><\/p>\n","protected":false},"featured_media":0,"template":"","meta":{"_monsterinsights_skip_tracking":false,"_monsterinsights_sitenote_active":false,"_monsterinsights_sitenote_note":"","_monsterinsights_sitenote_category":0},"product_brand":[],"product_cat":[12291,12711],"product_tag":[],"class_list":{"0":"post-757875","1":"product","2":"type-product","3":"status-publish","5":"product_cat-edebiyat","6":"product_cat-roman-oyku","7":"pa_cilt-ciltsiz","8":"pa_tur-kitap","9":"pa_yayinevi-dekalog-yayinlari","10":"pa_yazar-huseyin-rahmi-gurpinar","12":"first","13":"instock","14":"sale","15":"shipping-taxable","16":"purchasable","17":"product-type-simple"},"_links":{"self":[{"href":"https:\/\/roveyayinevi.com.tr\/index.php\/wp-json\/wp\/v2\/product\/757875","targetHints":{"allow":["GET"]}}],"collection":[{"href":"https:\/\/roveyayinevi.com.tr\/index.php\/wp-json\/wp\/v2\/product"}],"about":[{"href":"https:\/\/roveyayinevi.com.tr\/index.php\/wp-json\/wp\/v2\/types\/product"}],"wp:attachment":[{"href":"https:\/\/roveyayinevi.com.tr\/index.php\/wp-json\/wp\/v2\/media?parent=757875"}],"wp:term":[{"taxonomy":"product_brand","embeddable":true,"href":"https:\/\/roveyayinevi.com.tr\/index.php\/wp-json\/wp\/v2\/product_brand?post=757875"},{"taxonomy":"product_cat","embeddable":true,"href":"https:\/\/roveyayinevi.com.tr\/index.php\/wp-json\/wp\/v2\/product_cat?post=757875"},{"taxonomy":"product_tag","embeddable":true,"href":"https:\/\/roveyayinevi.com.tr\/index.php\/wp-json\/wp\/v2\/product_tag?post=757875"}],"curies":[{"name":"wp","href":"https:\/\/api.w.org\/{rel}","templated":true}]}}