{"id":757874,"date":"2025-08-28T07:48:05","date_gmt":"2025-08-28T04:48:05","guid":{"rendered":"https:\/\/roveyayinevi.com.tr\/index.php\/urun\/kumarbaz-cep-boy\/"},"modified":"2026-04-16T03:10:50","modified_gmt":"2026-04-16T00:10:50","slug":"kumarbaz-cep-boy","status":"publish","type":"product","link":"https:\/\/roveyayinevi.com.tr\/index.php\/urun\/kumarbaz-cep-boy\/","title":{"rendered":"Kumarbaz (CEP BOY)"},"content":{"rendered":"<p>\u0130ki haftal\u0131k bir ayr\u0131l\u0131\u011f\u0131n ard\u0131ndan d\u00f6nd\u00fcm nihayet. Bizimkiler iki g\u00fcnden beri Roulettenburg&#8217;dayd\u0131lar. Beni sab\u0131rs\u0131zl\u0131k i\u00e7inde beklediklerini san\u0131yordum; yan\u0131lm\u0131\u015f\u0131m!.. General bana so\u011fuk bir ilgisizlikle bakt\u0131ktan ve bir iki s\u00f6z s\u00f6yleme l\u00fctfunda bulunduktan sonra k\u0131z karde\u015fine g\u00f6nderdi hemen. Bir yerden bor\u00e7 para bulmu\u015f olmal\u0131yd\u0131lar. Ama General y\u00fcz\u00fcme bak\u0131nca biraz utand\u0131\u011f\u0131n\u0131 d\u00fc\u015f\u00fcnd\u00fcm. Maria Filippovna tela\u015f i\u00e7indeydi, benimle ayak\u00fcst\u00fc konu\u015ftu. Ama paray\u0131 ald\u0131, dikkatle sayd\u0131, anlatt\u0131klar\u0131m\u0131 da sonuna dek dikkatle dinledi. O ufak tefek Frans\u0131z Mezentsov ile bir \u0130ngiliz&#8217;i ak\u015fam yeme\u011fine bekliyorlard\u0131\u2026<\/p>\n","protected":false},"excerpt":{"rendered":"<p>\u0130ki haftal\u0131k bir ayr\u0131l\u0131\u011f\u0131n ard\u0131ndan d\u00f6nd\u00fcm nihayet. Bizimkiler iki g\u00fcnden beri Roulettenburg&#8217;dayd\u0131lar. Beni sab\u0131rs\u0131zl\u0131k i\u00e7inde beklediklerini san\u0131yordum; yan\u0131lm\u0131\u015f\u0131m!.. General bana so\u011fuk bir ilgisizlikle bakt\u0131ktan ve bir<span class=\"excerpt-hellip\"> [\u2026]<\/span><\/p>\n","protected":false},"featured_media":0,"template":"","meta":{"_monsterinsights_skip_tracking":false,"_monsterinsights_sitenote_active":false,"_monsterinsights_sitenote_note":"","_monsterinsights_sitenote_category":0},"product_brand":[],"product_cat":[12291,12711],"product_tag":[],"class_list":{"0":"post-757874","1":"product","2":"type-product","3":"status-publish","5":"product_cat-edebiyat","6":"product_cat-roman-oyku","7":"pa_cilt-ciltsiz","8":"pa_tur-kitap","9":"pa_yayinevi-dekalog-yayinlari","10":"pa_yazar-fyodor-mihaylovic-dostoyevski","12":"first","13":"instock","14":"sale","15":"shipping-taxable","16":"purchasable","17":"product-type-simple"},"_links":{"self":[{"href":"https:\/\/roveyayinevi.com.tr\/index.php\/wp-json\/wp\/v2\/product\/757874","targetHints":{"allow":["GET"]}}],"collection":[{"href":"https:\/\/roveyayinevi.com.tr\/index.php\/wp-json\/wp\/v2\/product"}],"about":[{"href":"https:\/\/roveyayinevi.com.tr\/index.php\/wp-json\/wp\/v2\/types\/product"}],"wp:attachment":[{"href":"https:\/\/roveyayinevi.com.tr\/index.php\/wp-json\/wp\/v2\/media?parent=757874"}],"wp:term":[{"taxonomy":"product_brand","embeddable":true,"href":"https:\/\/roveyayinevi.com.tr\/index.php\/wp-json\/wp\/v2\/product_brand?post=757874"},{"taxonomy":"product_cat","embeddable":true,"href":"https:\/\/roveyayinevi.com.tr\/index.php\/wp-json\/wp\/v2\/product_cat?post=757874"},{"taxonomy":"product_tag","embeddable":true,"href":"https:\/\/roveyayinevi.com.tr\/index.php\/wp-json\/wp\/v2\/product_tag?post=757874"}],"curies":[{"name":"wp","href":"https:\/\/api.w.org\/{rel}","templated":true}]}}