{"id":757873,"date":"2025-08-28T07:48:03","date_gmt":"2025-08-28T04:48:03","guid":{"rendered":"https:\/\/roveyayinevi.com.tr\/index.php\/urun\/amak-i-hayal-cep-boy\/"},"modified":"2026-04-16T03:10:50","modified_gmt":"2026-04-16T00:10:50","slug":"amak-i-hayal-cep-boy","status":"publish","type":"product","link":"https:\/\/roveyayinevi.com.tr\/index.php\/urun\/amak-i-hayal-cep-boy\/","title":{"rendered":"A\u2019mak-\u0131 Hayal (CEP BOY)"},"content":{"rendered":"<p>&#8230; \u015eehri, Osmanl\u0131&#8217;n\u0131n en b\u00fcy\u00fck ve en g\u00fczel \u015fehirlerinden biridir. Ben nice zamand\u0131r bu \u015fehirde; \u015fehrin ortas\u0131nda bulunan bir mahallede, oturuyordum. H\u00fck\u00fcmet Kona\u011f\u0131yla evim aras\u0131ndaki yollarda, g\u00f6r\u00fcnt\u00fcs\u00fcyle dikkat \u00e7eken pek \u00e7ok \u015fey vard\u0131; k\u00f6hne evler, her biribirer sefalet ve yoksulluk yuvas\u0131 olan bir d\u00fczine virane, y\u00fcr\u00fcnemeyecek haldeki sokaklar, pislik i\u00e7indeki caddeler\u2026 Fakat t\u00fcm bunlar i\u00e7inde hakikaten en dikkat \u00e7eken \u015fey ise, evime \u00e7ok yak\u0131n olan kabristand\u0131.<\/p>\n","protected":false},"excerpt":{"rendered":"<p>&#8230; \u015eehri, Osmanl\u0131&#8217;n\u0131n en b\u00fcy\u00fck ve en g\u00fczel \u015fehirlerinden biridir. Ben nice zamand\u0131r bu \u015fehirde; \u015fehrin ortas\u0131nda bulunan bir mahallede, oturuyordum. H\u00fck\u00fcmet Kona\u011f\u0131yla evim aras\u0131ndaki yollarda,<span class=\"excerpt-hellip\"> [\u2026]<\/span><\/p>\n","protected":false},"featured_media":0,"template":"","meta":{"_monsterinsights_skip_tracking":false,"_monsterinsights_sitenote_active":false,"_monsterinsights_sitenote_note":"","_monsterinsights_sitenote_category":0},"product_brand":[],"product_cat":[12291,12711],"product_tag":[],"class_list":{"0":"post-757873","1":"product","2":"type-product","3":"status-publish","5":"product_cat-edebiyat","6":"product_cat-roman-oyku","7":"pa_cilt-ciltsiz","8":"pa_tur-kitap","9":"pa_yayinevi-dekalog-yayinlari","10":"pa_yazar-filibeli-ahmed-hilmi","12":"first","13":"instock","14":"sale","15":"shipping-taxable","16":"purchasable","17":"product-type-simple"},"_links":{"self":[{"href":"https:\/\/roveyayinevi.com.tr\/index.php\/wp-json\/wp\/v2\/product\/757873","targetHints":{"allow":["GET"]}}],"collection":[{"href":"https:\/\/roveyayinevi.com.tr\/index.php\/wp-json\/wp\/v2\/product"}],"about":[{"href":"https:\/\/roveyayinevi.com.tr\/index.php\/wp-json\/wp\/v2\/types\/product"}],"wp:attachment":[{"href":"https:\/\/roveyayinevi.com.tr\/index.php\/wp-json\/wp\/v2\/media?parent=757873"}],"wp:term":[{"taxonomy":"product_brand","embeddable":true,"href":"https:\/\/roveyayinevi.com.tr\/index.php\/wp-json\/wp\/v2\/product_brand?post=757873"},{"taxonomy":"product_cat","embeddable":true,"href":"https:\/\/roveyayinevi.com.tr\/index.php\/wp-json\/wp\/v2\/product_cat?post=757873"},{"taxonomy":"product_tag","embeddable":true,"href":"https:\/\/roveyayinevi.com.tr\/index.php\/wp-json\/wp\/v2\/product_tag?post=757873"}],"curies":[{"name":"wp","href":"https:\/\/api.w.org\/{rel}","templated":true}]}}