{"id":757872,"date":"2025-08-28T07:48:00","date_gmt":"2025-08-28T04:48:00","guid":{"rendered":"https:\/\/roveyayinevi.com.tr\/index.php\/urun\/kum-ve-kopuk-cep-boy9\/"},"modified":"2026-04-16T03:10:50","modified_gmt":"2026-04-16T00:10:50","slug":"kum-ve-kopuk-cep-boy9","status":"publish","type":"product","link":"https:\/\/roveyayinevi.com.tr\/index.php\/urun\/kum-ve-kopuk-cep-boy9\/","title":{"rendered":"Kum ve K\u00f6p\u00fck (CEP BOY9"},"content":{"rendered":"<p>Sonsuza dek y\u00fcr\u00fcyorum bu k\u0131y\u0131larda,Kum ve k\u00f6p\u00fc\u011f\u00fcn aras\u0131ndaMet ayak izlerimi siler,Ve r\u00fczg\u00e2r k\u00f6p\u00fc\u011f\u00fc havaya u\u00e7urur.Ancak deniz ve sahil kalacak.Sonsuza dek.<\/p>\n","protected":false},"excerpt":{"rendered":"<p>Sonsuza dek y\u00fcr\u00fcyorum bu k\u0131y\u0131larda,Kum ve k\u00f6p\u00fc\u011f\u00fcn aras\u0131ndaMet ayak izlerimi siler,Ve r\u00fczg\u00e2r k\u00f6p\u00fc\u011f\u00fc havaya u\u00e7urur.Ancak deniz ve sahil kalacak.Sonsuza dek.<\/p>\n","protected":false},"featured_media":0,"template":"","meta":{"_monsterinsights_skip_tracking":false,"_monsterinsights_sitenote_active":false,"_monsterinsights_sitenote_note":"","_monsterinsights_sitenote_category":0},"product_brand":[],"product_cat":[12291,12711],"product_tag":[],"class_list":{"0":"post-757872","1":"product","2":"type-product","3":"status-publish","5":"product_cat-edebiyat","6":"product_cat-roman-oyku","7":"pa_cilt-ciltsiz","8":"pa_tur-kitap","9":"pa_yayinevi-dekalog-yayinlari","10":"pa_yazar-halil-cibran","12":"first","13":"instock","14":"sale","15":"shipping-taxable","16":"purchasable","17":"product-type-simple"},"_links":{"self":[{"href":"https:\/\/roveyayinevi.com.tr\/index.php\/wp-json\/wp\/v2\/product\/757872","targetHints":{"allow":["GET"]}}],"collection":[{"href":"https:\/\/roveyayinevi.com.tr\/index.php\/wp-json\/wp\/v2\/product"}],"about":[{"href":"https:\/\/roveyayinevi.com.tr\/index.php\/wp-json\/wp\/v2\/types\/product"}],"wp:attachment":[{"href":"https:\/\/roveyayinevi.com.tr\/index.php\/wp-json\/wp\/v2\/media?parent=757872"}],"wp:term":[{"taxonomy":"product_brand","embeddable":true,"href":"https:\/\/roveyayinevi.com.tr\/index.php\/wp-json\/wp\/v2\/product_brand?post=757872"},{"taxonomy":"product_cat","embeddable":true,"href":"https:\/\/roveyayinevi.com.tr\/index.php\/wp-json\/wp\/v2\/product_cat?post=757872"},{"taxonomy":"product_tag","embeddable":true,"href":"https:\/\/roveyayinevi.com.tr\/index.php\/wp-json\/wp\/v2\/product_tag?post=757872"}],"curies":[{"name":"wp","href":"https:\/\/api.w.org\/{rel}","templated":true}]}}