{"id":757870,"date":"2025-08-28T07:47:56","date_gmt":"2025-08-28T04:47:56","guid":{"rendered":"https:\/\/roveyayinevi.com.tr\/index.php\/urun\/akil-cagi-3\/"},"modified":"2026-04-16T03:10:50","modified_gmt":"2026-04-16T00:10:50","slug":"akil-cagi-3","status":"publish","type":"product","link":"https:\/\/roveyayinevi.com.tr\/index.php\/urun\/akil-cagi-3\/","title":{"rendered":"Ak\u0131l \u00c7a\u011f\u0131"},"content":{"rendered":"<p>Son birka\u00e7 y\u0131ld\u0131r din hakk\u0131ndaki d\u00fc\u015f\u00fcncelerimi yay\u0131mlamaya niyet ediyordum. Konu ile alakal\u0131 zorluklar\u0131n son derece fark\u0131nday\u0131m ve bu nedenle s\u00f6z konusu niyetimi hayat\u0131m\u0131n daha ileri bir d\u00f6nemine ertelemi\u015ftim. Bu ertelemenin amac\u0131, t\u00fcm uluslar\u0131n de\u011ferli vatanda\u015flar\u0131na sunmam gereken son \u00e7al\u0131\u015fmam\u0131, onu onaylamayanlar\u0131n dahi itiraz edemeyece\u011fi h\u00e2le getirebilmekti.<\/p>\n","protected":false},"excerpt":{"rendered":"<p>Son birka\u00e7 y\u0131ld\u0131r din hakk\u0131ndaki d\u00fc\u015f\u00fcncelerimi yay\u0131mlamaya niyet ediyordum. Konu ile alakal\u0131 zorluklar\u0131n son derece fark\u0131nday\u0131m ve bu nedenle s\u00f6z konusu niyetimi hayat\u0131m\u0131n daha ileri bir<span class=\"excerpt-hellip\"> [\u2026]<\/span><\/p>\n","protected":false},"featured_media":0,"template":"","meta":{"_monsterinsights_skip_tracking":false,"_monsterinsights_sitenote_active":false,"_monsterinsights_sitenote_note":"","_monsterinsights_sitenote_category":0},"product_brand":[],"product_cat":[12777,12291],"product_tag":[],"class_list":{"0":"post-757870","1":"product","2":"type-product","3":"status-publish","5":"product_cat-deneme","6":"product_cat-edebiyat","7":"pa_cilt-ciltsiz","8":"pa_tur-kitap","9":"pa_yayinevi-dekalog-yayinlari","10":"pa_yazar-thomas-paine","12":"first","13":"instock","14":"sale","15":"shipping-taxable","16":"purchasable","17":"product-type-simple"},"_links":{"self":[{"href":"https:\/\/roveyayinevi.com.tr\/index.php\/wp-json\/wp\/v2\/product\/757870","targetHints":{"allow":["GET"]}}],"collection":[{"href":"https:\/\/roveyayinevi.com.tr\/index.php\/wp-json\/wp\/v2\/product"}],"about":[{"href":"https:\/\/roveyayinevi.com.tr\/index.php\/wp-json\/wp\/v2\/types\/product"}],"wp:attachment":[{"href":"https:\/\/roveyayinevi.com.tr\/index.php\/wp-json\/wp\/v2\/media?parent=757870"}],"wp:term":[{"taxonomy":"product_brand","embeddable":true,"href":"https:\/\/roveyayinevi.com.tr\/index.php\/wp-json\/wp\/v2\/product_brand?post=757870"},{"taxonomy":"product_cat","embeddable":true,"href":"https:\/\/roveyayinevi.com.tr\/index.php\/wp-json\/wp\/v2\/product_cat?post=757870"},{"taxonomy":"product_tag","embeddable":true,"href":"https:\/\/roveyayinevi.com.tr\/index.php\/wp-json\/wp\/v2\/product_tag?post=757870"}],"curies":[{"name":"wp","href":"https:\/\/api.w.org\/{rel}","templated":true}]}}