{"id":757869,"date":"2025-08-28T07:47:54","date_gmt":"2025-08-28T04:47:54","guid":{"rendered":"https:\/\/roveyayinevi.com.tr\/index.php\/urun\/kor-baykus-cep-boy\/"},"modified":"2026-04-16T03:10:50","modified_gmt":"2026-04-16T00:10:50","slug":"kor-baykus-cep-boy","status":"publish","type":"product","link":"https:\/\/roveyayinevi.com.tr\/index.php\/urun\/kor-baykus-cep-boy\/","title":{"rendered":"K\u00f6r Bayku\u015f (CEP BOY)"},"content":{"rendered":"<p>Hayatta \u00f6yle dertler vard\u0131r ki, yaln\u0131zl\u0131k halinde ruhu c\u00fczzam gibi sarar ve kemiriverirler. Bunlar \u00f6yle ba\u015fkas\u0131na anlat\u0131lacak t\u00fcrden dertler de\u011fil. \u00c7\u00fcnk\u00fc genellikle herkes bu inan\u0131lmaz dertleri ender ve acayip olgular olarak g\u00f6r\u00fcr. E\u011fer biri \u00e7\u0131k\u0131p da bu dertleri s\u00f6yler veya yazarsa, insanlar, kendi mevcut inan\u00e7lar\u0131 ekseninde bu s\u00f6ylenenleri yahut yaz\u0131lanlar\u0131 ku\u015fkucu ve a\u015fa\u011f\u0131lay\u0131c\u0131 bir g\u00fcl\u00fcmsemeyle telakki etmeye \u00e7al\u0131\u015f\u0131rlar. \u00c7\u00fcnk\u00fc insan hen\u00fcz bu dertlere bir \u00e7\u00f6z\u00fcm, bir \u00e7are bulmu\u015f de\u011fildir. \u015eimdilik onun yeg\u00e2ne \u00e7aresi, \u015farab\u0131n verdi\u011fi sarho\u015fluk, afyon ve \u00e7e\u015fitli uyu\u015fturucu maddelerinin sa\u011flad\u0131\u011f\u0131 suni uykudur.<\/p>\n","protected":false},"excerpt":{"rendered":"<p>Hayatta \u00f6yle dertler vard\u0131r ki, yaln\u0131zl\u0131k halinde ruhu c\u00fczzam gibi sarar ve kemiriverirler. Bunlar \u00f6yle ba\u015fkas\u0131na anlat\u0131lacak t\u00fcrden dertler de\u011fil. \u00c7\u00fcnk\u00fc genellikle herkes bu inan\u0131lmaz dertleri<span class=\"excerpt-hellip\"> [\u2026]<\/span><\/p>\n","protected":false},"featured_media":0,"template":"","meta":{"_monsterinsights_skip_tracking":false,"_monsterinsights_sitenote_active":false,"_monsterinsights_sitenote_note":"","_monsterinsights_sitenote_category":0},"product_brand":[],"product_cat":[12291,12711],"product_tag":[],"class_list":{"0":"post-757869","1":"product","2":"type-product","3":"status-publish","5":"product_cat-edebiyat","6":"product_cat-roman-oyku","7":"pa_cilt-ciltsiz","8":"pa_tur-kitap","9":"pa_yayinevi-dekalog-yayinlari","10":"pa_yazar-sadik-hidayet","12":"first","13":"instock","14":"sale","15":"shipping-taxable","16":"purchasable","17":"product-type-simple"},"_links":{"self":[{"href":"https:\/\/roveyayinevi.com.tr\/index.php\/wp-json\/wp\/v2\/product\/757869","targetHints":{"allow":["GET"]}}],"collection":[{"href":"https:\/\/roveyayinevi.com.tr\/index.php\/wp-json\/wp\/v2\/product"}],"about":[{"href":"https:\/\/roveyayinevi.com.tr\/index.php\/wp-json\/wp\/v2\/types\/product"}],"wp:attachment":[{"href":"https:\/\/roveyayinevi.com.tr\/index.php\/wp-json\/wp\/v2\/media?parent=757869"}],"wp:term":[{"taxonomy":"product_brand","embeddable":true,"href":"https:\/\/roveyayinevi.com.tr\/index.php\/wp-json\/wp\/v2\/product_brand?post=757869"},{"taxonomy":"product_cat","embeddable":true,"href":"https:\/\/roveyayinevi.com.tr\/index.php\/wp-json\/wp\/v2\/product_cat?post=757869"},{"taxonomy":"product_tag","embeddable":true,"href":"https:\/\/roveyayinevi.com.tr\/index.php\/wp-json\/wp\/v2\/product_tag?post=757869"}],"curies":[{"name":"wp","href":"https:\/\/api.w.org\/{rel}","templated":true}]}}