{"id":757868,"date":"2025-08-28T07:47:52","date_gmt":"2025-08-28T04:47:52","guid":{"rendered":"https:\/\/roveyayinevi.com.tr\/index.php\/urun\/kuyucakli-yusuf-cep-boy\/"},"modified":"2026-04-16T03:10:50","modified_gmt":"2026-04-16T00:10:50","slug":"kuyucakli-yusuf-cep-boy","status":"publish","type":"product","link":"https:\/\/roveyayinevi.com.tr\/index.php\/urun\/kuyucakli-yusuf-cep-boy\/","title":{"rendered":"Kuyucakl\u0131 Yusuf (CEP BOY)"},"content":{"rendered":"<p>1903 senesi sonbahar\u0131nda ve ya\u011fmurlu bir gecede Ayd\u0131n\u0131n Nazilli kazas\u0131na yak\u0131n Kuyucak k\u00f6y\u00fcn\u00fc e\u015fkiyalar bast\u0131lar ve bir kar\u0131 kocay\u0131 \u00f6ld\u00fcrd\u00fcler.Kaza kaymakam\u0131 Salahattin Bey, M\u00fcddeiumumi ile doktoru yan\u0131na alarak ertesi g\u00fcn\u00fc tahkikata bizzat gitti. Candarma kumandan\u0131 izinli oldu\u011fu i\u00e7in yanlar\u0131nda bir ba\u015f\u00e7avu\u015f ve \u00fc\u00e7 candarma neferi vard\u0131.<\/p>\n","protected":false},"excerpt":{"rendered":"<p>1903 senesi sonbahar\u0131nda ve ya\u011fmurlu bir gecede Ayd\u0131n\u0131n Nazilli kazas\u0131na yak\u0131n Kuyucak k\u00f6y\u00fcn\u00fc e\u015fkiyalar bast\u0131lar ve bir kar\u0131 kocay\u0131 \u00f6ld\u00fcrd\u00fcler.Kaza kaymakam\u0131 Salahattin Bey, M\u00fcddeiumumi ile doktoru<span class=\"excerpt-hellip\"> [\u2026]<\/span><\/p>\n","protected":false},"featured_media":0,"template":"","meta":{"_monsterinsights_skip_tracking":false,"_monsterinsights_sitenote_active":false,"_monsterinsights_sitenote_note":"","_monsterinsights_sitenote_category":0},"product_brand":[],"product_cat":[12291,12711],"product_tag":[],"class_list":{"0":"post-757868","1":"product","2":"type-product","3":"status-publish","5":"product_cat-edebiyat","6":"product_cat-roman-oyku","7":"pa_cilt-ciltsiz","8":"pa_tur-kitap","9":"pa_yayinevi-dekalog-yayinlari","10":"pa_yazar-sabahattin-ali","12":"first","13":"instock","14":"sale","15":"shipping-taxable","16":"purchasable","17":"product-type-simple"},"_links":{"self":[{"href":"https:\/\/roveyayinevi.com.tr\/index.php\/wp-json\/wp\/v2\/product\/757868","targetHints":{"allow":["GET"]}}],"collection":[{"href":"https:\/\/roveyayinevi.com.tr\/index.php\/wp-json\/wp\/v2\/product"}],"about":[{"href":"https:\/\/roveyayinevi.com.tr\/index.php\/wp-json\/wp\/v2\/types\/product"}],"wp:attachment":[{"href":"https:\/\/roveyayinevi.com.tr\/index.php\/wp-json\/wp\/v2\/media?parent=757868"}],"wp:term":[{"taxonomy":"product_brand","embeddable":true,"href":"https:\/\/roveyayinevi.com.tr\/index.php\/wp-json\/wp\/v2\/product_brand?post=757868"},{"taxonomy":"product_cat","embeddable":true,"href":"https:\/\/roveyayinevi.com.tr\/index.php\/wp-json\/wp\/v2\/product_cat?post=757868"},{"taxonomy":"product_tag","embeddable":true,"href":"https:\/\/roveyayinevi.com.tr\/index.php\/wp-json\/wp\/v2\/product_tag?post=757868"}],"curies":[{"name":"wp","href":"https:\/\/api.w.org\/{rel}","templated":true}]}}