{"id":757867,"date":"2025-08-28T07:47:51","date_gmt":"2025-08-28T04:47:51","guid":{"rendered":"https:\/\/roveyayinevi.com.tr\/index.php\/urun\/osman-gazi-6\/"},"modified":"2026-04-16T03:10:50","modified_gmt":"2026-04-16T00:10:50","slug":"osman-gazi-6","status":"publish","type":"product","link":"https:\/\/roveyayinevi.com.tr\/index.php\/urun\/osman-gazi-6\/","title":{"rendered":"Osman Gazi"},"content":{"rendered":"<p>BEYL\u0130KTEN \u0130MPARATORLU\u011eA\u2026 Sanki do\u011fu\u015ftan idareciydi Osman.   Y\u0131llard\u0131r boy idare ediyor gibi tecr\u00fcbeliydi.   Evet, gen\u00e7ti gen\u00e7 olmas\u0131na, daha 23 ya\u015f\u0131ndayd\u0131 ama \u00e7o\u011fu meselede amcas\u0131 D\u00fcndar\u2019dan bile daha a\u011f\u0131rba\u015fl\u0131 ve daha isabetli kararlar alabiliyordu.   G\u00fc\u00e7l\u00fc karakteri ve otoriter havas\u0131yla herkese s\u00f6z\u00fcn\u00fc dinletiyor, Kay\u0131 Boyu\u2019nda kimsecikler onun bir dedi\u011fini iki etmiyordu.   K\u00fc\u00e7\u00fck bir beyli\u011fin koskoca bir imparatorlu\u011fa d\u00f6n\u00fc\u015fece\u011fini r\u00fcyas\u0131nda g\u00f6rm\u00fc\u015ft\u00fc Osman.   \u201cG\u00f6\u011fs\u00fcnde a\u00e7\u0131lan bo\u015fluktan birdenbire bir a\u011fa\u00e7 filizlenmeye ba\u015flad\u0131. Osman\u2019\u0131n ba\u011fr\u0131nda filizlenen bu a\u011fa\u00e7 h\u0131zla b\u00fcy\u00fcy\u00fcp serpildi. \u00d6yle ki, dallar\u0131n\u0131 \u015farktan garba, cenuptan \u015fimale her yana salan dev bir \u00e7\u0131nar h\u00e2line geldi. \u00d6ylesine b\u00fcy\u00fcd\u00fc, \u00f6yle serpildi ki bu a\u011fac\u0131n ne kadar b\u00fcy\u00fck oldu\u011funu, dallar\u0131n\u0131n nerelere kadar erdi\u011fini Osman bile g\u00f6remedi. Koca \u00e7\u0131nar sanki t\u00fcm d\u00fcnyay\u0131 kaplam\u0131\u015f, t\u00fcm acunu ku\u015fatm\u0131\u015ft\u0131.\u201d <\/p>\n","protected":false},"excerpt":{"rendered":"<p>BEYL\u0130KTEN \u0130MPARATORLU\u011eA\u2026 Sanki do\u011fu\u015ftan idareciydi Osman. Y\u0131llard\u0131r boy idare ediyor gibi tecr\u00fcbeliydi. Evet, gen\u00e7ti gen\u00e7 olmas\u0131na, daha 23 ya\u015f\u0131ndayd\u0131 ama \u00e7o\u011fu meselede amcas\u0131 D\u00fcndar\u2019dan bile daha<span class=\"excerpt-hellip\"> [\u2026]<\/span><\/p>\n","protected":false},"featured_media":0,"template":"","meta":{"_monsterinsights_skip_tracking":false,"_monsterinsights_sitenote_active":false,"_monsterinsights_sitenote_note":"","_monsterinsights_sitenote_category":0},"product_brand":[],"product_cat":[13946,12304],"product_tag":[],"class_list":{"0":"post-757867","1":"product","2":"type-product","3":"status-publish","5":"product_cat-biyografi-otobiyografi","6":"product_cat-tarih","7":"pa_cilt-ciltsiz","8":"pa_tur-kitap","9":"pa_yayinevi-genc-hayat","10":"pa_yazar-yusuf-guldur","12":"first","13":"instock","14":"sale","15":"shipping-taxable","16":"purchasable","17":"product-type-simple"},"_links":{"self":[{"href":"https:\/\/roveyayinevi.com.tr\/index.php\/wp-json\/wp\/v2\/product\/757867","targetHints":{"allow":["GET"]}}],"collection":[{"href":"https:\/\/roveyayinevi.com.tr\/index.php\/wp-json\/wp\/v2\/product"}],"about":[{"href":"https:\/\/roveyayinevi.com.tr\/index.php\/wp-json\/wp\/v2\/types\/product"}],"wp:attachment":[{"href":"https:\/\/roveyayinevi.com.tr\/index.php\/wp-json\/wp\/v2\/media?parent=757867"}],"wp:term":[{"taxonomy":"product_brand","embeddable":true,"href":"https:\/\/roveyayinevi.com.tr\/index.php\/wp-json\/wp\/v2\/product_brand?post=757867"},{"taxonomy":"product_cat","embeddable":true,"href":"https:\/\/roveyayinevi.com.tr\/index.php\/wp-json\/wp\/v2\/product_cat?post=757867"},{"taxonomy":"product_tag","embeddable":true,"href":"https:\/\/roveyayinevi.com.tr\/index.php\/wp-json\/wp\/v2\/product_tag?post=757867"}],"curies":[{"name":"wp","href":"https:\/\/api.w.org\/{rel}","templated":true}]}}