{"id":757866,"date":"2025-08-28T07:47:50","date_gmt":"2025-08-28T04:47:50","guid":{"rendered":"https:\/\/roveyayinevi.com.tr\/index.php\/urun\/hezarfen-ahmet-celebi\/"},"modified":"2026-04-16T03:10:50","modified_gmt":"2026-04-16T00:10:50","slug":"hezarfen-ahmet-celebi","status":"publish","type":"product","link":"https:\/\/roveyayinevi.com.tr\/index.php\/urun\/hezarfen-ahmet-celebi\/","title":{"rendered":"Hezarfen Ahmet \u00c7elebi"},"content":{"rendered":"<p>Galata Kulesi\u2019ne \u00e7\u0131kan Hezarfen g\u00f6ky\u00fcz\u00fcne uzunca bir m\u00fcddet bakt\u0131. Akl\u0131 fikri hayali olan u\u00e7maktayd\u0131. Her \u015fey hesaplad\u0131\u011f\u0131 gibi giderse muhakkak u\u00e7may\u0131 ba\u015faracakt\u0131. Tenini ok\u015fayarak s\u00fcz\u00fclen latif r\u00fczg\u00e2rlar esiverdi. Mart\u0131lar g\u00f6zlerini ona dikti. G\u00f6zlerinin \u00f6n\u00fcnden ku\u015flar kanat a\u00e7\u0131p s\u00fcz\u00fclmeye ba\u015flad\u0131. Hezarfen g\u00f6zlerini kapad\u0131 ve kendini kuleden b\u0131rak\u0131verdi. \u0130nsanlar\u0131n \u00e7\u0131\u011fl\u0131klar\u0131 lodosa kar\u0131\u015ft\u0131. Hezarfen g\u00f6ky\u00fcz\u00fcnde birka\u00e7 kez \u00e7\u0131rp\u0131nd\u0131. Ku\u015f kanatlar\u0131yla kendini bo\u015flu\u011fa b\u0131rakan Hezarfen keyifle s\u00fcz\u00fcld\u00fc ve \u00dcsk\u00fcdar Do\u011fanc\u0131lar\u2019a indi. Herkes nefesini tutmu\u015ftu. Kimsenin ihtimal vermedi\u011fi tarihi u\u00e7u\u015f herkesin g\u00f6z\u00fc \u00f6n\u00fcnde ger\u00e7ekle\u015fmi\u015fti. G\u00f6ky\u00fcz\u00fc Hezarfen\u2019in y\u00fcz\u00fcn\u00fc ok\u015fam\u0131\u015f onu kabul etmi\u015fti. <\/p>\n","protected":false},"excerpt":{"rendered":"<p>Galata Kulesi\u2019ne \u00e7\u0131kan Hezarfen g\u00f6ky\u00fcz\u00fcne uzunca bir m\u00fcddet bakt\u0131. Akl\u0131 fikri hayali olan u\u00e7maktayd\u0131. Her \u015fey hesaplad\u0131\u011f\u0131 gibi giderse muhakkak u\u00e7may\u0131 ba\u015faracakt\u0131. Tenini ok\u015fayarak s\u00fcz\u00fclen latif<span class=\"excerpt-hellip\"> [\u2026]<\/span><\/p>\n","protected":false},"featured_media":0,"template":"","meta":{"_monsterinsights_skip_tracking":false,"_monsterinsights_sitenote_active":false,"_monsterinsights_sitenote_note":"","_monsterinsights_sitenote_category":0},"product_brand":[],"product_cat":[13946,12304],"product_tag":[],"class_list":{"0":"post-757866","1":"product","2":"type-product","3":"status-publish","5":"product_cat-biyografi-otobiyografi","6":"product_cat-tarih","7":"pa_cilt-ciltsiz","8":"pa_tur-kitap","9":"pa_yayinevi-genc-hayat","10":"pa_yazar-eda-bildek","12":"first","13":"instock","14":"sale","15":"shipping-taxable","16":"purchasable","17":"product-type-simple"},"_links":{"self":[{"href":"https:\/\/roveyayinevi.com.tr\/index.php\/wp-json\/wp\/v2\/product\/757866","targetHints":{"allow":["GET"]}}],"collection":[{"href":"https:\/\/roveyayinevi.com.tr\/index.php\/wp-json\/wp\/v2\/product"}],"about":[{"href":"https:\/\/roveyayinevi.com.tr\/index.php\/wp-json\/wp\/v2\/types\/product"}],"wp:attachment":[{"href":"https:\/\/roveyayinevi.com.tr\/index.php\/wp-json\/wp\/v2\/media?parent=757866"}],"wp:term":[{"taxonomy":"product_brand","embeddable":true,"href":"https:\/\/roveyayinevi.com.tr\/index.php\/wp-json\/wp\/v2\/product_brand?post=757866"},{"taxonomy":"product_cat","embeddable":true,"href":"https:\/\/roveyayinevi.com.tr\/index.php\/wp-json\/wp\/v2\/product_cat?post=757866"},{"taxonomy":"product_tag","embeddable":true,"href":"https:\/\/roveyayinevi.com.tr\/index.php\/wp-json\/wp\/v2\/product_tag?post=757866"}],"curies":[{"name":"wp","href":"https:\/\/api.w.org\/{rel}","templated":true}]}}