{"id":757865,"date":"2025-08-28T07:47:49","date_gmt":"2025-08-28T04:47:49","guid":{"rendered":"https:\/\/roveyayinevi.com.tr\/index.php\/urun\/yunus-emre-2\/"},"modified":"2026-04-16T03:10:50","modified_gmt":"2026-04-16T00:10:50","slug":"yunus-emre-2","status":"publish","type":"product","link":"https:\/\/roveyayinevi.com.tr\/index.php\/urun\/yunus-emre-2\/","title":{"rendered":"Yunus Emre"},"content":{"rendered":"<p>Okula, parka, kursa giderken yolunuz Sevgi Soka\u011f\u0131\u2019ndan ge\u00e7ti mi? Sevgi Soka\u011f\u0131\u2019nda renk renk u\u00e7urtmalar bulutlarda dola\u015f\u0131r, evlerin pencerelerinden \u00e7i\u00e7ekler sarkar, mis kokular yay\u0131l\u0131r etrafa. Hadi, sen de mutluluk anahtar\u0131n\u0131 bulmak i\u00e7in yolunu Sevgi Soka\u011f\u0131\u2019na d\u00fc\u015f\u00fcr. Yunus Emre\u2019nin biz \u00e7ocuklara s\u00f6yledi\u011fi \u00e7ok s\u00f6z var. \u0130\u00e7indeki sevgiyi ke\u015ffetmek i\u00e7in yolunu Sevgi Soka\u011f\u0131\u2019na d\u00fc\u015f\u00fcren Yunus ile bu s\u00f6zleri ke\u015ffetmeye haz\u0131r m\u0131s\u0131n\u0131z? \u0130\u015faretleri toplay\u0131p Sevgi Soka\u011f\u0131\u2019n\u0131 siz de bulabilirsiniz. Haydi, macera ba\u015flas\u0131n. <\/p>\n","protected":false},"excerpt":{"rendered":"<p>Okula, parka, kursa giderken yolunuz Sevgi Soka\u011f\u0131\u2019ndan ge\u00e7ti mi? Sevgi Soka\u011f\u0131\u2019nda renk renk u\u00e7urtmalar bulutlarda dola\u015f\u0131r, evlerin pencerelerinden \u00e7i\u00e7ekler sarkar, mis kokular yay\u0131l\u0131r etrafa. Hadi, sen<span class=\"excerpt-hellip\"> [\u2026]<\/span><\/p>\n","protected":false},"featured_media":0,"template":"","meta":{"_monsterinsights_skip_tracking":false,"_monsterinsights_sitenote_active":false,"_monsterinsights_sitenote_note":"","_monsterinsights_sitenote_category":0},"product_brand":[],"product_cat":[13946,12304],"product_tag":[],"class_list":{"0":"post-757865","1":"product","2":"type-product","3":"status-publish","5":"product_cat-biyografi-otobiyografi","6":"product_cat-tarih","7":"pa_cilt-ciltsiz","8":"pa_tur-kitap","9":"pa_yayinevi-genc-hayat","10":"pa_yazar-eda-bildek","12":"first","13":"instock","14":"sale","15":"shipping-taxable","16":"purchasable","17":"product-type-simple"},"_links":{"self":[{"href":"https:\/\/roveyayinevi.com.tr\/index.php\/wp-json\/wp\/v2\/product\/757865","targetHints":{"allow":["GET"]}}],"collection":[{"href":"https:\/\/roveyayinevi.com.tr\/index.php\/wp-json\/wp\/v2\/product"}],"about":[{"href":"https:\/\/roveyayinevi.com.tr\/index.php\/wp-json\/wp\/v2\/types\/product"}],"wp:attachment":[{"href":"https:\/\/roveyayinevi.com.tr\/index.php\/wp-json\/wp\/v2\/media?parent=757865"}],"wp:term":[{"taxonomy":"product_brand","embeddable":true,"href":"https:\/\/roveyayinevi.com.tr\/index.php\/wp-json\/wp\/v2\/product_brand?post=757865"},{"taxonomy":"product_cat","embeddable":true,"href":"https:\/\/roveyayinevi.com.tr\/index.php\/wp-json\/wp\/v2\/product_cat?post=757865"},{"taxonomy":"product_tag","embeddable":true,"href":"https:\/\/roveyayinevi.com.tr\/index.php\/wp-json\/wp\/v2\/product_tag?post=757865"}],"curies":[{"name":"wp","href":"https:\/\/api.w.org\/{rel}","templated":true}]}}