{"id":757863,"date":"2025-08-28T07:47:45","date_gmt":"2025-08-28T04:47:45","guid":{"rendered":"https:\/\/roveyayinevi.com.tr\/index.php\/urun\/kudus-fatihi-selahaddin-eyyubi-3\/"},"modified":"2026-04-16T03:10:50","modified_gmt":"2026-04-16T00:10:50","slug":"kudus-fatihi-selahaddin-eyyubi-3","status":"publish","type":"product","link":"https:\/\/roveyayinevi.com.tr\/index.php\/urun\/kudus-fatihi-selahaddin-eyyubi-3\/","title":{"rendered":"Kud\u00fcs Fatihi Selahaddin Eyyubi"},"content":{"rendered":"<p>\u201cKud\u00fcs,  yeni Selahaddinler bekliyordu a\u011flayarak, Kud\u00fcs yeni \u00e2\u015f\u0131klar bekliyordu.\u201d   O bir Sultan\u2026 Kul Sultan, garip Sultan\u2026 Ayaklar\u0131n\u0131n alt\u0131na t\u00fcm d\u00fcnya nimetleri serilen, buna ra\u011fmen hak bildi\u011fi kutlu davas\u0131ndan ba\u015fka hi\u00e7bir sevdaya dilbeste olmayan bir b\u00fcy\u00fck \u00e2\u015f\u0131k\u2026 \u201cKud\u00fcs i\u015fgal alt\u0131ndayken ben nas\u0131l g\u00fclerim?\u201d diyerek g\u00fclmeyi ve uykuyu kendine haram k\u0131lan, koca bir \u00f6m\u00fcr sermayesini, M\u00fcsl\u00fcmanlar\u0131n bu ilk k\u0131blesini ha\u00e7l\u0131 zalimlerinden kurtarmaya harcayan yaln\u0131z yi\u011fit, ya\u015fayan \u015fehit\u2026 Filistin\u2019de ya\u015fanan katliamlar\u0131 i\u00e7leri yanarak izleyen milyonlarca m\u00fcmin y\u00fcrek, \u201cBebekler uyurken sessiz olunur, \u00f6l\u00fcrken de\u011fil!\u201d diyerek, ac\u0131 bir isyanla \u201cGel, gel, gel\u2026\u201d diye hayk\u0131r\u0131yorlard\u0131. Peki, gelecek miydi o beklenen kurtar\u0131c\u0131? Soracak m\u0131yd\u0131 bir g\u00fcn zalimlerden t\u00fcm zul\u00fcmlerin hesab\u0131n\u0131? Hem de hi\u00e7 atlamadan, hi\u00e7 affetmeden, mazlumlar\u0131n hukukunu yeniden ikame edebilecek miydi? Zaman\u0131n ve zulm\u00fcn ya\u015fland\u0131rd\u0131\u011f\u0131 k\u00fcre-i arz, k\u0131yametle i\u00e7indeki t\u00fcm pislikleri mah\u015fer meydan\u0131na kusmadan, son bir bahar \u015fark\u0131s\u0131 daha s\u00f6yleyebilecek miydi acaba? Bu eser, sizi kalben ve ruhen s\u0131rl\u0131 bir yolculu\u011fun kollar\u0131nda as\u0131rlar \u00f6ncesine ta\u015f\u0131yacak ve g\u00fcn\u00fcm\u00fcz\u00fcn Kud\u00fcs sevdal\u0131lar\u0131na yepyeni ufuklar bah\u015fedecektir.<\/p>\n","protected":false},"excerpt":{"rendered":"<p>\u201cKud\u00fcs, yeni Selahaddinler bekliyordu a\u011flayarak, Kud\u00fcs yeni \u00e2\u015f\u0131klar bekliyordu.\u201d O bir Sultan\u2026 Kul Sultan, garip Sultan\u2026 Ayaklar\u0131n\u0131n alt\u0131na t\u00fcm d\u00fcnya nimetleri serilen, buna ra\u011fmen hak bildi\u011fi<span class=\"excerpt-hellip\"> [\u2026]<\/span><\/p>\n","protected":false},"featured_media":0,"template":"","meta":{"_monsterinsights_skip_tracking":false,"_monsterinsights_sitenote_active":false,"_monsterinsights_sitenote_note":"","_monsterinsights_sitenote_category":0},"product_brand":[],"product_cat":[12291,12711],"product_tag":[],"class_list":{"0":"post-757863","1":"product","2":"type-product","3":"status-publish","5":"product_cat-edebiyat","6":"product_cat-roman-oyku","7":"pa_cilt-ciltsiz","8":"pa_tur-kitap","9":"pa_yayinevi-hayat-yayinlari","10":"pa_yazar-yusuf-guldur","12":"first","13":"instock","14":"sale","15":"shipping-taxable","16":"purchasable","17":"product-type-simple"},"_links":{"self":[{"href":"https:\/\/roveyayinevi.com.tr\/index.php\/wp-json\/wp\/v2\/product\/757863","targetHints":{"allow":["GET"]}}],"collection":[{"href":"https:\/\/roveyayinevi.com.tr\/index.php\/wp-json\/wp\/v2\/product"}],"about":[{"href":"https:\/\/roveyayinevi.com.tr\/index.php\/wp-json\/wp\/v2\/types\/product"}],"wp:attachment":[{"href":"https:\/\/roveyayinevi.com.tr\/index.php\/wp-json\/wp\/v2\/media?parent=757863"}],"wp:term":[{"taxonomy":"product_brand","embeddable":true,"href":"https:\/\/roveyayinevi.com.tr\/index.php\/wp-json\/wp\/v2\/product_brand?post=757863"},{"taxonomy":"product_cat","embeddable":true,"href":"https:\/\/roveyayinevi.com.tr\/index.php\/wp-json\/wp\/v2\/product_cat?post=757863"},{"taxonomy":"product_tag","embeddable":true,"href":"https:\/\/roveyayinevi.com.tr\/index.php\/wp-json\/wp\/v2\/product_tag?post=757863"}],"curies":[{"name":"wp","href":"https:\/\/api.w.org\/{rel}","templated":true}]}}