{"id":757862,"date":"2025-08-28T07:47:43","date_gmt":"2025-08-28T04:47:43","guid":{"rendered":"https:\/\/roveyayinevi.com.tr\/index.php\/urun\/dirilis-ertugrul\/"},"modified":"2026-04-16T03:10:50","modified_gmt":"2026-04-16T00:10:50","slug":"dirilis-ertugrul","status":"publish","type":"product","link":"https:\/\/roveyayinevi.com.tr\/index.php\/urun\/dirilis-ertugrul\/","title":{"rendered":"Dirili\u015f Ertu\u011frul"},"content":{"rendered":"<p>TRT\u2019DE YAYINLANAN VE M\u0130LYONLARIN \u0130LG\u0130YLE \u0130ZLED\u0130\u011e\u0130 REYT\u0130NG REKORLARI KIRAN D\u0130Z\u0130N\u0130N K\u0130TABI   Orta Asya bozk\u0131rlar\u0131ndan yola \u00e7\u0131kan ve atlar\u0131n\u0131n \u00fcst\u00fcnde \u00f6nlerine gelen her yeri yak\u0131p y\u0131kan Mo\u011follar; \u015fimdilik vatan olan bu topraklar\u0131n \u00fcst\u00fcnde yal\u0131n k\u0131l\u0131\u00e7 cirit at\u0131yorlar, obalar\u0131 bas\u0131p canlara k\u0131y\u0131yorlard\u0131. Sel\u00e7uklu\u2019nun topra\u011f\u0131nda kendilerine yer g\u00f6sterilen ve burada yazlayan d\u00f6rt y\u00fcz \u00e7ad\u0131rl\u0131 Kay\u0131 Obas\u0131, artan Mo\u011fol bask\u0131s\u0131ndan dolay\u0131 yeni yurt i\u00e7in b\u00fcy\u00fck bir aray\u0131\u015f i\u00e7indeydi. Art\u0131k b\u0131\u00e7ak kemi\u011fe dayanm\u0131\u015f, yaz i\u00e7in geldikleri bu yaylak kendilerine mezar olmaya ba\u015flam\u0131\u015ft\u0131. Kay\u0131lar ne karar verecekti? Her yerden ac\u0131 haberlerin geldi\u011fi bu ortamda bir \u00e7\u0131k\u0131\u015f yolu bulabilecekler miydi? Kendilerini, dahas\u0131 \u00e7ocuklar\u0131n\u0131, torunlar\u0131n\u0131 nas\u0131l bir gelecek bekliyordu? Bu gelece\u011fin i\u00e7inde daimi bir yurt var m\u0131yd\u0131 yoksa bu g\u00f6\u00e7erlik kaderleri olup ilelebet s\u00fcrecek miydi? \u0130\u015fte b\u00f6yle bir zamanda kendilerine sadece bir yurt aray\u0131\u015f\u0131nda olan Kay\u0131lar, asl\u0131nda y\u00fczy\u0131llar boyu devam edecek olan bir imparatorlu\u011fun temellerini de at\u0131yorlard\u0131. <\/p>\n","protected":false},"excerpt":{"rendered":"<p>TRT\u2019DE YAYINLANAN VE M\u0130LYONLARIN \u0130LG\u0130YLE \u0130ZLED\u0130\u011e\u0130 REYT\u0130NG REKORLARI KIRAN D\u0130Z\u0130N\u0130N K\u0130TABI Orta Asya bozk\u0131rlar\u0131ndan yola \u00e7\u0131kan ve atlar\u0131n\u0131n \u00fcst\u00fcnde \u00f6nlerine gelen her yeri yak\u0131p y\u0131kan Mo\u011follar;<span class=\"excerpt-hellip\"> [\u2026]<\/span><\/p>\n","protected":false},"featured_media":0,"template":"","meta":{"_monsterinsights_skip_tracking":false,"_monsterinsights_sitenote_active":false,"_monsterinsights_sitenote_note":"","_monsterinsights_sitenote_category":0},"product_brand":[],"product_cat":[12291,12745],"product_tag":[],"class_list":{"0":"post-757862","1":"product","2":"type-product","3":"status-publish","5":"product_cat-edebiyat","6":"product_cat-tarihi-roman","7":"pa_cilt-ciltsiz","8":"pa_tur-kitap","9":"pa_yayinevi-genc-hayat","10":"pa_yazar-ali-zengin","12":"first","13":"instock","14":"sale","15":"shipping-taxable","16":"purchasable","17":"product-type-simple"},"_links":{"self":[{"href":"https:\/\/roveyayinevi.com.tr\/index.php\/wp-json\/wp\/v2\/product\/757862","targetHints":{"allow":["GET"]}}],"collection":[{"href":"https:\/\/roveyayinevi.com.tr\/index.php\/wp-json\/wp\/v2\/product"}],"about":[{"href":"https:\/\/roveyayinevi.com.tr\/index.php\/wp-json\/wp\/v2\/types\/product"}],"wp:attachment":[{"href":"https:\/\/roveyayinevi.com.tr\/index.php\/wp-json\/wp\/v2\/media?parent=757862"}],"wp:term":[{"taxonomy":"product_brand","embeddable":true,"href":"https:\/\/roveyayinevi.com.tr\/index.php\/wp-json\/wp\/v2\/product_brand?post=757862"},{"taxonomy":"product_cat","embeddable":true,"href":"https:\/\/roveyayinevi.com.tr\/index.php\/wp-json\/wp\/v2\/product_cat?post=757862"},{"taxonomy":"product_tag","embeddable":true,"href":"https:\/\/roveyayinevi.com.tr\/index.php\/wp-json\/wp\/v2\/product_tag?post=757862"}],"curies":[{"name":"wp","href":"https:\/\/api.w.org\/{rel}","templated":true}]}}