{"id":757859,"date":"2025-08-28T07:47:40","date_gmt":"2025-08-28T04:47:40","guid":{"rendered":"https:\/\/roveyayinevi.com.tr\/index.php\/urun\/ibn-i-sina\/"},"modified":"2026-04-16T03:10:50","modified_gmt":"2026-04-16T00:10:50","slug":"ibn-i-sina","status":"publish","type":"product","link":"https:\/\/roveyayinevi.com.tr\/index.php\/urun\/ibn-i-sina\/","title":{"rendered":"\u0130bn-i Sina"},"content":{"rendered":"<p>Heybeli Ada\u2019dan ba\u015flay\u0131p Tarihi Yar\u0131mada\u2019ya uzanan s\u0131rlarla, \u015fifrelerle dolu bir yolculu\u011fa \u00e7\u0131kmaya haz\u0131r m\u0131s\u0131n\u0131z? \u00c7ocukluk arkada\u015flar\u0131 Yi\u011fit, Efe ve Bahar, Heybeliada\u2019daki eski bir f\u0131r\u0131ndan bulduklar\u0131 gizemli not ile maceraya at\u0131l\u0131rlar. Bu yolda en b\u00fcy\u00fck destek\u00e7ileri b\u00fcy\u00fck \u00e2lim \u0130bn-i Sina\u2019n\u0131n izinden giderek doktor olan babalar\u0131d\u0131r. Kimi zaman kendinizi bir havuzda bulacak kimi zaman da s\u0131rlarla dolu k\u00fct\u00fcphanenin kap\u0131s\u0131n\u0131 aralayacaks\u0131n\u0131z. Haydi, Yi\u011fit ve dostlar\u0131n\u0131n pe\u015fine tak\u0131l\u0131p siz de \u0130bn-i Sina\u2019ya ula\u015f\u0131n. Bakars\u0131n\u0131z onlardan \u00f6nce ger\u00e7ek hazineyi bulursunuz. <\/p>\n","protected":false},"excerpt":{"rendered":"<p>Heybeli Ada\u2019dan ba\u015flay\u0131p Tarihi Yar\u0131mada\u2019ya uzanan s\u0131rlarla, \u015fifrelerle dolu bir yolculu\u011fa \u00e7\u0131kmaya haz\u0131r m\u0131s\u0131n\u0131z? \u00c7ocukluk arkada\u015flar\u0131 Yi\u011fit, Efe ve Bahar, Heybeliada\u2019daki eski bir f\u0131r\u0131ndan bulduklar\u0131 gizemli<span class=\"excerpt-hellip\"> [\u2026]<\/span><\/p>\n","protected":false},"featured_media":0,"template":"","meta":{"_monsterinsights_skip_tracking":false,"_monsterinsights_sitenote_active":false,"_monsterinsights_sitenote_note":"","_monsterinsights_sitenote_category":0},"product_brand":[],"product_cat":[13946,12304],"product_tag":[],"class_list":{"0":"post-757859","1":"product","2":"type-product","3":"status-publish","5":"product_cat-biyografi-otobiyografi","6":"product_cat-tarih","7":"pa_cilt-ciltsiz","8":"pa_tur-kitap","9":"pa_yayinevi-genc-hayat","10":"pa_yazar-eda-bildek","12":"first","13":"instock","14":"sale","15":"shipping-taxable","16":"purchasable","17":"product-type-simple"},"_links":{"self":[{"href":"https:\/\/roveyayinevi.com.tr\/index.php\/wp-json\/wp\/v2\/product\/757859","targetHints":{"allow":["GET"]}}],"collection":[{"href":"https:\/\/roveyayinevi.com.tr\/index.php\/wp-json\/wp\/v2\/product"}],"about":[{"href":"https:\/\/roveyayinevi.com.tr\/index.php\/wp-json\/wp\/v2\/types\/product"}],"wp:attachment":[{"href":"https:\/\/roveyayinevi.com.tr\/index.php\/wp-json\/wp\/v2\/media?parent=757859"}],"wp:term":[{"taxonomy":"product_brand","embeddable":true,"href":"https:\/\/roveyayinevi.com.tr\/index.php\/wp-json\/wp\/v2\/product_brand?post=757859"},{"taxonomy":"product_cat","embeddable":true,"href":"https:\/\/roveyayinevi.com.tr\/index.php\/wp-json\/wp\/v2\/product_cat?post=757859"},{"taxonomy":"product_tag","embeddable":true,"href":"https:\/\/roveyayinevi.com.tr\/index.php\/wp-json\/wp\/v2\/product_tag?post=757859"}],"curies":[{"name":"wp","href":"https:\/\/api.w.org\/{rel}","templated":true}]}}