{"id":757858,"date":"2025-08-28T07:47:38","date_gmt":"2025-08-28T04:47:38","guid":{"rendered":"https:\/\/roveyayinevi.com.tr\/index.php\/urun\/turkce-ile-hesaplamali-dil-bilimi\/"},"modified":"2026-04-16T03:10:50","modified_gmt":"2026-04-16T00:10:50","slug":"turkce-ile-hesaplamali-dil-bilimi","status":"publish","type":"product","link":"https:\/\/roveyayinevi.com.tr\/index.php\/urun\/turkce-ile-hesaplamali-dil-bilimi\/","title":{"rendered":"T\u00fcrk\u00e7e ile Hesaplamal\u0131 Dil Bilimi"},"content":{"rendered":"<p>Dijital metinlerin otomatik \u00e7\u00f6z\u00fcmlenmesi ve \u00e7e\u015fitli \u00e7\u0131karsamalarda kullan\u0131lmas\u0131 do\u011fal dil i\u015flemesi \u00e7al\u0131\u015fmalar\u0131n\u0131n ana amac\u0131d\u0131r. Bu \u00e7al\u0131\u015fmalar\u0131n, diller aras\u0131 otomatik \u00e7eviriden, adli bili\u015fime kadar geni\u015f bir yelpazede uygulamalar\u0131 vard\u0131r. Bu kitapta, do\u011fal dil \u00e7al\u0131\u015fmalar\u0131n\u0131n temelinde olmas\u0131 gereken alan bilgisi vurgulanm\u0131\u015ft\u0131r. Alan bilgisi dillerle ilgili g\u00fcncel kuramlar\u0131n bilgisi yan\u0131nda, u\u011fra\u015f\u0131lan spesifik bir dille ilgili, o dile \u00f6zg\u00fc yap\u0131 bilgisini de i\u00e7erir. T\u00fcm diller i\u00e7in ayn\u0131 derecede ge\u00e7erli kuram ve kurgular \u00e7ok azd\u0131r. Pratik do\u011fal dil uygulamalar\u0131nda da, raftan al\u0131n\u0131p eldeki dile uygulanmaya \u00e7al\u0131\u015f\u0131lan algoritmalar, basit hesaplamal\u0131 deney al\u0131\u015ft\u0131rmalar\u0131ndan \u00e7ok \u00f6teye gidemez.Dillerin ortak bili\u015fsel alt yap\u0131lar\u0131 \u00fcst\u00fcnde, kendilerine \u00f6zg\u00fc \u00e7\u00f6z\u00fcmleri ve kategorileri vard\u0131r. Bir dilin \u00f6rg\u00fcs\u00fc \u00e7ok nadiren di\u011fer bir dile ta\u015f\u0131nabilir. T\u00fcrk\u00e7e i\u00e7in de, T\u00fcrk\u00e7eye \u00f6zg\u00fc bak\u0131\u015f\u0131n kurulmas\u0131 ve bu kurgunun genel dil bilimi kuramlar\u0131n\u0131n i\u00e7inde yerini almas\u0131 gereklidir.Bu kitap, dili, hesaplamal\u0131 yakla\u015f\u0131mlar\u0131n merkezine oturtmak ve bunu T\u00fcrk\u00e7e ile, T\u00fcrk\u00e7ede yapmak amac\u0131yla yaz\u0131ld\u0131.<\/p>\n","protected":false},"excerpt":{"rendered":"<p>Dijital metinlerin otomatik \u00e7\u00f6z\u00fcmlenmesi ve \u00e7e\u015fitli \u00e7\u0131karsamalarda kullan\u0131lmas\u0131 do\u011fal dil i\u015flemesi \u00e7al\u0131\u015fmalar\u0131n\u0131n ana amac\u0131d\u0131r. Bu \u00e7al\u0131\u015fmalar\u0131n, diller aras\u0131 otomatik \u00e7eviriden, adli bili\u015fime kadar geni\u015f bir yelpazede<span class=\"excerpt-hellip\"> [\u2026]<\/span><\/p>\n","protected":false},"featured_media":0,"template":"","meta":{"_monsterinsights_skip_tracking":false,"_monsterinsights_sitenote_active":false,"_monsterinsights_sitenote_note":"","_monsterinsights_sitenote_category":0},"product_brand":[],"product_cat":[20225,12291],"product_tag":[],"class_list":{"0":"post-757858","1":"product","2":"type-product","3":"status-publish","5":"product_cat-dil-bilim","6":"product_cat-edebiyat","7":"pa_cilt-ciltsiz","8":"pa_tur-kitap","9":"pa_yayinevi-beykoz-universitesi-yayinlari","10":"pa_yazar-ercan-solak","12":"first","13":"instock","14":"sale","15":"shipping-taxable","16":"purchasable","17":"product-type-simple"},"_links":{"self":[{"href":"https:\/\/roveyayinevi.com.tr\/index.php\/wp-json\/wp\/v2\/product\/757858","targetHints":{"allow":["GET"]}}],"collection":[{"href":"https:\/\/roveyayinevi.com.tr\/index.php\/wp-json\/wp\/v2\/product"}],"about":[{"href":"https:\/\/roveyayinevi.com.tr\/index.php\/wp-json\/wp\/v2\/types\/product"}],"wp:attachment":[{"href":"https:\/\/roveyayinevi.com.tr\/index.php\/wp-json\/wp\/v2\/media?parent=757858"}],"wp:term":[{"taxonomy":"product_brand","embeddable":true,"href":"https:\/\/roveyayinevi.com.tr\/index.php\/wp-json\/wp\/v2\/product_brand?post=757858"},{"taxonomy":"product_cat","embeddable":true,"href":"https:\/\/roveyayinevi.com.tr\/index.php\/wp-json\/wp\/v2\/product_cat?post=757858"},{"taxonomy":"product_tag","embeddable":true,"href":"https:\/\/roveyayinevi.com.tr\/index.php\/wp-json\/wp\/v2\/product_tag?post=757858"}],"curies":[{"name":"wp","href":"https:\/\/api.w.org\/{rel}","templated":true}]}}