{"id":757855,"date":"2025-08-28T07:47:34","date_gmt":"2025-08-28T04:47:34","guid":{"rendered":"https:\/\/roveyayinevi.com.tr\/index.php\/urun\/kalbimdeki-bazi-cigliklar\/"},"modified":"2026-04-16T03:10:49","modified_gmt":"2026-04-16T00:10:49","slug":"kalbimdeki-bazi-cigliklar","status":"publish","type":"product","link":"https:\/\/roveyayinevi.com.tr\/index.php\/urun\/kalbimdeki-bazi-cigliklar\/","title":{"rendered":"Kalbimdeki Baz\u0131 \u00c7\u0131\u011fl\u0131klar"},"content":{"rendered":"<p>Nefesim kesiliyor,Kabuslar\u0131m\u0131 engelleyemiyorum.Her \u015feyin g\u00fczelli\u011fi kayboluyor,Kalbimdeki sonsuz a\u011fr\u0131y\u0131 kar\u015f\u0131l\u0131yorum.Hayat\u0131m\u0131n kay\u0131\u015f\u0131n\u0131 izliyor,\u00c7\u0131\u011fl\u0131klar\u0131mla yava\u015f\u00e7a eriyorum.  \u201cK\u00fc\u00e7\u00fckl\u00fc\u011f\u00fcmden beri duygular\u0131m\u0131 ve d\u00fc\u015f\u00fcncelerimi ifade edebilmek i\u00e7in \u015fiiri kulland\u0131m.Kanserle bu denli y\u00fcz y\u00fcze geldikten sonra art\u0131k bu d\u00fc\u015f\u00fcnceleri ve duygular\u0131 daha fazla ertelemeden payla\u015fmak istedi\u011fimi fark ettim.Dahas\u0131, \u015fiirlerimde yaln\u0131zca kendimin de\u011fil ba\u015fka insanlar\u0131n da hissettiklerini yaz\u0131yormu\u015f gibi d\u00fc\u015f\u00fcnd\u00fc\u011f\u00fcm i\u00e7in bu kitapta herkesinkendinden bir par\u00e7a bulaca\u011f\u0131n\u0131 tahmin ediyorum. Duygular\u0131m\u0131z\u0131, d\u00fc\u015f\u00fcncelerimizi, hayallerimizi; k\u0131sacas\u0131 kendimizi a\u00e7\u0131klamaktan korkmad\u0131\u011f\u0131m\u0131z yar\u0131nlara\u2026\u201d Ecem Badik<\/p>\n","protected":false},"excerpt":{"rendered":"<p>Nefesim kesiliyor,Kabuslar\u0131m\u0131 engelleyemiyorum.Her \u015feyin g\u00fczelli\u011fi kayboluyor,Kalbimdeki sonsuz a\u011fr\u0131y\u0131 kar\u015f\u0131l\u0131yorum.Hayat\u0131m\u0131n kay\u0131\u015f\u0131n\u0131 izliyor,\u00c7\u0131\u011fl\u0131klar\u0131mla yava\u015f\u00e7a eriyorum. \u201cK\u00fc\u00e7\u00fckl\u00fc\u011f\u00fcmden beri duygular\u0131m\u0131 ve d\u00fc\u015f\u00fcncelerimi ifade edebilmek i\u00e7in \u015fiiri kulland\u0131m.Kanserle bu denli y\u00fcz<span class=\"excerpt-hellip\"> [\u2026]<\/span><\/p>\n","protected":false},"featured_media":0,"template":"","meta":{"_monsterinsights_skip_tracking":false,"_monsterinsights_sitenote_active":false,"_monsterinsights_sitenote_note":"","_monsterinsights_sitenote_category":0},"product_brand":[],"product_cat":[12291,12509],"product_tag":[],"class_list":{"0":"post-757855","1":"product","2":"type-product","3":"status-publish","5":"product_cat-edebiyat","6":"product_cat-siir","7":"pa_cilt-ciltsiz","8":"pa_tur-kitap","9":"pa_yayinevi-alkun-kitap","10":"pa_yazar-ecem-badik","12":"first","13":"instock","14":"sale","15":"shipping-taxable","16":"purchasable","17":"product-type-simple"},"_links":{"self":[{"href":"https:\/\/roveyayinevi.com.tr\/index.php\/wp-json\/wp\/v2\/product\/757855","targetHints":{"allow":["GET"]}}],"collection":[{"href":"https:\/\/roveyayinevi.com.tr\/index.php\/wp-json\/wp\/v2\/product"}],"about":[{"href":"https:\/\/roveyayinevi.com.tr\/index.php\/wp-json\/wp\/v2\/types\/product"}],"wp:attachment":[{"href":"https:\/\/roveyayinevi.com.tr\/index.php\/wp-json\/wp\/v2\/media?parent=757855"}],"wp:term":[{"taxonomy":"product_brand","embeddable":true,"href":"https:\/\/roveyayinevi.com.tr\/index.php\/wp-json\/wp\/v2\/product_brand?post=757855"},{"taxonomy":"product_cat","embeddable":true,"href":"https:\/\/roveyayinevi.com.tr\/index.php\/wp-json\/wp\/v2\/product_cat?post=757855"},{"taxonomy":"product_tag","embeddable":true,"href":"https:\/\/roveyayinevi.com.tr\/index.php\/wp-json\/wp\/v2\/product_tag?post=757855"}],"curies":[{"name":"wp","href":"https:\/\/api.w.org\/{rel}","templated":true}]}}