{"id":757853,"date":"2025-08-28T07:47:30","date_gmt":"2025-08-28T04:47:30","guid":{"rendered":"https:\/\/roveyayinevi.com.tr\/index.php\/urun\/candan-canana\/"},"modified":"2026-04-16T03:10:49","modified_gmt":"2026-04-16T00:10:49","slug":"candan-canana","status":"publish","type":"product","link":"https:\/\/roveyayinevi.com.tr\/index.php\/urun\/candan-canana\/","title":{"rendered":"Candan Canan&#8217;a"},"content":{"rendered":"<p>\u201cG\u00f6n\u00fcl, Candan Canan\u2019a uzanan uzun ince bir k\u00f6pr\u00fcd\u00fcr;Bu k\u00f6pr\u00fcden ge\u00e7meden, Canan\u2019a eri\u015filemez.\u201d\u201cCandan Canan\u2019a\u201d, \u015fiirsel s\u00f6zler \u015feklinde nitelendirilebilecek denemelerden olu\u015fan bir \u00e7al\u0131\u015fma olarak \u00e7\u0131k\u0131yor okuyucunun kar\u015f\u0131s\u0131na.Bu \u015fiirsel s\u00f6zlerin her biri yazar\u0131n ya\u015fam felsefesi ile g\u00f6n\u00fclden hissedi\u015flerinin yans\u0131mas\u0131 olarak ka\u011f\u0131da d\u00f6k\u00fcl\u00fcyor. Yunus Emre, Celalettin Rumi ve Horasan Erenlerinin k\u00fclt\u00fcrleri, yazar\u0131n kendine has k\u00fclt\u00fcrel\/d\u00fc\u015f\u00fcnsel s\u00fczgecinden ge\u00e7erek duygu ve d\u00fc\u015f\u00fcncelerin s\u00f6zel d\u0131\u015fa vurumunu a\u00e7\u0131\u011fa \u00e7\u0131kart\u0131yor.<\/p>\n","protected":false},"excerpt":{"rendered":"<p>\u201cG\u00f6n\u00fcl, Candan Canan\u2019a uzanan uzun ince bir k\u00f6pr\u00fcd\u00fcr;Bu k\u00f6pr\u00fcden ge\u00e7meden, Canan\u2019a eri\u015filemez.\u201d\u201cCandan Canan\u2019a\u201d, \u015fiirsel s\u00f6zler \u015feklinde nitelendirilebilecek denemelerden olu\u015fan bir \u00e7al\u0131\u015fma olarak \u00e7\u0131k\u0131yor okuyucunun kar\u015f\u0131s\u0131na.Bu \u015fiirsel<span class=\"excerpt-hellip\"> [\u2026]<\/span><\/p>\n","protected":false},"featured_media":0,"template":"","meta":{"_monsterinsights_skip_tracking":false,"_monsterinsights_sitenote_active":false,"_monsterinsights_sitenote_note":"","_monsterinsights_sitenote_category":0},"product_brand":[],"product_cat":[12777,12291],"product_tag":[],"class_list":{"0":"post-757853","1":"product","2":"type-product","3":"status-publish","5":"product_cat-deneme","6":"product_cat-edebiyat","7":"pa_cilt-ciltsiz","8":"pa_tur-kitap","9":"pa_yayinevi-alkun-kitap","10":"pa_yazar-serhat-seker","12":"first","13":"instock","14":"sale","15":"shipping-taxable","16":"purchasable","17":"product-type-simple"},"_links":{"self":[{"href":"https:\/\/roveyayinevi.com.tr\/index.php\/wp-json\/wp\/v2\/product\/757853","targetHints":{"allow":["GET"]}}],"collection":[{"href":"https:\/\/roveyayinevi.com.tr\/index.php\/wp-json\/wp\/v2\/product"}],"about":[{"href":"https:\/\/roveyayinevi.com.tr\/index.php\/wp-json\/wp\/v2\/types\/product"}],"wp:attachment":[{"href":"https:\/\/roveyayinevi.com.tr\/index.php\/wp-json\/wp\/v2\/media?parent=757853"}],"wp:term":[{"taxonomy":"product_brand","embeddable":true,"href":"https:\/\/roveyayinevi.com.tr\/index.php\/wp-json\/wp\/v2\/product_brand?post=757853"},{"taxonomy":"product_cat","embeddable":true,"href":"https:\/\/roveyayinevi.com.tr\/index.php\/wp-json\/wp\/v2\/product_cat?post=757853"},{"taxonomy":"product_tag","embeddable":true,"href":"https:\/\/roveyayinevi.com.tr\/index.php\/wp-json\/wp\/v2\/product_tag?post=757853"}],"curies":[{"name":"wp","href":"https:\/\/api.w.org\/{rel}","templated":true}]}}