{"id":757852,"date":"2025-08-28T07:47:27","date_gmt":"2025-08-28T04:47:27","guid":{"rendered":"https:\/\/roveyayinevi.com.tr\/index.php\/urun\/bilissel-kavramlar-uzerine-aforizmalar-dusunsel-deyisler\/"},"modified":"2026-04-16T03:10:49","modified_gmt":"2026-04-16T00:10:49","slug":"bilissel-kavramlar-uzerine-aforizmalar-dusunsel-deyisler","status":"publish","type":"product","link":"https:\/\/roveyayinevi.com.tr\/index.php\/urun\/bilissel-kavramlar-uzerine-aforizmalar-dusunsel-deyisler\/","title":{"rendered":"Bili\u015fsel Kavramlar \u00dczerine Aforizmalar &#8211; D\u00fc\u015f\u00fcnsel Deyi\u015fler"},"content":{"rendered":"<p>&#8216;Bili\u015fsel Kavramlar \u00dczerine Aforizmalar&#8217; isimli bu kitap, bir bilim insan\u0131n\u0131n k\u0131rk be\u015f y\u0131ll\u0131k akademik ve d\u00fc\u015f\u00fcnsel hayat\u0131nda \u00fcretti\u011fi bilimsel ve felsefi bilgilerin bir anlamda \u00f6z\u00fcn\u00fc sunmaktad\u0131r.Bilim, sanat, din, felsefe, evren ve yapay zek\u00e2 ba\u015fl\u0131klar\u0131nda gruplanan \u00f6zdeyi\u015fler, d\u00fc\u015f\u00fcnsel derinlikten bili\u015fsel d\u00f6n\u00fc\u015f\u00fcme uzanan bir yolculuk vaat ediyor. Her insan\u0131n kendine \u00f6zg\u00fc bili\u015fsel olgunlu\u011fa sahip olmas\u0131 ile bamba\u015fka bi\u00e7imlerde akacak olan bu d\u00fc\u015f\u00fcnsel yolculu\u011fun son noktas\u0131n\u0131 ise okuyucuya ayr\u0131lan sayfalar ile yine okuyucunun kendisi belirleyecek. B\u00f6ylece eser, d\u00fc\u015f\u00fcncenin kendisi gibi \u00f6zg\u00fcn ve yo\u011fun bir biti\u015fi, tamamlan\u0131\u015f\u0131 da sunuyor.Derin d\u00fc\u015f\u00fcncenin ho\u015f hissedi\u015flerini duyumsaman\u0131z dile\u011fiyle&#8230;<\/p>\n","protected":false},"excerpt":{"rendered":"<p>&#8216;Bili\u015fsel Kavramlar \u00dczerine Aforizmalar&#8217; isimli bu kitap, bir bilim insan\u0131n\u0131n k\u0131rk be\u015f y\u0131ll\u0131k akademik ve d\u00fc\u015f\u00fcnsel hayat\u0131nda \u00fcretti\u011fi bilimsel ve felsefi bilgilerin bir anlamda \u00f6z\u00fcn\u00fc sunmaktad\u0131r.Bilim,<span class=\"excerpt-hellip\"> [\u2026]<\/span><\/p>\n","protected":false},"featured_media":0,"template":"","meta":{"_monsterinsights_skip_tracking":false,"_monsterinsights_sitenote_active":false,"_monsterinsights_sitenote_note":"","_monsterinsights_sitenote_category":0},"product_brand":[],"product_cat":[12777,12291],"product_tag":[],"class_list":{"0":"post-757852","1":"product","2":"type-product","3":"status-publish","5":"product_cat-deneme","6":"product_cat-edebiyat","7":"pa_cilt-ciltsiz","8":"pa_tur-kitap","9":"pa_yayinevi-alkun-kitap","10":"pa_yazar-serhat-seker","12":"first","13":"instock","14":"sale","15":"shipping-taxable","16":"purchasable","17":"product-type-simple"},"_links":{"self":[{"href":"https:\/\/roveyayinevi.com.tr\/index.php\/wp-json\/wp\/v2\/product\/757852","targetHints":{"allow":["GET"]}}],"collection":[{"href":"https:\/\/roveyayinevi.com.tr\/index.php\/wp-json\/wp\/v2\/product"}],"about":[{"href":"https:\/\/roveyayinevi.com.tr\/index.php\/wp-json\/wp\/v2\/types\/product"}],"wp:attachment":[{"href":"https:\/\/roveyayinevi.com.tr\/index.php\/wp-json\/wp\/v2\/media?parent=757852"}],"wp:term":[{"taxonomy":"product_brand","embeddable":true,"href":"https:\/\/roveyayinevi.com.tr\/index.php\/wp-json\/wp\/v2\/product_brand?post=757852"},{"taxonomy":"product_cat","embeddable":true,"href":"https:\/\/roveyayinevi.com.tr\/index.php\/wp-json\/wp\/v2\/product_cat?post=757852"},{"taxonomy":"product_tag","embeddable":true,"href":"https:\/\/roveyayinevi.com.tr\/index.php\/wp-json\/wp\/v2\/product_tag?post=757852"}],"curies":[{"name":"wp","href":"https:\/\/api.w.org\/{rel}","templated":true}]}}