{"id":757851,"date":"2025-08-28T07:47:25","date_gmt":"2025-08-28T04:47:25","guid":{"rendered":"https:\/\/roveyayinevi.com.tr\/index.php\/urun\/kalbimin-sesi\/"},"modified":"2026-04-16T03:10:49","modified_gmt":"2026-04-16T00:10:49","slug":"kalbimin-sesi","status":"publish","type":"product","link":"https:\/\/roveyayinevi.com.tr\/index.php\/urun\/kalbimin-sesi\/","title":{"rendered":"Kalbimin Sesi"},"content":{"rendered":"<p>&#8220;Hayat bir d\u00f6nme dolapt\u0131r! Ne zaman binip ne zaman indi\u011fimiz \u00f6nemli. Zira bu iki zaman aras\u0131 bizim ya\u015fam\u0131m\u0131zd\u0131r.\u201d17 ya\u015f\u0131ndaki bir gencin isteyebilece\u011fi her \u015feye sahipti Matteo. Ba\u015far\u0131l\u0131 bir futbol tak\u0131m\u0131n\u0131n kaptan\u0131yd\u0131, vakit ge\u00e7irmeyi sevdi\u011fi bir aile ve dostlara sahipti. Ancak hayat\u0131n hi\u00e7 beklenmedik anlarda y\u00f6n de\u011fi\u015ftirmesi gibi bir huyu vard\u0131r. Matteo i\u00e7in de deniz kenar\u0131nda ba\u015flayan bir g\u00fcn hastanede sona ermi\u015f, geriye y\u00fczle\u015fmesi gereken bir trajedi b\u0131rakm\u0131\u015ft\u0131. Kalbi onu terk ediyordu. Hayat\u0131 bir anda bamba\u015fka bir ger\u00e7ekli\u011fe b\u00fcr\u00fcnm\u00fc\u015ft\u00fc. Hayata tutunabilmesi i\u00e7in kalp nakline ihtiyac\u0131 oldu\u011funu, aksi takdirde az bir \u00f6mr\u00fcn\u00fcn kald\u0131\u011f\u0131n\u0131 bilmek sanki onu her ge\u00e7en g\u00fcn renkleri solan bir d\u00fcnyaya hapsetmi\u015fti. Matteo\u2019dan kilometrelerce uzakta ya\u015fayan bir aile de nesiller boyu s\u00fcren farkl\u0131 bir trajedi ya\u015f\u0131yordu. Ama her trajedinin i\u00e7inde gizem de sakl\u0131d\u0131r.R\u00fcyalarla ortaya \u00e7\u0131kan, tesad\u00fcflerle h\u0131zlanan i\u00e7 i\u00e7e ya\u015fanan iki \u00f6yk\u00fc&#8230; Birle\u015ftikleri an herkes i\u00e7in ikinci bir hayat ba\u015flam\u0131\u015ft\u0131.<\/p>\n","protected":false},"excerpt":{"rendered":"<p>&#8220;Hayat bir d\u00f6nme dolapt\u0131r! Ne zaman binip ne zaman indi\u011fimiz \u00f6nemli. Zira bu iki zaman aras\u0131 bizim ya\u015fam\u0131m\u0131zd\u0131r.\u201d17 ya\u015f\u0131ndaki bir gencin isteyebilece\u011fi her \u015feye sahipti Matteo.<span class=\"excerpt-hellip\"> [\u2026]<\/span><\/p>\n","protected":false},"featured_media":0,"template":"","meta":{"_monsterinsights_skip_tracking":false,"_monsterinsights_sitenote_active":false,"_monsterinsights_sitenote_note":"","_monsterinsights_sitenote_category":0},"product_brand":[],"product_cat":[12291,12711],"product_tag":[],"class_list":{"0":"post-757851","1":"product","2":"type-product","3":"status-publish","5":"product_cat-edebiyat","6":"product_cat-roman-oyku","7":"pa_cilt-ciltsiz","8":"pa_tur-kitap","9":"pa_yayinevi-alkun-kitap","10":"pa_yazar-serkan-isik","12":"first","13":"instock","14":"sale","15":"shipping-taxable","16":"purchasable","17":"product-type-simple"},"_links":{"self":[{"href":"https:\/\/roveyayinevi.com.tr\/index.php\/wp-json\/wp\/v2\/product\/757851","targetHints":{"allow":["GET"]}}],"collection":[{"href":"https:\/\/roveyayinevi.com.tr\/index.php\/wp-json\/wp\/v2\/product"}],"about":[{"href":"https:\/\/roveyayinevi.com.tr\/index.php\/wp-json\/wp\/v2\/types\/product"}],"wp:attachment":[{"href":"https:\/\/roveyayinevi.com.tr\/index.php\/wp-json\/wp\/v2\/media?parent=757851"}],"wp:term":[{"taxonomy":"product_brand","embeddable":true,"href":"https:\/\/roveyayinevi.com.tr\/index.php\/wp-json\/wp\/v2\/product_brand?post=757851"},{"taxonomy":"product_cat","embeddable":true,"href":"https:\/\/roveyayinevi.com.tr\/index.php\/wp-json\/wp\/v2\/product_cat?post=757851"},{"taxonomy":"product_tag","embeddable":true,"href":"https:\/\/roveyayinevi.com.tr\/index.php\/wp-json\/wp\/v2\/product_tag?post=757851"}],"curies":[{"name":"wp","href":"https:\/\/api.w.org\/{rel}","templated":true}]}}