{"id":757850,"date":"2025-08-28T07:47:23","date_gmt":"2025-08-28T04:47:23","guid":{"rendered":"https:\/\/roveyayinevi.com.tr\/index.php\/urun\/kadidja\/"},"modified":"2026-04-16T03:10:49","modified_gmt":"2026-04-16T00:10:49","slug":"kadidja","status":"publish","type":"product","link":"https:\/\/roveyayinevi.com.tr\/index.php\/urun\/kadidja\/","title":{"rendered":"Kadidja"},"content":{"rendered":"<p>D\u00fcnyan\u0131n ya\u015fanm\u0131\u015f en b\u00fcy\u00fck a\u015fklar\u0131ndan biri de Hz. Hatice ve Hz. Muhammed aras\u0131ndaki a\u015fkt\u0131. Hz. Hatice, peygambere inanan ilk M\u00fcsl\u00fcmand\u0131. Onlar ya\u015fad\u0131klar\u0131 s\u00fcrece sevgi ve inan\u00e7la birbirlerinin aynas\u0131 olmu\u015flard\u0131. Ama Hz. Hatice\u2019nin de \u00fcstlendi\u011fi ilahi bir g\u00f6rev vard\u0131. Bu g\u00f6rev ona peygambere yolda\u015f olmas\u0131 i\u00e7in verilmi\u015fti. Cel\u00e2leddin Rumi\u2019nin dedi\u011fi gibi \u201cB\u00fct\u00fcn a\u015fklar ilahi a\u015fka k\u00f6pr\u00fcd\u00fcr. Hen\u00fcz a\u015fk\u0131 tatmam\u0131\u015f olanlar ise bunu bilemez.\u201cKadidja, asl\u0131nda \u015fiir format\u0131nda yaz\u0131lm\u0131\u015f denemelerden olu\u015fan bir eser. Yazar\u0131n mana d\u00fcnyas\u0131ndan gelen bu duygu yans\u0131malar\u0131n\u0131n ilahi teslimiyete ula\u015fmas\u0131n\u0131 anlatan bu denemeler \u015fiirin bilinen format\u0131ndan olduk\u00e7a uzakta \u015fiirsel s\u00f6zler olarak okuyucu ile bulu\u015fturmaktad\u0131r. T\u00fcm bu gayenin ard\u0131nda ise basit bir istek kendini g\u00f6steriyor: D\u00fcnyevi duygular\u0131n manevi alandaki izd\u00fc\u015f\u00fcm\u00fcn\u00fc g\u00f6n\u00fcl g\u00f6z\u00fc ile d\u0131\u015fa vurmak. L&#8217;un des plus grands amours jamais v\u00e9cus dans le monde a \u00e9t\u00e9 l&#8217;amour entre le proph\u00e8te Khadija et le proph\u00e8te Muhammad. Khadija a \u00e9t\u00e9 la premi\u00e8re musulmane \u00e0 croire au proph\u00e8te. Ils se sont devenus les miroirs de l&#8217;un de l&#8217;autre dans l&#8217;amour et la foi aussi longtemps qu&#8217;ils ont v\u00e9cu. Mais Khadija avait aussi une mission divine. Cette mission lui a \u00e9t\u00e9 confi\u00e9e pour \u00eatre un compagnon du Proph\u00e8te. Comme le disait Djal\u00e2l ad-D\u00een R\u00fbm\u00ee, \u201cTout amour est un pont vers l&#8217;amour divin. Ceux qui n&#8217;ont pas encore go\u00fbt\u00e9 \u00e0 l&#8217;amour ne le connaissent pas.\u201dKadidja est en fait un ouvrage d&#8217;essais \u00e9crits sous forme de po\u00e9sie. Ces essais, qui d\u00e9crivent les r\u00e9flexions \u00e9motionnelles de l&#8217;auteur depuis le monde du sens jusqu&#8217;\u00e0 la soumission divine, rencontrent le lecteur comme des mots po\u00e9tiques, assez loin du format connu de la po\u00e9sie. Derri\u00e8re tous ces objectifs se cache un d\u00e9sir simple: S\u2019exprimer la projection des sentiments mondains dans la sph\u00e8re spirituelle avec les yeux du c\u0153ur.<\/p>\n","protected":false},"excerpt":{"rendered":"<p>D\u00fcnyan\u0131n ya\u015fanm\u0131\u015f en b\u00fcy\u00fck a\u015fklar\u0131ndan biri de Hz. Hatice ve Hz. Muhammed aras\u0131ndaki a\u015fkt\u0131. Hz. Hatice, peygambere inanan ilk M\u00fcsl\u00fcmand\u0131. Onlar ya\u015fad\u0131klar\u0131 s\u00fcrece sevgi ve inan\u00e7la<span class=\"excerpt-hellip\"> [\u2026]<\/span><\/p>\n","protected":false},"featured_media":0,"template":"","meta":{"_monsterinsights_skip_tracking":false,"_monsterinsights_sitenote_active":false,"_monsterinsights_sitenote_note":"","_monsterinsights_sitenote_category":0},"product_brand":[],"product_cat":[12777,12291],"product_tag":[],"class_list":{"0":"post-757850","1":"product","2":"type-product","3":"status-publish","5":"product_cat-deneme","6":"product_cat-edebiyat","7":"pa_cilt-ciltsiz","8":"pa_tur-kitap","9":"pa_yayinevi-alkun-kitap","10":"pa_yazar-serhat-seker","12":"first","13":"instock","14":"sale","15":"shipping-taxable","16":"purchasable","17":"product-type-simple"},"_links":{"self":[{"href":"https:\/\/roveyayinevi.com.tr\/index.php\/wp-json\/wp\/v2\/product\/757850","targetHints":{"allow":["GET"]}}],"collection":[{"href":"https:\/\/roveyayinevi.com.tr\/index.php\/wp-json\/wp\/v2\/product"}],"about":[{"href":"https:\/\/roveyayinevi.com.tr\/index.php\/wp-json\/wp\/v2\/types\/product"}],"wp:attachment":[{"href":"https:\/\/roveyayinevi.com.tr\/index.php\/wp-json\/wp\/v2\/media?parent=757850"}],"wp:term":[{"taxonomy":"product_brand","embeddable":true,"href":"https:\/\/roveyayinevi.com.tr\/index.php\/wp-json\/wp\/v2\/product_brand?post=757850"},{"taxonomy":"product_cat","embeddable":true,"href":"https:\/\/roveyayinevi.com.tr\/index.php\/wp-json\/wp\/v2\/product_cat?post=757850"},{"taxonomy":"product_tag","embeddable":true,"href":"https:\/\/roveyayinevi.com.tr\/index.php\/wp-json\/wp\/v2\/product_tag?post=757850"}],"curies":[{"name":"wp","href":"https:\/\/api.w.org\/{rel}","templated":true}]}}