{"id":757833,"date":"2025-08-28T07:46:49","date_gmt":"2025-08-28T04:46:49","guid":{"rendered":"https:\/\/roveyayinevi.com.tr\/index.php\/urun\/dort-mevsime-hukumlu\/"},"modified":"2026-04-16T03:10:49","modified_gmt":"2026-04-16T00:10:49","slug":"dort-mevsime-hukumlu","status":"publish","type":"product","link":"https:\/\/roveyayinevi.com.tr\/index.php\/urun\/dort-mevsime-hukumlu\/","title":{"rendered":"D\u00f6rt Mevsime H\u00fck\u00fcml\u00fc"},"content":{"rendered":"<p>\u201cBir Hekimin Kaleminden \u015eiirler\u201d \u00c7i\u00e7ekten kelep\u00e7e takt\u0131n elimeBahar\u0131 g\u00f6nl\u00fcme ekip de gittin.En ince perdeden vurdun telimeBestenin ba\u015f\u0131nda \u00e7ekip de gittin.<\/p>\n","protected":false},"excerpt":{"rendered":"<p>\u201cBir Hekimin Kaleminden \u015eiirler\u201d \u00c7i\u00e7ekten kelep\u00e7e takt\u0131n elimeBahar\u0131 g\u00f6nl\u00fcme ekip de gittin.En ince perdeden vurdun telimeBestenin ba\u015f\u0131nda \u00e7ekip de gittin.<\/p>\n","protected":false},"featured_media":0,"template":"","meta":{"_monsterinsights_skip_tracking":false,"_monsterinsights_sitenote_active":false,"_monsterinsights_sitenote_note":"","_monsterinsights_sitenote_category":0},"product_brand":[],"product_cat":[12291,12509],"product_tag":[],"class_list":{"0":"post-757833","1":"product","2":"type-product","3":"status-publish","5":"product_cat-edebiyat","6":"product_cat-siir","7":"pa_cilt-ciltsiz","8":"pa_tur-kitap","9":"pa_yayinevi-alkun-kitap","10":"pa_yazar-semsi-nur-karabela","12":"first","13":"instock","14":"sale","15":"shipping-taxable","16":"purchasable","17":"product-type-simple"},"_links":{"self":[{"href":"https:\/\/roveyayinevi.com.tr\/index.php\/wp-json\/wp\/v2\/product\/757833","targetHints":{"allow":["GET"]}}],"collection":[{"href":"https:\/\/roveyayinevi.com.tr\/index.php\/wp-json\/wp\/v2\/product"}],"about":[{"href":"https:\/\/roveyayinevi.com.tr\/index.php\/wp-json\/wp\/v2\/types\/product"}],"wp:attachment":[{"href":"https:\/\/roveyayinevi.com.tr\/index.php\/wp-json\/wp\/v2\/media?parent=757833"}],"wp:term":[{"taxonomy":"product_brand","embeddable":true,"href":"https:\/\/roveyayinevi.com.tr\/index.php\/wp-json\/wp\/v2\/product_brand?post=757833"},{"taxonomy":"product_cat","embeddable":true,"href":"https:\/\/roveyayinevi.com.tr\/index.php\/wp-json\/wp\/v2\/product_cat?post=757833"},{"taxonomy":"product_tag","embeddable":true,"href":"https:\/\/roveyayinevi.com.tr\/index.php\/wp-json\/wp\/v2\/product_tag?post=757833"}],"curies":[{"name":"wp","href":"https:\/\/api.w.org\/{rel}","templated":true}]}}