{"id":757832,"date":"2025-08-28T07:46:47","date_gmt":"2025-08-28T04:46:47","guid":{"rendered":"https:\/\/roveyayinevi.com.tr\/index.php\/urun\/halef-diyari-1-kizil-bostan\/"},"modified":"2026-04-16T03:10:49","modified_gmt":"2026-04-16T00:10:49","slug":"halef-diyari-1-kizil-bostan","status":"publish","type":"product","link":"https:\/\/roveyayinevi.com.tr\/index.php\/urun\/halef-diyari-1-kizil-bostan\/","title":{"rendered":"Halef Diyar\u0131 1 &#8211; K\u0131z\u0131l Bostan"},"content":{"rendered":"<p>Nero, terk etti\u011fi ge\u00e7mi\u015fin hayaletlerini ard\u0131nda b\u0131rakmak i\u00e7in s\u00f6z verdiyse de tehlikeli bir yolculu\u011fa \u00e7\u0131kar. Ancak bu yolculuk, onu yaln\u0131zca d\u00fc\u015fmanlarla de\u011fil, yeni bir d\u00fcnyan\u0131n karma\u015fas\u0131yla da kar\u015f\u0131 kar\u015f\u0131ya getirir. Yeni bir k\u0131tan\u0131n keskin k\u0131l\u0131\u00e7lar, entrikalar ve barut kokan sokaklar\u0131nda, hayatta kalmak kadar do\u011fru se\u00e7imleri yapmak da hayati hale gelir. \u0130stenmeyen bir vazife olarak ba\u015flayan yolculuk, k\u0131sa s\u00fcrede bir \u00f6l\u00fcm kal\u0131m m\u00fccadelesine d\u00f6n\u00fc\u015f\u00fcr. H\u0131rsl\u0131 liderlerin komplolar\u0131 ve sava\u015f meydanlar\u0131n\u0131n karga\u015fas\u0131nda, Nero yaln\u0131zca yolda\u015flar\u0131na de\u011fil, zekas\u0131na ve kararl\u0131l\u0131\u011f\u0131na da g\u00fcvenmek zorunda kal\u0131r. Fakat bu bilinmez topraklar, s\u0131radan bir vazifeden fazlas\u0131n\u0131 sunar\u2026 Nero\u2019nun i\u00e7indeki macera tutkusunu canland\u0131r\u0131r ve ona uzun s\u00fcredir unuttu\u011fu bir \u015fey hat\u0131rlat\u0131r, kendi kaderinin demircisi olman\u0131n ne demek oldu\u011funu. Yeni bir k\u0131ta, yeni maceralar ve yeni se\u00e7imler. Ama bunun bedeli ne olacak? <\/p>\n","protected":false},"excerpt":{"rendered":"<p>Nero, terk etti\u011fi ge\u00e7mi\u015fin hayaletlerini ard\u0131nda b\u0131rakmak i\u00e7in s\u00f6z verdiyse de tehlikeli bir yolculu\u011fa \u00e7\u0131kar. Ancak bu yolculuk, onu yaln\u0131zca d\u00fc\u015fmanlarla de\u011fil, yeni bir d\u00fcnyan\u0131n karma\u015fas\u0131yla<span class=\"excerpt-hellip\"> [\u2026]<\/span><\/p>\n","protected":false},"featured_media":0,"template":"","meta":{"_monsterinsights_skip_tracking":false,"_monsterinsights_sitenote_active":false,"_monsterinsights_sitenote_note":"","_monsterinsights_sitenote_category":0},"product_brand":[],"product_cat":[12291,12711],"product_tag":[],"class_list":{"0":"post-757832","1":"product","2":"type-product","3":"status-publish","5":"product_cat-edebiyat","6":"product_cat-roman-oyku","7":"pa_cilt-ciltsiz","8":"pa_tur-kitap","9":"pa_yayinevi-alkun-kitap","10":"pa_yazar-melih-tasci","12":"first","13":"instock","14":"sale","15":"shipping-taxable","16":"purchasable","17":"product-type-simple"},"_links":{"self":[{"href":"https:\/\/roveyayinevi.com.tr\/index.php\/wp-json\/wp\/v2\/product\/757832","targetHints":{"allow":["GET"]}}],"collection":[{"href":"https:\/\/roveyayinevi.com.tr\/index.php\/wp-json\/wp\/v2\/product"}],"about":[{"href":"https:\/\/roveyayinevi.com.tr\/index.php\/wp-json\/wp\/v2\/types\/product"}],"wp:attachment":[{"href":"https:\/\/roveyayinevi.com.tr\/index.php\/wp-json\/wp\/v2\/media?parent=757832"}],"wp:term":[{"taxonomy":"product_brand","embeddable":true,"href":"https:\/\/roveyayinevi.com.tr\/index.php\/wp-json\/wp\/v2\/product_brand?post=757832"},{"taxonomy":"product_cat","embeddable":true,"href":"https:\/\/roveyayinevi.com.tr\/index.php\/wp-json\/wp\/v2\/product_cat?post=757832"},{"taxonomy":"product_tag","embeddable":true,"href":"https:\/\/roveyayinevi.com.tr\/index.php\/wp-json\/wp\/v2\/product_tag?post=757832"}],"curies":[{"name":"wp","href":"https:\/\/api.w.org\/{rel}","templated":true}]}}