{"id":757831,"date":"2025-08-28T07:46:46","date_gmt":"2025-08-28T04:46:46","guid":{"rendered":"https:\/\/roveyayinevi.com.tr\/index.php\/urun\/zerredeki-sir\/"},"modified":"2026-04-16T03:10:49","modified_gmt":"2026-04-16T00:10:49","slug":"zerredeki-sir","status":"publish","type":"product","link":"https:\/\/roveyayinevi.com.tr\/index.php\/urun\/zerredeki-sir\/","title":{"rendered":"Zerredeki S\u0131r"},"content":{"rendered":"<p>&#8220;Kendi zihnim ve olaylar aras\u0131ndaki ili\u015fkiyi, m\u00fcmk\u00fcn olaylar k\u00fcmesindeki g\u00f6zlemler \u00fczerinden nas\u0131l yorumlayabilirim?&#8221;Her m\u00fcmk\u00fcn olaylar k\u00fcmesi, ger\u00e7ekle\u015fmesi belli olas\u0131l\u0131klara sahip de\u011fi\u015fkenler toplulu\u011fu gibi d\u00fc\u015f\u00fcn\u00fcl\u00fcrse, bunlar\u0131n birle\u015fimi de fiziksel d\u00fcnyay\u0131 a\u00e7\u0131klayabilecek bir anlama sahip olabilir mi?&#8221;D\u0131\u015f d\u00fcnyay\u0131 kavrarken, \u00f6\u011frenebilme yetene\u011fimizden daha de\u011ferli, derinlemesine kavramay\u0131 sa\u011flayacak olan \u015fey nedir?\u201d&#8221;Hayat nas\u0131l okunmal\u0131d\u0131r?&#8221;Mutlulu\u011fun; ya\u015fam dinamizminin i\u00e7indeki olaylarda gizli olan anlaml\u0131 i\u015faretlerini yorumlayabilen \u00f6zg\u00fcr ve entelekt\u00fcel zihinlerin kendi y\u00f6neli\u015fleriyle ortaya \u00e7\u0131kt\u0131\u011f\u0131n\u0131 hi\u00e7 d\u00fc\u015f\u00fcnd\u00fcn\u00fcz m\u00fc?&#8221;Zerredeki S\u0131r&#8221;la, mutlulu\u011fun zerre i\u00e7inde sakl\u0131 oldu\u011funu ke\u015ffederek modern bilim ve tasavvufi yans\u0131malarla sentezlenen felsefi bir yolculu\u011fa haz\u0131r m\u0131s\u0131n\u0131z?Zerrenin sonsuz derinli\u011finde sakl\u0131 olan s\u0131r, g\u00f6n\u00fcld\u00fcr.Mutluluk ancak orada hissedilir.<\/p>\n","protected":false},"excerpt":{"rendered":"<p>&#8220;Kendi zihnim ve olaylar aras\u0131ndaki ili\u015fkiyi, m\u00fcmk\u00fcn olaylar k\u00fcmesindeki g\u00f6zlemler \u00fczerinden nas\u0131l yorumlayabilirim?&#8221;Her m\u00fcmk\u00fcn olaylar k\u00fcmesi, ger\u00e7ekle\u015fmesi belli olas\u0131l\u0131klara sahip de\u011fi\u015fkenler toplulu\u011fu gibi d\u00fc\u015f\u00fcn\u00fcl\u00fcrse, bunlar\u0131n birle\u015fimi<span class=\"excerpt-hellip\"> [\u2026]<\/span><\/p>\n","protected":false},"featured_media":0,"template":"","meta":{"_monsterinsights_skip_tracking":false,"_monsterinsights_sitenote_active":false,"_monsterinsights_sitenote_note":"","_monsterinsights_sitenote_category":0},"product_brand":[],"product_cat":[12364,12376],"product_tag":[],"class_list":{"0":"post-757831","1":"product","2":"type-product","3":"status-publish","5":"product_cat-genel-konular","6":"product_cat-kisisel-gelisim","7":"pa_cilt-ciltsiz","8":"pa_tur-kitap","9":"pa_yayinevi-alkun-kitap","10":"pa_yazar-serhat-seker","12":"first","13":"instock","14":"sale","15":"shipping-taxable","16":"purchasable","17":"product-type-simple"},"_links":{"self":[{"href":"https:\/\/roveyayinevi.com.tr\/index.php\/wp-json\/wp\/v2\/product\/757831","targetHints":{"allow":["GET"]}}],"collection":[{"href":"https:\/\/roveyayinevi.com.tr\/index.php\/wp-json\/wp\/v2\/product"}],"about":[{"href":"https:\/\/roveyayinevi.com.tr\/index.php\/wp-json\/wp\/v2\/types\/product"}],"wp:attachment":[{"href":"https:\/\/roveyayinevi.com.tr\/index.php\/wp-json\/wp\/v2\/media?parent=757831"}],"wp:term":[{"taxonomy":"product_brand","embeddable":true,"href":"https:\/\/roveyayinevi.com.tr\/index.php\/wp-json\/wp\/v2\/product_brand?post=757831"},{"taxonomy":"product_cat","embeddable":true,"href":"https:\/\/roveyayinevi.com.tr\/index.php\/wp-json\/wp\/v2\/product_cat?post=757831"},{"taxonomy":"product_tag","embeddable":true,"href":"https:\/\/roveyayinevi.com.tr\/index.php\/wp-json\/wp\/v2\/product_tag?post=757831"}],"curies":[{"name":"wp","href":"https:\/\/api.w.org\/{rel}","templated":true}]}}