{"id":757830,"date":"2025-08-28T07:46:43","date_gmt":"2025-08-28T04:46:43","guid":{"rendered":"https:\/\/roveyayinevi.com.tr\/index.php\/urun\/golgen-suya-dusunce\/"},"modified":"2026-04-16T03:10:49","modified_gmt":"2026-04-16T00:10:49","slug":"golgen-suya-dusunce","status":"publish","type":"product","link":"https:\/\/roveyayinevi.com.tr\/index.php\/urun\/golgen-suya-dusunce\/","title":{"rendered":"G\u00f6lgen Suya D\u00fc\u015f\u00fcnce"},"content":{"rendered":"<p>Kelimeler f\u0131s\u0131ld\u0131yorum Y\u00fcre\u011fimde zapt etti\u011fim s\u00fck\u00fbnete Kulaklar\u0131m\u0131 t\u0131k\u0131yorum Y\u00fcre\u011fimde dalgalanan \u00f6fkeme Kendime g\u00fcl\u00fcms\u00fcyorum bir aynada Bir ba\u015flang\u0131\u00e7 ya da bir d\u00f6n\u00fc\u015f noktas\u0131nda G\u00f6ky\u00fcz\u00fcne b\u0131rakt\u0131\u011f\u0131m u\u00e7urtman\u0131n \u0130plerini kim tutuyor Umutlar\u0131m\u0131 pervas\u0131zl\u0131\u011f\u0131m\u0131 kime f\u0131s\u0131ld\u0131yorum Y\u00fcre\u011finden g\u00fcller koklad\u0131\u011f\u0131m dost Sana da f\u0131s\u0131lt\u0131larla geldim diye Duyuramad\u0131\u011f\u0131m sesimle pi\u015fmanl\u0131k Yolculu\u011funday\u0131m.<\/p>\n","protected":false},"excerpt":{"rendered":"<p>Kelimeler f\u0131s\u0131ld\u0131yorum Y\u00fcre\u011fimde zapt etti\u011fim s\u00fck\u00fbnete Kulaklar\u0131m\u0131 t\u0131k\u0131yorum Y\u00fcre\u011fimde dalgalanan \u00f6fkeme Kendime g\u00fcl\u00fcms\u00fcyorum bir aynada Bir ba\u015flang\u0131\u00e7 ya da bir d\u00f6n\u00fc\u015f noktas\u0131nda G\u00f6ky\u00fcz\u00fcne b\u0131rakt\u0131\u011f\u0131m u\u00e7urtman\u0131n \u0130plerini<span class=\"excerpt-hellip\"> [\u2026]<\/span><\/p>\n","protected":false},"featured_media":0,"template":"","meta":{"_monsterinsights_skip_tracking":false,"_monsterinsights_sitenote_active":false,"_monsterinsights_sitenote_note":"","_monsterinsights_sitenote_category":0},"product_brand":[],"product_cat":[12291,12509],"product_tag":[],"class_list":{"0":"post-757830","1":"product","2":"type-product","3":"status-publish","5":"product_cat-edebiyat","6":"product_cat-siir","7":"pa_cilt-ciltsiz","8":"pa_tur-kitap","9":"pa_yayinevi-alkun-kitap","10":"pa_yazar-birgul-fidan","12":"first","13":"instock","14":"sale","15":"shipping-taxable","16":"purchasable","17":"product-type-simple"},"_links":{"self":[{"href":"https:\/\/roveyayinevi.com.tr\/index.php\/wp-json\/wp\/v2\/product\/757830","targetHints":{"allow":["GET"]}}],"collection":[{"href":"https:\/\/roveyayinevi.com.tr\/index.php\/wp-json\/wp\/v2\/product"}],"about":[{"href":"https:\/\/roveyayinevi.com.tr\/index.php\/wp-json\/wp\/v2\/types\/product"}],"wp:attachment":[{"href":"https:\/\/roveyayinevi.com.tr\/index.php\/wp-json\/wp\/v2\/media?parent=757830"}],"wp:term":[{"taxonomy":"product_brand","embeddable":true,"href":"https:\/\/roveyayinevi.com.tr\/index.php\/wp-json\/wp\/v2\/product_brand?post=757830"},{"taxonomy":"product_cat","embeddable":true,"href":"https:\/\/roveyayinevi.com.tr\/index.php\/wp-json\/wp\/v2\/product_cat?post=757830"},{"taxonomy":"product_tag","embeddable":true,"href":"https:\/\/roveyayinevi.com.tr\/index.php\/wp-json\/wp\/v2\/product_tag?post=757830"}],"curies":[{"name":"wp","href":"https:\/\/api.w.org\/{rel}","templated":true}]}}