{"id":757829,"date":"2025-08-28T07:46:33","date_gmt":"2025-08-28T04:46:33","guid":{"rendered":"https:\/\/roveyayinevi.com.tr\/index.php\/urun\/dilimin-ucunda-kelimeler\/"},"modified":"2026-04-16T03:10:49","modified_gmt":"2026-04-16T00:10:49","slug":"dilimin-ucunda-kelimeler","status":"publish","type":"product","link":"https:\/\/roveyayinevi.com.tr\/index.php\/urun\/dilimin-ucunda-kelimeler\/","title":{"rendered":"Dilimin Ucunda Kelimeler"},"content":{"rendered":"<p>Hayat\u0131n teras\u0131ndan g\u00f6rd\u00fc\u011f\u00fcn\u00fcz manzara, birlikte oldu\u011funuz insanlar\u0131n, i\u00e7inde bulundu\u011funuz durumlar\u0131n resmidir. Bu terasta derin bir nefes alabiliyorsan\u0131z \u015fansl\u0131s\u0131n\u0131z.Do\u011fum ve \u00f6l\u00fcm aras\u0131nda ge\u00e7en hayatta; ka\u00e7 do\u011fuma ve \u00f6l\u00fcme \u015fahit oluyoruz, ka\u00e7 ba\u015flang\u0131\u00e7 ve biti\u015f ya\u015f\u0131yoruz? Mutluluk, sevin\u00e7, kayg\u0131, \u00fcz\u00fcnt\u00fc, korku, ba\u015far\u0131, gurur&#8230; Hepsi bizim i\u00e7in. Hepsi hayat\u0131m\u0131z\u0131n par\u00e7as\u0131. Hi\u00e7biri sonsuz de\u011fil, \u015fekil de\u011fi\u015ftirip ba\u015fkala\u015f\u0131yorlar hayat yolculu\u011funda. Bug\u00fcn senin, yar\u0131n benim, \u00f6b\u00fcr g\u00fcn bir ba\u015fkas\u0131n\u0131n hayat\u0131na misafir oluyor.Herkese verilmi\u015f sadece bir tek hayat var ve herkes kendi hayat\u0131n\u0131n kahraman\u0131.Kendi i\u00e7sel yolculu\u011funda, kalbinden ve zihninden \u00e7\u0131kan sesleri kelimelere d\u00f6k\u00fcyor \u0130lknur Tun\u00e7 bu eserde. Herkesin kendinden, kendi hayat\u0131ndan bir \u015feyler bulabilece\u011fi s\u00f6zc\u00fckler t\u00fcretiyor. Hayat\u0131 dinledi\u011fimiz anlarda ula\u015fabilece\u011fimiz bir fark\u0131ndal\u0131kla, kendi g\u00f6zlemlerinden ve hayat\u0131ndan derledi\u011fi tecr\u00fcbeler ile herkesin hayat\u0131na dokunabilecek bir yol haritas\u0131 sunuyor \u2018Dilimin Ucunda Kelimeler\u2019 ile.<\/p>\n","protected":false},"excerpt":{"rendered":"<p>Hayat\u0131n teras\u0131ndan g\u00f6rd\u00fc\u011f\u00fcn\u00fcz manzara, birlikte oldu\u011funuz insanlar\u0131n, i\u00e7inde bulundu\u011funuz durumlar\u0131n resmidir. Bu terasta derin bir nefes alabiliyorsan\u0131z \u015fansl\u0131s\u0131n\u0131z.Do\u011fum ve \u00f6l\u00fcm aras\u0131nda ge\u00e7en hayatta; ka\u00e7 do\u011fuma ve<span class=\"excerpt-hellip\"> [\u2026]<\/span><\/p>\n","protected":false},"featured_media":0,"template":"","meta":{"_monsterinsights_skip_tracking":false,"_monsterinsights_sitenote_active":false,"_monsterinsights_sitenote_note":"","_monsterinsights_sitenote_category":0},"product_brand":[],"product_cat":[13488],"product_tag":[],"class_list":{"0":"post-757829","1":"product","2":"type-product","3":"status-publish","5":"product_cat-toplum-ve-insan","6":"pa_cilt-ciltsiz","7":"pa_tur-kitap","8":"pa_yayinevi-alkun-kitap","9":"pa_yazar-ilknur-tunc","11":"first","12":"instock","13":"sale","14":"shipping-taxable","15":"purchasable","16":"product-type-simple"},"_links":{"self":[{"href":"https:\/\/roveyayinevi.com.tr\/index.php\/wp-json\/wp\/v2\/product\/757829","targetHints":{"allow":["GET"]}}],"collection":[{"href":"https:\/\/roveyayinevi.com.tr\/index.php\/wp-json\/wp\/v2\/product"}],"about":[{"href":"https:\/\/roveyayinevi.com.tr\/index.php\/wp-json\/wp\/v2\/types\/product"}],"wp:attachment":[{"href":"https:\/\/roveyayinevi.com.tr\/index.php\/wp-json\/wp\/v2\/media?parent=757829"}],"wp:term":[{"taxonomy":"product_brand","embeddable":true,"href":"https:\/\/roveyayinevi.com.tr\/index.php\/wp-json\/wp\/v2\/product_brand?post=757829"},{"taxonomy":"product_cat","embeddable":true,"href":"https:\/\/roveyayinevi.com.tr\/index.php\/wp-json\/wp\/v2\/product_cat?post=757829"},{"taxonomy":"product_tag","embeddable":true,"href":"https:\/\/roveyayinevi.com.tr\/index.php\/wp-json\/wp\/v2\/product_tag?post=757829"}],"curies":[{"name":"wp","href":"https:\/\/api.w.org\/{rel}","templated":true}]}}