{"id":757828,"date":"2025-08-28T07:46:31","date_gmt":"2025-08-28T04:46:31","guid":{"rendered":"https:\/\/roveyayinevi.com.tr\/index.php\/urun\/dus-sevgilim\/"},"modified":"2026-04-16T03:10:49","modified_gmt":"2026-04-16T00:10:49","slug":"dus-sevgilim","status":"publish","type":"product","link":"https:\/\/roveyayinevi.com.tr\/index.php\/urun\/dus-sevgilim\/","title":{"rendered":"D\u00fc\u015f Sevgilim"},"content":{"rendered":"<p>O, daha g\u00fczel yar\u0131nlar i\u00e7inG\u00f6zlerime intihar edenbir edayla bakanVe defalarcaY\u00fcre\u011fine vurularak \u00f6lece\u011fim,Benim en g\u00fczel d\u00fc\u015f sevgilimdi.Hi\u00e7 bilmedi\u011fin yollarda y\u00fcr\u00fcmektir hayat&#8230;Belki de tekam\u00fcl\u00fcn gere\u011fidir;g\u00fclmek,a\u011flamak,Halden anlamayana yolda\u015f olmak,ya\u015famak y\u00fcre\u011fininTa derinliklerinde sevgi ile hissettiklerineHer an patlamayahaz\u0131r bir nova gibi \u0131\u015f\u0131k olmak.Belki ben, sen, biz&#8230;Bizken biz olamamak.Belki hasretin y\u00fczlercek\u0131r\u0131nt\u0131s\u0131n\u0131n birle\u015ferekY\u0131k\u0131lmaz bir da\u011fa d\u00f6n\u00fc\u015ft\u00fc\u011f\u00fc bir andaKahve fal\u0131na bakan o \u00e7ingeneninOryantal g\u00fcl\u00fc\u015f\u00fcnden \u00e7\u0131kano s\u00f6zleri ile o da\u011f\u0131Y\u0131kmaya \u00e7al\u0131\u015ft\u0131\u011f\u0131 dudak alt\u0131 g\u00fcl\u00fc\u015fleridir hayat&#8230;Belki sen, sen de\u011filkenBelki ben, ben de\u011filkenBelki sende ben, bende sen kalm\u0131\u015fken&#8230;Yar\u0131mken, yarken, birkenve \u015fimdi tekken.Belki \u00fc\u015f\u00fcyen bir hayaline gece yar\u0131s\u0131Sokak lambas\u0131 ile dans eden ya\u011fmurlara \u0131sl\u0131k \u00e7alarak\u2018Olmuyor ne yapsam olmuyor&#8217;demektir hayat&#8230;<\/p>\n","protected":false},"excerpt":{"rendered":"<p>O, daha g\u00fczel yar\u0131nlar i\u00e7inG\u00f6zlerime intihar edenbir edayla bakanVe defalarcaY\u00fcre\u011fine vurularak \u00f6lece\u011fim,Benim en g\u00fczel d\u00fc\u015f sevgilimdi.Hi\u00e7 bilmedi\u011fin yollarda y\u00fcr\u00fcmektir hayat&#8230;Belki de tekam\u00fcl\u00fcn gere\u011fidir;g\u00fclmek,a\u011flamak,Halden anlamayana yolda\u015f olmak,ya\u015famak<span class=\"excerpt-hellip\"> [\u2026]<\/span><\/p>\n","protected":false},"featured_media":0,"template":"","meta":{"_monsterinsights_skip_tracking":false,"_monsterinsights_sitenote_active":false,"_monsterinsights_sitenote_note":"","_monsterinsights_sitenote_category":0},"product_brand":[],"product_cat":[12291,12509],"product_tag":[],"class_list":{"0":"post-757828","1":"product","2":"type-product","3":"status-publish","5":"product_cat-edebiyat","6":"product_cat-siir","7":"pa_cilt-ciltsiz","8":"pa_tur-kitap","9":"pa_yayinevi-alkun-kitap","10":"pa_yazar-yeliz-gunbat","12":"first","13":"instock","14":"sale","15":"shipping-taxable","16":"purchasable","17":"product-type-simple"},"_links":{"self":[{"href":"https:\/\/roveyayinevi.com.tr\/index.php\/wp-json\/wp\/v2\/product\/757828","targetHints":{"allow":["GET"]}}],"collection":[{"href":"https:\/\/roveyayinevi.com.tr\/index.php\/wp-json\/wp\/v2\/product"}],"about":[{"href":"https:\/\/roveyayinevi.com.tr\/index.php\/wp-json\/wp\/v2\/types\/product"}],"wp:attachment":[{"href":"https:\/\/roveyayinevi.com.tr\/index.php\/wp-json\/wp\/v2\/media?parent=757828"}],"wp:term":[{"taxonomy":"product_brand","embeddable":true,"href":"https:\/\/roveyayinevi.com.tr\/index.php\/wp-json\/wp\/v2\/product_brand?post=757828"},{"taxonomy":"product_cat","embeddable":true,"href":"https:\/\/roveyayinevi.com.tr\/index.php\/wp-json\/wp\/v2\/product_cat?post=757828"},{"taxonomy":"product_tag","embeddable":true,"href":"https:\/\/roveyayinevi.com.tr\/index.php\/wp-json\/wp\/v2\/product_tag?post=757828"}],"curies":[{"name":"wp","href":"https:\/\/api.w.org\/{rel}","templated":true}]}}