{"id":757827,"date":"2025-08-28T07:46:30","date_gmt":"2025-08-28T04:46:30","guid":{"rendered":"https:\/\/roveyayinevi.com.tr\/index.php\/urun\/koy-enstitulu-ogretmenler\/"},"modified":"2026-04-16T03:10:49","modified_gmt":"2026-04-16T00:10:49","slug":"koy-enstitulu-ogretmenler","status":"publish","type":"product","link":"https:\/\/roveyayinevi.com.tr\/index.php\/urun\/koy-enstitulu-ogretmenler\/","title":{"rendered":"K\u00f6y Enstit\u00fcl\u00fc \u00d6\u011fretmenler"},"content":{"rendered":"<p>S\u00f6zl\u00fc tarih \u00e7al\u0131\u015fmas\u0131 ile haz\u0131rlanan K\u00f6y Enstit\u00fcl\u00fc \u00d6\u011fretmenler-Mesleki Deneyimleri ve Me\u015fhurlar\u0131n Anlat\u0131lar\u0131 isimli bu eserde, enstit\u00fcl\u00fc \u00f6\u011fretmenlerin anlat\u0131lar\u0131 analiz edilip yorumlanm\u0131\u015f ve baz\u0131 k\u00f6y enstit\u00fcl\u00fc me\u015fhur \u00f6\u011fretmenlerin anlat\u0131lar\u0131 yine mesleki deneyimlerine vurgu yap\u0131larak birebir verilmi\u015ftir. Mahmut Makal, Talip Apayd\u0131n, Cavit Binba\u015f\u0131o\u011flu, Turgut Kavraal vb. tan\u0131klar, hem mesleki deneyimlerini payla\u015fm\u0131\u015flar hem de tan\u0131kl\u0131klar\u0131yla bir d\u00f6nemin toplumsal tarihine \u0131\u015f\u0131k tutarken k\u00f6y enstit\u00fclerinin e\u011fitim felsefesini yans\u0131tm\u0131\u015flard\u0131r. Onlar\u0131n anlat\u0131lar\u0131, tan\u0131kl\u0131k veya ya\u015fanm\u0131\u015fl\u0131klar\u0131 belli bir zaman diliminden sonra tarih ve mesleki deneyimlerinin s\u00fczgecinden ge\u00e7en se\u00e7melerdir.K\u00f6y enstit\u00fcl\u00fc \u00f6\u011fretmenlerin yans\u0131tt\u0131\u011f\u0131 \u201cyaparak ya\u015fayarak \u00f6\u011frenme\u201d, \u201ckendi kendine \u00f6\u011frenme\u201d, \u201cg\u00f6sterip yapt\u0131rarak \u00f6\u011frenme\u201d, \u201cdeney ve g\u00f6zlem yoluyla \u00f6\u011frenme\u201d, \u201c\u00e7ocuktan hareket ederek \u00f6\u011frenme\u201d gibi \u00f6zellikler s\u00f6ylem olarak belki de bug\u00fcnk\u00fc \u00e7a\u011fda\u015f e\u011fitimin arzulad\u0131\u011f\u0131 \u00f6zelliklerdir. K\u00f6y enstit\u00fcl\u00fc \u00f6\u011fretmenlerin uygulamaya d\u00f6n\u00fck bu \u00f6rnek anlat\u0131lar\u0131 genel okuyucu kitlesi i\u00e7inde hem \u00f6\u011fretmenler hem de \u00f6\u011fretmen e\u011fitimi g\u00f6ren adaylar i\u00e7in yararlan\u0131labilecek nitelikteki tan\u0131kl\u0131klard\u0131r.<\/p>\n","protected":false},"excerpt":{"rendered":"<p>S\u00f6zl\u00fc tarih \u00e7al\u0131\u015fmas\u0131 ile haz\u0131rlanan K\u00f6y Enstit\u00fcl\u00fc \u00d6\u011fretmenler-Mesleki Deneyimleri ve Me\u015fhurlar\u0131n Anlat\u0131lar\u0131 isimli bu eserde, enstit\u00fcl\u00fc \u00f6\u011fretmenlerin anlat\u0131lar\u0131 analiz edilip yorumlanm\u0131\u015f ve baz\u0131 k\u00f6y enstit\u00fcl\u00fc me\u015fhur<span class=\"excerpt-hellip\"> [\u2026]<\/span><\/p>\n","protected":false},"featured_media":0,"template":"","meta":{"_monsterinsights_skip_tracking":false,"_monsterinsights_sitenote_active":false,"_monsterinsights_sitenote_note":"","_monsterinsights_sitenote_category":0},"product_brand":[],"product_cat":[12304],"product_tag":[],"class_list":{"0":"post-757827","1":"product","2":"type-product","3":"status-publish","5":"product_cat-tarih","6":"pa_cilt-ciltsiz","7":"pa_tur-kitap","8":"pa_yayinevi-alkun-kitap","9":"pa_yazar-selcuk-uygun","11":"first","12":"instock","13":"sale","14":"shipping-taxable","15":"purchasable","16":"product-type-simple"},"_links":{"self":[{"href":"https:\/\/roveyayinevi.com.tr\/index.php\/wp-json\/wp\/v2\/product\/757827","targetHints":{"allow":["GET"]}}],"collection":[{"href":"https:\/\/roveyayinevi.com.tr\/index.php\/wp-json\/wp\/v2\/product"}],"about":[{"href":"https:\/\/roveyayinevi.com.tr\/index.php\/wp-json\/wp\/v2\/types\/product"}],"wp:attachment":[{"href":"https:\/\/roveyayinevi.com.tr\/index.php\/wp-json\/wp\/v2\/media?parent=757827"}],"wp:term":[{"taxonomy":"product_brand","embeddable":true,"href":"https:\/\/roveyayinevi.com.tr\/index.php\/wp-json\/wp\/v2\/product_brand?post=757827"},{"taxonomy":"product_cat","embeddable":true,"href":"https:\/\/roveyayinevi.com.tr\/index.php\/wp-json\/wp\/v2\/product_cat?post=757827"},{"taxonomy":"product_tag","embeddable":true,"href":"https:\/\/roveyayinevi.com.tr\/index.php\/wp-json\/wp\/v2\/product_tag?post=757827"}],"curies":[{"name":"wp","href":"https:\/\/api.w.org\/{rel}","templated":true}]}}