{"id":757826,"date":"2025-08-28T07:46:29","date_gmt":"2025-08-28T04:46:29","guid":{"rendered":"https:\/\/roveyayinevi.com.tr\/index.php\/urun\/sira-sende\/"},"modified":"2026-04-16T03:10:49","modified_gmt":"2026-04-16T00:10:49","slug":"sira-sende","status":"publish","type":"product","link":"https:\/\/roveyayinevi.com.tr\/index.php\/urun\/sira-sende\/","title":{"rendered":"S\u0131ra Sende"},"content":{"rendered":"<p>Ki\u015fisel geli\u015fim kitaplar\u0131n\u0131n olduk\u00e7a \u00f6tesinde bir kitap S\u0131ra Sende. S\u0131rr\u0131 ise yazar\u0131n kendi tabirinde sakl\u0131: Bu kitap sadece ki\u015fisel geli\u015fim kitab\u0131 de\u011fil, ki\u015fisel eri\u015fim kitab\u0131d\u0131r. Sizi ula\u015fmak istedi\u011finiz hedefe eri\u015ftirmek i\u00e7in kaleme al\u0131nm\u0131\u015ft\u0131r.Al\u0131\u015fkanl\u0131klar\u0131n de\u011fi\u015ftirilmesi ve kendini tan\u0131man\u0131n bireyi hedefe ula\u015ft\u0131ran en \u00f6nemli ara\u00e7 olarak yorumlayan yazar, \u00f6nce hayat\u0131n karma\u015fas\u0131nda silinen hayallerimizi yeniden hat\u0131rlat\u0131yor sonra da ad\u0131m ad\u0131m hedefe ula\u015fmak i\u00e7in izlenecek yolu g\u00f6steriyor. Sonu\u00e7 mu? Bir \u015fey imkans\u0131zsa imkan sizsiniz.\u0130\u015fte hayat\u0131n\u0131z\u0131n yeni motto\u2019su.<\/p>\n","protected":false},"excerpt":{"rendered":"<p>Ki\u015fisel geli\u015fim kitaplar\u0131n\u0131n olduk\u00e7a \u00f6tesinde bir kitap S\u0131ra Sende. S\u0131rr\u0131 ise yazar\u0131n kendi tabirinde sakl\u0131: Bu kitap sadece ki\u015fisel geli\u015fim kitab\u0131 de\u011fil, ki\u015fisel eri\u015fim kitab\u0131d\u0131r. Sizi<span class=\"excerpt-hellip\"> [\u2026]<\/span><\/p>\n","protected":false},"featured_media":0,"template":"","meta":{"_monsterinsights_skip_tracking":false,"_monsterinsights_sitenote_active":false,"_monsterinsights_sitenote_note":"","_monsterinsights_sitenote_category":0},"product_brand":[],"product_cat":[12364,12376],"product_tag":[],"class_list":{"0":"post-757826","1":"product","2":"type-product","3":"status-publish","5":"product_cat-genel-konular","6":"product_cat-kisisel-gelisim","7":"pa_cilt-ciltsiz","8":"pa_tur-kitap","9":"pa_yayinevi-alkun-kitap","10":"pa_yazar-nuri-ince","12":"first","13":"instock","14":"sale","15":"shipping-taxable","16":"purchasable","17":"product-type-simple"},"_links":{"self":[{"href":"https:\/\/roveyayinevi.com.tr\/index.php\/wp-json\/wp\/v2\/product\/757826","targetHints":{"allow":["GET"]}}],"collection":[{"href":"https:\/\/roveyayinevi.com.tr\/index.php\/wp-json\/wp\/v2\/product"}],"about":[{"href":"https:\/\/roveyayinevi.com.tr\/index.php\/wp-json\/wp\/v2\/types\/product"}],"wp:attachment":[{"href":"https:\/\/roveyayinevi.com.tr\/index.php\/wp-json\/wp\/v2\/media?parent=757826"}],"wp:term":[{"taxonomy":"product_brand","embeddable":true,"href":"https:\/\/roveyayinevi.com.tr\/index.php\/wp-json\/wp\/v2\/product_brand?post=757826"},{"taxonomy":"product_cat","embeddable":true,"href":"https:\/\/roveyayinevi.com.tr\/index.php\/wp-json\/wp\/v2\/product_cat?post=757826"},{"taxonomy":"product_tag","embeddable":true,"href":"https:\/\/roveyayinevi.com.tr\/index.php\/wp-json\/wp\/v2\/product_tag?post=757826"}],"curies":[{"name":"wp","href":"https:\/\/api.w.org\/{rel}","templated":true}]}}