{"id":757824,"date":"2025-08-28T07:46:26","date_gmt":"2025-08-28T04:46:26","guid":{"rendered":"https:\/\/roveyayinevi.com.tr\/index.php\/urun\/muhtasar-surmene-tarihi\/"},"modified":"2026-04-16T03:10:49","modified_gmt":"2026-04-16T00:10:49","slug":"muhtasar-surmene-tarihi","status":"publish","type":"product","link":"https:\/\/roveyayinevi.com.tr\/index.php\/urun\/muhtasar-surmene-tarihi\/","title":{"rendered":"Muhtasar S\u00fcrmene Tarihi"},"content":{"rendered":"<p>S\u00fcrmene, Trabzon ve Rize illerinin tam ortas\u0131nda, Karadeniz\u2019in en i\u00e7 b\u00f6lgesinde yer alan kadim bir \u015fehir. \u00d6n\u00fcnde Karadeniz\u2019in h\u0131r\u00e7\u0131n dalgalar\u0131, arkas\u0131nda a\u015f\u0131lmaz da\u011flar. S\u0131rt\u0131n\u0131 bu g\u00f6rkemli da\u011flara vermi\u015f; sert, mert ve ha\u015fin co\u011frafyan\u0131n, yi\u011fit insanlar\u0131n \u015fehri. Kay\u0131tlardaki en eski tarihleme \u00fc\u00e7 bin y\u0131l\u0131 a\u015fsa bile b\u00f6lge tarihini bu tarihten birka\u00e7 bin y\u0131l \u00f6tesine g\u00f6t\u00fcrebiliriz. Bu \u00e7al\u0131\u015fma \u00f6zelinde Sekb\u00e2nz\u00e2de ailesini tan\u0131tmakta olup kapsam\u0131 bak\u0131m\u0131ndan t\u00fcm S\u00fcrmene\u2019yi, bu g\u00fczel beldeyi vatan k\u0131lan atalar\u0131m\u0131z\u0131n hayatlar\u0131nda ya\u015fad\u0131\u011f\u0131 m\u00fccadeleleri de anlatmaktad\u0131r. Bir ailenin tarihinden s\u0131ras\u0131yla belde, b\u00f6lge ve bir \u00fclkenin tarihine uzanan tarihi ser\u00fcveni bu \u00e7al\u0131\u015fmada bulacaks\u0131n\u0131z.<\/p>\n","protected":false},"excerpt":{"rendered":"<p>S\u00fcrmene, Trabzon ve Rize illerinin tam ortas\u0131nda, Karadeniz\u2019in en i\u00e7 b\u00f6lgesinde yer alan kadim bir \u015fehir. \u00d6n\u00fcnde Karadeniz\u2019in h\u0131r\u00e7\u0131n dalgalar\u0131, arkas\u0131nda a\u015f\u0131lmaz da\u011flar. S\u0131rt\u0131n\u0131 bu g\u00f6rkemli<span class=\"excerpt-hellip\"> [\u2026]<\/span><\/p>\n","protected":false},"featured_media":0,"template":"","meta":{"_monsterinsights_skip_tracking":false,"_monsterinsights_sitenote_active":false,"_monsterinsights_sitenote_note":"","_monsterinsights_sitenote_category":0},"product_brand":[],"product_cat":[12304],"product_tag":[],"class_list":{"0":"post-757824","1":"product","2":"type-product","3":"status-publish","5":"product_cat-tarih","6":"pa_cilt-ciltli","7":"pa_tur-kitap","8":"pa_yayinevi-aktif-yayinevi","9":"pa_yazar-dundar-alikilic","10":"pa_yazar-selcuk-sekban","12":"first","13":"instock","14":"sale","15":"shipping-taxable","16":"purchasable","17":"product-type-simple"},"_links":{"self":[{"href":"https:\/\/roveyayinevi.com.tr\/index.php\/wp-json\/wp\/v2\/product\/757824","targetHints":{"allow":["GET"]}}],"collection":[{"href":"https:\/\/roveyayinevi.com.tr\/index.php\/wp-json\/wp\/v2\/product"}],"about":[{"href":"https:\/\/roveyayinevi.com.tr\/index.php\/wp-json\/wp\/v2\/types\/product"}],"wp:attachment":[{"href":"https:\/\/roveyayinevi.com.tr\/index.php\/wp-json\/wp\/v2\/media?parent=757824"}],"wp:term":[{"taxonomy":"product_brand","embeddable":true,"href":"https:\/\/roveyayinevi.com.tr\/index.php\/wp-json\/wp\/v2\/product_brand?post=757824"},{"taxonomy":"product_cat","embeddable":true,"href":"https:\/\/roveyayinevi.com.tr\/index.php\/wp-json\/wp\/v2\/product_cat?post=757824"},{"taxonomy":"product_tag","embeddable":true,"href":"https:\/\/roveyayinevi.com.tr\/index.php\/wp-json\/wp\/v2\/product_tag?post=757824"}],"curies":[{"name":"wp","href":"https:\/\/api.w.org\/{rel}","templated":true}]}}