{"id":757820,"date":"2025-08-28T07:46:21","date_gmt":"2025-08-28T04:46:21","guid":{"rendered":"https:\/\/roveyayinevi.com.tr\/index.php\/urun\/dini-deliller-ve-mezhepler\/"},"modified":"2026-04-16T03:10:49","modified_gmt":"2026-04-16T00:10:49","slug":"dini-deliller-ve-mezhepler","status":"publish","type":"product","link":"https:\/\/roveyayinevi.com.tr\/index.php\/urun\/dini-deliller-ve-mezhepler\/","title":{"rendered":"Dini Deliller Ve Mezhepler"},"content":{"rendered":"<p>G\u00fcn\u00fcm\u00fczde teknolojideki h\u0131zl\u0131 geli\u015fmeler, her alanda oldu\u011fu gibi bilgiye ula\u015fma alan\u0131nda da insanlara bir\u00e7ok imk\u00e2nlar sunmu\u015ftur. Herhangi bir konuda, do\u011fru ya da yanl\u0131\u015f bilgiye ula\u015fmak \u00e7ok kolayla\u015fm\u0131\u015f, buna ba\u011fl\u0131 olarak haddinden fazla bilgi kirlili\u011fi olu\u015fmu\u015f ve do\u011fru bilgiyi se\u00e7ebilmek olduk\u00e7a zorla\u015fm\u0131\u015ft\u0131r. Di\u011fer taraftan temel ilmi kitaplara dayal\u0131 ilim tahsili b\u00fcy\u00fck nispetle ortadan kalkm\u0131\u015f; ilim \u00f6\u011frenme yerini televizyon, internet siteleri ve di\u011fer ileti\u015fim ara\u00e7lar\u0131 vas\u0131tas\u0131yla malumat edinmeye b\u0131rakm\u0131\u015ft\u0131r. Fikri yap\u0131s\u0131 bozuk \u00e7evreler ise bu durumu \u00e7ok iyi de\u011ferlendirerek, \u0130slamiyet\u2019in temel de\u011ferlerini ortadan kald\u0131rmak, en az\u0131ndan de\u011fersizle\u015ftirmek i\u00e7in g\u00fcn\u00fcm\u00fcz\u00fcn ileti\u015fim ara\u00e7lar\u0131n\u0131 kapsaml\u0131 bir \u015fekilde kullanarak, insanlar\u0131 yan\u0131lt\u0131c\u0131 faaliyetlerine h\u0131zl\u0131 bir \u015fekilde devam etmektedirler. Bu kitapta, toplumun \u0130slam dininin temel delilleri ve mezhepler hakk\u0131nda do\u011fru bilgi sahibi olarak, yanl\u0131\u015f fikirlerini topluma aktarmaya \u00e7al\u0131\u015fan ki\u015fi ya da kurulu\u015flar\u0131n etkisinden kurtarmak ama\u00e7lanm\u0131\u015ft\u0131r. Kitapta yorumlara fazla yer verilmemi\u015f, dini delillere ve mezheplerle ilgili her insan\u0131n bilmesi gereken temel kavramlar\u0131 kapsayan bilgiler, ilmi ger\u00e7ekler \u0131\u015f\u0131\u011f\u0131nda anlat\u0131l\u0131rken e\u011fitim ilkeleri de dikkate al\u0131narak, toplumun t\u00fcm fertlerinin faydalanaca\u011f\u0131 bir d\u00fczeyde anlat\u0131lmaya \u00e7al\u0131\u015f\u0131lm\u0131\u015ft\u0131r.<\/p>\n","protected":false},"excerpt":{"rendered":"<p>G\u00fcn\u00fcm\u00fczde teknolojideki h\u0131zl\u0131 geli\u015fmeler, her alanda oldu\u011fu gibi bilgiye ula\u015fma alan\u0131nda da insanlara bir\u00e7ok imk\u00e2nlar sunmu\u015ftur. Herhangi bir konuda, do\u011fru ya da yanl\u0131\u015f bilgiye ula\u015fmak \u00e7ok<span class=\"excerpt-hellip\"> [\u2026]<\/span><\/p>\n","protected":false},"featured_media":0,"template":"","meta":{"_monsterinsights_skip_tracking":false,"_monsterinsights_sitenote_active":false,"_monsterinsights_sitenote_note":"","_monsterinsights_sitenote_category":0},"product_brand":[],"product_cat":[12718,12719],"product_tag":[],"class_list":{"0":"post-757820","1":"product","2":"type-product","3":"status-publish","5":"product_cat-din","6":"product_cat-islam","7":"pa_cilt-ciltsiz","8":"pa_tur-kitap","9":"pa_yayinevi-aktif-yayinevi","10":"pa_yazar-nuh-temiz","12":"first","13":"instock","14":"sale","15":"shipping-taxable","16":"purchasable","17":"product-type-simple"},"_links":{"self":[{"href":"https:\/\/roveyayinevi.com.tr\/index.php\/wp-json\/wp\/v2\/product\/757820","targetHints":{"allow":["GET"]}}],"collection":[{"href":"https:\/\/roveyayinevi.com.tr\/index.php\/wp-json\/wp\/v2\/product"}],"about":[{"href":"https:\/\/roveyayinevi.com.tr\/index.php\/wp-json\/wp\/v2\/types\/product"}],"wp:attachment":[{"href":"https:\/\/roveyayinevi.com.tr\/index.php\/wp-json\/wp\/v2\/media?parent=757820"}],"wp:term":[{"taxonomy":"product_brand","embeddable":true,"href":"https:\/\/roveyayinevi.com.tr\/index.php\/wp-json\/wp\/v2\/product_brand?post=757820"},{"taxonomy":"product_cat","embeddable":true,"href":"https:\/\/roveyayinevi.com.tr\/index.php\/wp-json\/wp\/v2\/product_cat?post=757820"},{"taxonomy":"product_tag","embeddable":true,"href":"https:\/\/roveyayinevi.com.tr\/index.php\/wp-json\/wp\/v2\/product_tag?post=757820"}],"curies":[{"name":"wp","href":"https:\/\/api.w.org\/{rel}","templated":true}]}}